{"id":8178,"date":"2025-04-03T16:52:18","date_gmt":"2025-04-03T14:52:18","guid":{"rendered":"https:\/\/gadex.es\/?page_id=8178"},"modified":"2025-12-15T16:24:23","modified_gmt":"2025-12-15T15:24:23","slug":"psicolegs-sant-cugat","status":"publish","type":"page","link":"https:\/\/gadex.es\/ca\/psicolegs-sant-cugat\/","title":{"rendered":"Psic\u00f2legs Sant Cugat"},"content":{"rendered":"<style>.kb-row-layout-wrap.wp-block-kadence-rowlayout.kb-row-layout-id8178_7274f2-4d{margin-bottom:0px;}.kb-row-layout-id8178_7274f2-4d > .kt-row-column-wrap{align-content:start;}:where(.kb-row-layout-id8178_7274f2-4d > .kt-row-column-wrap) > .wp-block-kadence-column{justify-content:start;}.kb-row-layout-id8178_7274f2-4d > .kt-row-column-wrap{column-gap:var(--global-kb-gap-md, 2rem);row-gap:var(--global-kb-gap-md, 2rem);padding-top:var(--global-kb-spacing-sm, 1.5rem);padding-bottom:var(--global-kb-spacing-sm, 1.5rem);grid-template-columns:repeat(2, minmax(0, 1fr));}.kb-row-layout-id8178_7274f2-4d > .kt-row-layout-overlay{opacity:0.30;}@media all and (max-width: 1024px){.kb-row-layout-id8178_7274f2-4d > .kt-row-column-wrap{grid-template-columns:repeat(2, minmax(0, 1fr));}}@media all and (max-width: 767px){.kb-row-layout-id8178_7274f2-4d > .kt-row-column-wrap{grid-template-columns:minmax(0, 1fr);}}<\/style><div class=\"kb-row-layout-wrap kb-row-layout-id8178_7274f2-4d alignnone wp-block-kadence-rowlayout\"><div class=\"kt-row-column-wrap kt-has-2-columns kt-row-layout-equal kt-tab-layout-inherit kt-mobile-layout-row kt-row-valign-top\">\n<style>.kadence-column8178_40884a-ee > .kt-inside-inner-col,.kadence-column8178_40884a-ee > .kt-inside-inner-col:before{border-top-left-radius:0px;border-top-right-radius:0px;border-bottom-right-radius:0px;border-bottom-left-radius:0px;}.kadence-column8178_40884a-ee > .kt-inside-inner-col{column-gap:var(--global-kb-gap-sm, 1rem);}.kadence-column8178_40884a-ee > .kt-inside-inner-col{flex-direction:column;}.kadence-column8178_40884a-ee > .kt-inside-inner-col > .aligncenter{width:100%;}.kadence-column8178_40884a-ee > .kt-inside-inner-col:before{opacity:0.3;}.kadence-column8178_40884a-ee{position:relative;}@media all and (max-width: 1024px){.kadence-column8178_40884a-ee > .kt-inside-inner-col{flex-direction:column;justify-content:center;}}@media all and (max-width: 767px){.kadence-column8178_40884a-ee > .kt-inside-inner-col{flex-direction:column;justify-content:center;}}<\/style>\n<div class=\"wp-block-kadence-column kadence-column8178_40884a-ee\"><div class=\"kt-inside-inner-col\">\n<h2 class=\"gb-headline gb-headline-santcugat-h1\"><span class=\"gb-icon\"><svg aria-hidden=\"true\" height=\"1em\" width=\"1em\" viewBox=\"0 0 256 512\" xmlns=\"http:\/\/www.w3.org\/2000\/svg\"><path fill=\"currentColor\" d=\"M224.3 273l-136 136c-9.4 9.4-24.6 9.4-33.9 0l-22.6-22.6c-9.4-9.4-9.4-24.6 0-33.9l96.4-96.4-96.4-96.4c-9.4-9.4-9.4-24.6 0-33.9L54.3 103c9.4-9.4 24.6-9.4 33.9 0l136 136c9.5 9.4 9.5 24.6.1 34z\"><\/path><\/svg><\/span><span class=\"gb-headline-text\">Psic\u00f2legs Sant Cugat &#8211; GADEX<\/span><\/h2>\n\n\n\n<p>P<strong>sic\u00f2legs  Sant Cuga<\/strong>t amb una \u00e0mplia experi\u00e8ncia en psicologia cl\u00ednica. Oferim tractaments personalitzats per millorar el benestar emocional d&#8217;adults, adolescents, parelles i fam\u00edlies. Si busques un <strong>centre de psicologia Sant Cugat <\/strong>que t&#8217;acompanyi en el proc\u00e9s terap\u00e8utic, som aqu\u00ed per ajudar-te.<\/p>\n<\/div><\/div>\n\n\n<style>.kadence-column8178_f66e2c-4c > .kt-inside-inner-col,.kadence-column8178_f66e2c-4c > .kt-inside-inner-col:before{border-top-left-radius:0px;border-top-right-radius:0px;border-bottom-right-radius:0px;border-bottom-left-radius:0px;}.kadence-column8178_f66e2c-4c > .kt-inside-inner-col{column-gap:var(--global-kb-gap-sm, 1rem);}.kadence-column8178_f66e2c-4c > .kt-inside-inner-col{flex-direction:column;}.kadence-column8178_f66e2c-4c > .kt-inside-inner-col > .aligncenter{width:100%;}.kadence-column8178_f66e2c-4c > .kt-inside-inner-col:before{opacity:0.3;}.kadence-column8178_f66e2c-4c{position:relative;}@media all and (max-width: 1024px){.kadence-column8178_f66e2c-4c > .kt-inside-inner-col{flex-direction:column;justify-content:center;}}@media all and (max-width: 767px){.kadence-column8178_f66e2c-4c > .kt-inside-inner-col{flex-direction:column;justify-content:center;}}<\/style>\n<div class=\"wp-block-kadence-column kadence-column8178_f66e2c-4c\"><div class=\"kt-inside-inner-col\"><style>.kb-image8178_9a929f-5f .kb-image-has-overlay:after{opacity:0.3;}<\/style>\n<figure class=\"wp-block-kadence-image kb-image8178_9a929f-5f size-full\"><img loading=\"lazy\" decoding=\"async\" width=\"1000\" height=\"665\" src=\"https:\/\/gadex.es\/wp-content\/uploads\/2025\/11\/psicologos-sant-cugat.jpg\" alt=\"Terapia de psicolog\u00eda en Sant Cugat del Vall\u00e9s\" class=\"kb-img wp-image-8744 no-visual-search-edge\" srcset=\"https:\/\/gadex.es\/wp-content\/uploads\/2025\/11\/psicologos-sant-cugat.jpg 1000w, https:\/\/gadex.es\/wp-content\/uploads\/2025\/11\/psicologos-sant-cugat-300x200.jpg 300w, https:\/\/gadex.es\/wp-content\/uploads\/2025\/11\/psicologos-sant-cugat-768x511.jpg 768w\" sizes=\"auto, (max-width: 1000px) 100vw, 1000px\" \/><\/figure>\n<\/div><\/div>\n\n<\/div><\/div>\n\n<style>.kb-row-layout-wrap.wp-block-kadence-rowlayout.kb-row-layout-id8178_8c56f7-2e{margin-bottom:0px;}.kb-row-layout-id8178_8c56f7-2e > .kt-row-column-wrap{align-content:start;}:where(.kb-row-layout-id8178_8c56f7-2e > .kt-row-column-wrap) > .wp-block-kadence-column{justify-content:start;}.kb-row-layout-id8178_8c56f7-2e > .kt-row-column-wrap{column-gap:var(--global-kb-gap-md, 2rem);row-gap:var(--global-kb-gap-md, 2rem);max-width:1200px;padding-top:var(--global-kb-spacing-sm, 1.5rem);padding-bottom:var(--global-kb-spacing-sm, 1.5rem);grid-template-columns:repeat(2, minmax(0, 1fr));}.kb-row-layout-id8178_8c56f7-2e > .kt-row-layout-overlay{opacity:0.30;}@media all and (max-width: 1024px){.kb-row-layout-id8178_8c56f7-2e > .kt-row-column-wrap{grid-template-columns:repeat(2, minmax(0, 1fr));}}@media all and (max-width: 767px){.kb-row-layout-id8178_8c56f7-2e > .kt-row-column-wrap{grid-template-columns:minmax(0, 1fr);}}<\/style><div class=\"kb-row-layout-wrap kb-row-layout-id8178_8c56f7-2e alignfull has-base-2-background-color kt-row-has-bg wp-block-kadence-rowlayout\"><div class=\"kt-row-column-wrap kt-has-2-columns kt-row-layout-equal kt-tab-layout-inherit kt-mobile-layout-row kt-row-valign-top kb-theme-content-width\">\n<style>.kadence-column8178_94c4e7-22 > .kt-inside-inner-col,.kadence-column8178_94c4e7-22 > .kt-inside-inner-col:before{border-top-left-radius:0px;border-top-right-radius:0px;border-bottom-right-radius:0px;border-bottom-left-radius:0px;}.kadence-column8178_94c4e7-22 > .kt-inside-inner-col{column-gap:var(--global-kb-gap-sm, 1rem);}.kadence-column8178_94c4e7-22 > .kt-inside-inner-col{flex-direction:column;}.kadence-column8178_94c4e7-22 > .kt-inside-inner-col > .aligncenter{width:100%;}.kadence-column8178_94c4e7-22 > .kt-inside-inner-col:before{opacity:0.3;}.kadence-column8178_94c4e7-22{position:relative;}@media all and (max-width: 1024px){.kadence-column8178_94c4e7-22 > .kt-inside-inner-col{flex-direction:column;justify-content:center;}}@media all and (max-width: 767px){.kadence-column8178_94c4e7-22 > .kt-inside-inner-col{flex-direction:column;justify-content:center;}}<\/style>\n<div class=\"wp-block-kadence-column kadence-column8178_94c4e7-22\"><div class=\"kt-inside-inner-col\">\n<h2 class=\"gb-headline gb-headline-santcugat-h2-centro gb-headline-text\">Centre de Psicologia a Sant Cugat<\/h2>\n\n\n\n<p>Al nostre <strong>centre psicol\u00f2gic Sant Cugat<\/strong>, tractem s\u00edmptomes com ansietat, estr\u00e8s, depressi\u00f3 i conflictes personals o de parella. Ens adaptem a cada cas amb un enfocament integrador i professional.<\/p>\n\n\n\n<p>Combinem ter\u00e0pies com la<strong> psicologia cognitivo-conductual<\/strong>, l&#8217;enfocament humanista, la psicoan\u00e0lisi i el psicodiagn\u00f2stic cl\u00ednic. Cada tractament s\u02bbajusta a les necessitats del pacient.<\/p>\n<\/div><\/div>\n\n\n<style>.kadence-column8178_5e14b2-d1 > .kt-inside-inner-col,.kadence-column8178_5e14b2-d1 > .kt-inside-inner-col:before{border-top-left-radius:0px;border-top-right-radius:0px;border-bottom-right-radius:0px;border-bottom-left-radius:0px;}.kadence-column8178_5e14b2-d1 > .kt-inside-inner-col{column-gap:var(--global-kb-gap-sm, 1rem);}.kadence-column8178_5e14b2-d1 > .kt-inside-inner-col{flex-direction:column;}.kadence-column8178_5e14b2-d1 > .kt-inside-inner-col > .aligncenter{width:100%;}.kadence-column8178_5e14b2-d1 > .kt-inside-inner-col:before{opacity:0.3;}.kadence-column8178_5e14b2-d1{position:relative;}@media all and (max-width: 1024px){.kadence-column8178_5e14b2-d1 > .kt-inside-inner-col{flex-direction:column;justify-content:center;}}@media all and (max-width: 767px){.kadence-column8178_5e14b2-d1 > .kt-inside-inner-col{flex-direction:column;justify-content:center;}}<\/style>\n<div class=\"wp-block-kadence-column kadence-column8178_5e14b2-d1\"><div class=\"kt-inside-inner-col\">\n<h2 class=\"gb-headline gb-headline-santcugat-h2-servicios gb-headline-text\">Serveis de Psicologia a Sant Cugat<\/h2>\n\n\n\n<p>Oferim diferents serveis d&#8217;atenci\u00f3 psicol\u00f2gica a Sant Cugat:<\/p>\n\n\n\n<ul class=\"wp-block-list\">\n<li><strong>Psicoter\u00e0pia individual<\/strong>: Ansietat, depressi\u00f3, estr\u00e8s, autoestima.<\/li>\n\n\n\n<li><strong>Ter\u00e0pia de parella<\/strong>: Conflictes, separaci\u00f3, comunicaci\u00f3.<\/li>\n\n\n\n<li><strong>Psicodiagn\u00f2stic<\/strong>: Avaluacions cl\u00edniques i de personalitat.<\/li>\n\n\n\n<li><strong>Sexologia<\/strong>: Tractaments per a disfuncions sexuals.<\/li>\n\n\n\n<li><strong>Psicoan\u00e0lisi<\/strong>: Processos terap\u00e8utics en profunditat.<\/li>\n<\/ul>\n<\/div><\/div>\n\n<\/div><\/div>\n\n<style>.kb-row-layout-wrap.wp-block-kadence-rowlayout.kb-row-layout-id8178_190df0-0c{margin-bottom:0px;}.kb-row-layout-id8178_190df0-0c > .kt-row-column-wrap{align-content:start;}:where(.kb-row-layout-id8178_190df0-0c > .kt-row-column-wrap) > .wp-block-kadence-column{justify-content:start;}.kb-row-layout-id8178_190df0-0c > .kt-row-column-wrap{column-gap:var(--global-kb-gap-md, 2rem);row-gap:var(--global-kb-gap-md, 2rem);padding-top:var(--global-kb-spacing-sm, 1.5rem);padding-bottom:var(--global-kb-spacing-sm, 1.5rem);grid-template-columns:repeat(2, minmax(0, 1fr));}.kb-row-layout-id8178_190df0-0c > .kt-row-layout-overlay{opacity:0.30;}@media all and (max-width: 1024px){.kb-row-layout-id8178_190df0-0c > .kt-row-column-wrap{grid-template-columns:repeat(2, minmax(0, 1fr));}}@media all and (max-width: 767px){.kb-row-layout-id8178_190df0-0c > .kt-row-column-wrap{grid-template-columns:minmax(0, 1fr);}}<\/style><div class=\"kb-row-layout-wrap kb-row-layout-id8178_190df0-0c alignnone wp-block-kadence-rowlayout\"><div class=\"kt-row-column-wrap kt-has-2-columns kt-row-layout-equal kt-tab-layout-inherit kt-mobile-layout-row kt-row-valign-top\">\n<style>.kadence-column8178_069555-aa > .kt-inside-inner-col,.kadence-column8178_069555-aa > .kt-inside-inner-col:before{border-top-left-radius:0px;border-top-right-radius:0px;border-bottom-right-radius:0px;border-bottom-left-radius:0px;}.kadence-column8178_069555-aa > .kt-inside-inner-col{column-gap:var(--global-kb-gap-sm, 1rem);}.kadence-column8178_069555-aa > .kt-inside-inner-col{flex-direction:column;}.kadence-column8178_069555-aa > .kt-inside-inner-col > .aligncenter{width:100%;}.kadence-column8178_069555-aa > .kt-inside-inner-col:before{opacity:0.3;}.kadence-column8178_069555-aa{position:relative;}@media all and (max-width: 1024px){.kadence-column8178_069555-aa > .kt-inside-inner-col{flex-direction:column;justify-content:center;}}@media all and (max-width: 767px){.kadence-column8178_069555-aa > .kt-inside-inner-col{flex-direction:column;justify-content:center;}}<\/style>\n<div class=\"wp-block-kadence-column kadence-column8178_069555-aa\"><div class=\"kt-inside-inner-col\">\n<h2 class=\"gb-headline gb-headline-santcugat-h2-porqueelegir gb-headline-text\">Per qu\u00e8 escollir els nostres psic\u00f2legs a Sant Cugat?<\/h2>\n\n\n\n<p>Ens comprometem amb el teu benestar emocional a trav\u00e9s de:<\/p>\n\n\n\n<ul class=\"wp-block-list\">\n<li>M\u00e9s de 15 anys dexperi\u00e8ncia en psicologia cl\u00ednica.<\/li>\n\n\n\n<li><strong>Ubicaci\u00f3 c\u00e8ntrica<\/strong>: a 5 minuts del monestir de Sant Cugat.<\/li>\n\n\n\n<li>Atenci\u00f3 propera i professional.<\/li>\n\n\n\n<li><strong>Equip multidisciplinari<\/strong>: psic\u00f2legs especialitzats en adults, adolescents i fam\u00edlies.<\/li>\n\n\n\n<li>Enfocament terap\u00e8utic integrador.<\/li>\n<\/ul>\n<\/div><\/div>\n\n\n<style>.kadence-column8178_da04a7-3a > .kt-inside-inner-col,.kadence-column8178_da04a7-3a > .kt-inside-inner-col:before{border-top-left-radius:0px;border-top-right-radius:0px;border-bottom-right-radius:0px;border-bottom-left-radius:0px;}.kadence-column8178_da04a7-3a > .kt-inside-inner-col{column-gap:var(--global-kb-gap-sm, 1rem);}.kadence-column8178_da04a7-3a > .kt-inside-inner-col{flex-direction:column;}.kadence-column8178_da04a7-3a > .kt-inside-inner-col > .aligncenter{width:100%;}.kadence-column8178_da04a7-3a > .kt-inside-inner-col:before{opacity:0.3;}.kadence-column8178_da04a7-3a{position:relative;}@media all and (max-width: 1024px){.kadence-column8178_da04a7-3a > .kt-inside-inner-col{flex-direction:column;justify-content:center;}}@media all and (max-width: 767px){.kadence-column8178_da04a7-3a > .kt-inside-inner-col{flex-direction:column;justify-content:center;}}<\/style>\n<div class=\"wp-block-kadence-column kadence-column8178_da04a7-3a\"><div class=\"kt-inside-inner-col\">\n<h2 class=\"gb-headline gb-headline-santcugat-h2-problemas gb-headline-text\">Problemes que tractem a Sant Cugat<\/h2>\n\n\n\n<p>Aquests s\u00f3n alguns dels problemes que abordem al nostre centre de psicologia a Sant Cugat:<\/p>\n\n\n\n<ul class=\"wp-block-list\">\n<li><strong>Ansietat<\/strong>: atacs de p\u00e0nic, preocupacions excessives.<\/li>\n\n\n\n<li><strong>Depressi\u00f3<\/strong>: tristesa persistent, manca de motivaci\u00f3.<\/li>\n\n\n\n<li><strong>F\u00f2bies<\/strong>: por d&#8217;espais tancats, socials, animals.<\/li>\n\n\n\n<li><strong>Addiccions<\/strong>: joc, internet, subst\u00e0ncies.<\/li>\n\n\n\n<li><strong>Problemes de parella<\/strong>: gelosia, discussions, separaci\u00f3.<\/li>\n\n\n\n<li><strong>Dol i crisis vitals<\/strong>: ruptures, malalties, p\u00e8rdues.<\/li>\n<\/ul>\n\n\n\n<p>Descobreix tots els nostres serveis a <a href=\"https:\/\/gadex.es\/ca\/\">GADEX &#8211; Psicolog\u00eda Cl\u00ednica<\/a>.<\/p>\n<\/div><\/div>\n\n<\/div><\/div>\n\n<style>.kb-row-layout-wrap.wp-block-kadence-rowlayout.kb-row-layout-id8178_393b54-6c{margin-bottom:0px;}.kb-row-layout-id8178_393b54-6c > .kt-row-column-wrap{align-content:start;}:where(.kb-row-layout-id8178_393b54-6c > .kt-row-column-wrap) > .wp-block-kadence-column{justify-content:start;}.kb-row-layout-id8178_393b54-6c > .kt-row-column-wrap{column-gap:var(--global-kb-gap-md, 2rem);row-gap:var(--global-kb-gap-md, 2rem);padding-top:var(--global-kb-spacing-sm, 1.5rem);padding-bottom:var(--global-kb-spacing-sm, 1.5rem);grid-template-columns:repeat(2, minmax(0, 1fr));}.kb-row-layout-id8178_393b54-6c > .kt-row-layout-overlay{opacity:0.30;}@media all and (max-width: 1024px){.kb-row-layout-id8178_393b54-6c > .kt-row-column-wrap{grid-template-columns:repeat(2, minmax(0, 1fr));}}@media all and (max-width: 767px){.kb-row-layout-id8178_393b54-6c > .kt-row-column-wrap{grid-template-columns:minmax(0, 1fr);}}<\/style><div class=\"kb-row-layout-wrap kb-row-layout-id8178_393b54-6c alignnone wp-block-kadence-rowlayout\"><div class=\"kt-row-column-wrap kt-has-2-columns kt-row-layout-equal kt-tab-layout-inherit kt-mobile-layout-row kt-row-valign-top\">\n<style>.kadence-column8178_bc31db-d5 > .kt-inside-inner-col,.kadence-column8178_bc31db-d5 > .kt-inside-inner-col:before{border-top-left-radius:0px;border-top-right-radius:0px;border-bottom-right-radius:0px;border-bottom-left-radius:0px;}.kadence-column8178_bc31db-d5 > .kt-inside-inner-col{column-gap:var(--global-kb-gap-sm, 1rem);}.kadence-column8178_bc31db-d5 > .kt-inside-inner-col{flex-direction:column;}.kadence-column8178_bc31db-d5 > .kt-inside-inner-col > .aligncenter{width:100%;}.kadence-column8178_bc31db-d5 > .kt-inside-inner-col:before{opacity:0.3;}.kadence-column8178_bc31db-d5{position:relative;}@media all and (max-width: 1024px){.kadence-column8178_bc31db-d5 > .kt-inside-inner-col{flex-direction:column;justify-content:center;}}@media all and (max-width: 767px){.kadence-column8178_bc31db-d5 > .kt-inside-inner-col{flex-direction:column;justify-content:center;}}<\/style>\n<div class=\"wp-block-kadence-column kadence-column8178_bc31db-d5\"><div class=\"kt-inside-inner-col\">\n<h2 class=\"gb-headline gb-headline-santcugat-h2-contacto gb-headline-text\">Contacta amb els nostres psic\u00f2legs a Sant Cugat<\/h2>\n\n\n\n<p>Necessites suport psicol\u00f2gic a Sant Cugat? A GADEX t&#8217;oferim acompanyament professional per superar les dificultats emocionals.<strong> Demana la teva cita ara!<\/strong><\/p>\n\n\n\n<p><a href=\"https:\/\/maps.app.goo.gl\/3SzYYGn3cntyzygj8\" target=\"_blank\" rel=\"noreferrer noopener\">Avinguda de Cerdanyola, 75, 77, 08172 Sant Cugat del Vall\u00e8s, Barcelona<\/a><br>(a 5 min. del Monestir)<\/p>\n\n\n\n<p>Visites concertades de dilluns a divendres<\/p>\n\n\n\n<p><strong>Psic\u00f2leg:  Ren\u00e9 Gonz\u00e1lez<\/strong><br><strong>Tel\u00e8fon: <a href=\"tel:937172652\">93 717 26 52<\/a><br>M\u00f2bil: 626 930 618<\/strong><\/p>\n\n\n\n<a class=\"gb-button gb-button-santcugat-btn gb-button-text\" href=\"https:\/\/gadex.es\/contactar\/\">Contactar<\/a>\n<\/div><\/div>\n\n\n<style>.kadence-column8178_84d1fe-c7 > .kt-inside-inner-col,.kadence-column8178_84d1fe-c7 > .kt-inside-inner-col:before{border-top-left-radius:0px;border-top-right-radius:0px;border-bottom-right-radius:0px;border-bottom-left-radius:0px;}.kadence-column8178_84d1fe-c7 > .kt-inside-inner-col{column-gap:var(--global-kb-gap-sm, 1rem);}.kadence-column8178_84d1fe-c7 > .kt-inside-inner-col{flex-direction:column;}.kadence-column8178_84d1fe-c7 > .kt-inside-inner-col > .aligncenter{width:100%;}.kadence-column8178_84d1fe-c7 > .kt-inside-inner-col:before{opacity:0.3;}.kadence-column8178_84d1fe-c7{position:relative;}@media all and (max-width: 1024px){.kadence-column8178_84d1fe-c7 > .kt-inside-inner-col{flex-direction:column;justify-content:center;}}@media all and (max-width: 767px){.kadence-column8178_84d1fe-c7 > .kt-inside-inner-col{flex-direction:column;justify-content:center;}}<\/style>\n<div class=\"wp-block-kadence-column kadence-column8178_84d1fe-c7\"><div class=\"kt-inside-inner-col\"><p><iframe src=\"https:\/\/www.google.com\/maps\/embed?pb=!1m18!1m12!1m3!1d2989.385906081223!2d2.0896453118769345!3d41.47423267116927!2m3!1f0!2f0!3f0!3m2!1i1024!2i768!4f13.1!3m3!1m2!1s0x12a4a29c312d1057%3A0xc9bdadecf33315c3!2sGADEX%20-%20Psicolog%C3%ADa%20Cl%C3%ADnica!5e0!3m2!1ses!2ses!4v1764002229574!5m2!1ses!2ses\" width=\"600\" height=\"450\" style=\"border:0;\" allowfullscreen=\"\" loading=\"lazy\" referrerpolicy=\"no-referrer-when-downgrade\"><\/iframe><\/p>\n<\/div><\/div>\n\n<\/div><\/div>","protected":false},"excerpt":{"rendered":"<p>Psic\u00f2legs Sant Cugat &#8211; GADEX Psic\u00f2legs Sant Cugat amb una \u00e0mplia experi\u00e8ncia en psicologia cl\u00ednica. Oferim tractaments personalitzats per millorar el benestar emocional d&#8217;adults, adolescents, parelles i fam\u00edlies. Si busques un centre de psicologia Sant Cugat que t&#8217;acompanyi en el proc\u00e9s terap\u00e8utic, som aqu\u00ed per ajudar-te. Centre de Psicologia a Sant Cugat Al nostre centre &#8230; <a title=\"Psic\u00f2legs Sant Cugat\" class=\"read-more\" href=\"https:\/\/gadex.es\/ca\/psicolegs-sant-cugat\/\" aria-label=\"M\u00e9s informaci\u00f3 sobre Psic\u00f2legs Sant Cugat\">Read More<\/a><\/p>\n","protected":false},"author":1,"featured_media":0,"parent":0,"menu_order":3,"comment_status":"closed","ping_status":"closed","template":"","meta":{"footnotes":""},"class_list":["post-8178","page","type-page","status-publish"],"_links":{"self":[{"href":"https:\/\/gadex.es\/ca\/wp-json\/wp\/v2\/pages\/8178","targetHints":{"allow":["GET"]}}],"collection":[{"href":"https:\/\/gadex.es\/ca\/wp-json\/wp\/v2\/pages"}],"about":[{"href":"https:\/\/gadex.es\/ca\/wp-json\/wp\/v2\/types\/page"}],"author":[{"embeddable":true,"href":"https:\/\/gadex.es\/ca\/wp-json\/wp\/v2\/users\/1"}],"replies":[{"embeddable":true,"href":"https:\/\/gadex.es\/ca\/wp-json\/wp\/v2\/comments?post=8178"}],"version-history":[{"count":5,"href":"https:\/\/gadex.es\/ca\/wp-json\/wp\/v2\/pages\/8178\/revisions"}],"predecessor-version":[{"id":8918,"href":"https:\/\/gadex.es\/ca\/wp-json\/wp\/v2\/pages\/8178\/revisions\/8918"}],"wp:attachment":[{"href":"https:\/\/gadex.es\/ca\/wp-json\/wp\/v2\/media?parent=8178"}],"curies":[{"name":"wp","href":"https:\/\/api.w.org\/{rel}","templated":true}]}}