{"id":8180,"date":"2020-08-21T13:01:59","date_gmt":"2020-08-21T11:01:59","guid":{"rendered":"https:\/\/gadex.es\/?page_id=8180"},"modified":"2026-02-10T09:03:53","modified_gmt":"2026-02-10T08:03:53","slug":"inici","status":"publish","type":"page","link":"https:\/\/gadex.es\/ca\/","title":{"rendered":"Inici"},"content":{"rendered":"<div class=\"gb-container gb-container-d7e30884\">\n<div class=\"gb-container gb-container-92e39570\">\n<div class=\"gb-container gb-container-90ae8e20\">\n\n<h1 class=\"gb-headline gb-headline-4745cdfc gb-headline-text\">Centre de Psicologia Cl\u00ednica GADEX<\/h1>\n\n\n\n<h2 class=\"gb-headline gb-headline-6454620d gb-headline-text\"><mark class=\"gb-highlight\">Atenci\u00f3 psicol\u00f2gica especialitzada<\/mark><\/h2>\n\n\n\n<p class=\"gb-headline gb-headline-1ecd46f9 gb-headline-text\">GADEX \u00e9s un centre multidisciplinari de psicologia cl\u00ednica amb seus a Sabadell, Terrassa i Sant Cugat. Tenim m\u00e9s de 20 anys d&#8217;experi\u00e8ncia en Psicologia Cl\u00ednica i de la Salut, Sexologia Cl\u00ednica i Psicopedagogia.<\/p>\n\n\n<div class=\"gb-grid-wrapper gb-grid-wrapper-b06e2851\">\n<div class=\"gb-grid-column gb-grid-column-34d45b89\"><div class=\"gb-container gb-container-34d45b89\">\n\n<a class=\"gb-button gb-button-c39dbebd gb-button-text\" href=\"https:\/\/gadex.es\/ca\/contactar\/\">Contacta&#8217;ns<\/a>\n\n<\/div><\/div>\n\n<div class=\"gb-grid-column gb-grid-column-31bb1f52\"><div class=\"gb-container gb-container-31bb1f52\">\n\n<p><\/p>\n\n<\/div><\/div>\n<\/div>\n\n<div class=\"gb-grid-wrapper gb-grid-wrapper-5e9d7b27\">\n<div class=\"gb-grid-column gb-grid-column-be0e3628\"><div class=\"gb-container gb-container-be0e3628\">\n\n<p class=\"gb-headline gb-headline-2d27d9da gb-headline-text\"><a href=\"https:\/\/gadex.es\/ca\/psicolegs-sabadell\/\">Psic\u00f2legs<\/a> <a href=\"https:\/\/gadex.es\/ca\/psicolegs-sabadell\/\">a Sabadell<\/a><\/p>\n\n<\/div><\/div>\n\n<div class=\"gb-grid-column gb-grid-column-583dae6d\"><div class=\"gb-container gb-container-583dae6d\">\n\n<p class=\"gb-headline gb-headline-c09ebdd7 gb-headline-text\"><a href=\"https:\/\/gadex.es\/ca\/psicolegs-terrassa\/\">Psic\u00f2legs<\/a> <a href=\"https:\/\/gadex.es\/ca\/psicolegs-terrassa\/\">a Terrassa<\/a><\/p>\n\n<\/div><\/div>\n\n<div class=\"gb-grid-column gb-grid-column-e4c9aa69\"><div class=\"gb-container gb-container-e4c9aa69\">\n\n<p class=\"gb-headline gb-headline-d429921f gb-headline-text\"><a href=\"https:\/\/gadex.es\/ca\/psicolegs-sant-cugat\/\">Psic\u00f2legs<\/a> <a href=\"https:\/\/gadex.es\/ca\/psicolegs-sant-cugat\/\">a Sant Cugat<\/a><\/p>\n\n<\/div><\/div>\n<\/div>\n<\/div>\n\n<div class=\"gb-container gb-container-dd193d09\">\n\n<figure class=\"gb-block-image gb-block-image-d751d792\"><img decoding=\"async\" class=\"gb-image gb-image-d751d792 no-visual-search-edge\" src=\"https:\/\/gadex.es\/wp-content\/uploads\/2026\/02\/gadex-centro-psicologia-sabadell-1024x791.jpg\" alt=\"GADEX Centro de Psicolog\u00eda en Sabadell\" title=\"gadex-centro-psicologia-sabadell\"\/><\/figure>\n\n<\/div>\n<\/div>\n<\/div>\n\n<div class=\"gb-container gb-container-f432fc90\">\n<div class=\"gb-container gb-container-17f9b974\">\n\n<h2 class=\"gb-headline gb-headline-932cf60f gb-headline-text\">Atenci\u00f3 Especialitzada<\/h2>\n\n\n<div class=\"gb-container gb-container-ec7a91c7\">\n<div class=\"gb-container gb-container-f374b38e\">\n\n<figure class=\"wp-block-image size-full is-resized sombreado is-style-default\"><img loading=\"lazy\" decoding=\"async\" width=\"300\" height=\"200\" src=\"https:\/\/gadex.es\/wp-content\/uploads\/2025\/03\/Psicologia-Clinica-300x200-2.jpg\" alt=\"\" class=\"wp-image-7055 no-visual-search-edge\" style=\"aspect-ratio:3\/2;object-fit:cover;width:400px\"\/><\/figure>\n\n\n\n<h3 class=\"gb-headline gb-headline-e88a3eae gb-headline-text\"><a href=\"https:\/\/gadex.es\/ca\/tractaments-psicologics\/psicologia-clinica\/psicoterapia\/\">Psicoter\u00e0pia<\/a><\/h3>\n\n\n\n<p class=\"has-contrast-2-color has-text-color has-link-color wp-elements-6c9d678d2a3ade6ced03d9d490d96b66\">Es tracta d&#8217;un proc\u00e9s de comunicaci\u00f3 entre: <strong>un psicoterapeuta i la\/s persona\/es que acudeix\/en<\/strong> a consulta (pacient\/s o client\/s)\u2026<\/p>\n\n<\/div>\n\n<div class=\"gb-container gb-container-c496489f\">\n\n<figure class=\"wp-block-image size-full is-resized sombreado\"><img loading=\"lazy\" decoding=\"async\" width=\"300\" height=\"200\" src=\"https:\/\/gadex.es\/wp-content\/uploads\/2025\/03\/Sexologia-Clinica-300x200-1.jpg\" alt=\"\" class=\"wp-image-7023 no-visual-search-edge\" style=\"aspect-ratio:3\/2;object-fit:cover;width:400px\"\/><\/figure>\n\n\n\n<h3 class=\"gb-headline gb-headline-09999c7d gb-headline-text\"><a href=\"https:\/\/gadex.es\/ca\/tractaments-psicologics\/sexologia-clinica\/\">Sexologia Cl\u00ednica<\/a><\/h3>\n\n\n\n<p class=\"has-contrast-2-color has-text-color has-link-color wp-elements-ee3cf0af744105ad7d134922409a6724\">Abordem els problemes sexuals des d\u2019un enfocament&nbsp;<strong>psicol\u00f2gic, respectu\u00f3s, confidencial i personalitzat<\/strong>.<\/p>\n\n<\/div>\n\n<div class=\"gb-container gb-container-50ecc415\">\n\n<figure class=\"wp-block-image size-full is-resized sombreado\"><img loading=\"lazy\" decoding=\"async\" width=\"300\" height=\"200\" src=\"https:\/\/gadex.es\/wp-content\/uploads\/2025\/03\/terapia-de-pareja-300x200-1.jpg\" alt=\"\" class=\"wp-image-7024 no-visual-search-edge\" style=\"aspect-ratio:3\/2;object-fit:cover;width:400px\"\/><\/figure>\n\n\n\n<h3 class=\"gb-headline gb-headline-4dbec18b gb-headline-text\"><a href=\"https:\/\/gadex.es\/ca\/tractaments-psicologics\/psicologia-clinica\/terapia-de-parella\/\">Ter\u00e0pia de Parella<\/a><\/h3>\n\n\n\n<p class=\"has-contrast-2-color has-text-color has-link-color wp-elements-249825c4ce7588459905380a42610d4e\">L&#8217;objectiu de la ter\u00e0pia de parella <strong>\u00e9s avaluar de manera adequada les dificultats de la relaci\u00f3.<\/strong><\/p>\n\n<\/div>\n\n<div class=\"gb-container gb-container-0c6f696e\">\n\n<figure class=\"wp-block-image size-full is-resized sombreado\"><img loading=\"lazy\" decoding=\"async\" width=\"1366\" height=\"765\" src=\"https:\/\/gadex.es\/wp-content\/uploads\/2020\/05\/0201_adiccion_juego_ludopatia_1280a-1.jpg\" alt=\"\" class=\"wp-image-8081 no-visual-search-edge\" style=\"aspect-ratio:3\/2;object-fit:cover;width:400px\" srcset=\"https:\/\/gadex.es\/wp-content\/uploads\/2020\/05\/0201_adiccion_juego_ludopatia_1280a-1.jpg 1366w, https:\/\/gadex.es\/wp-content\/uploads\/2020\/05\/0201_adiccion_juego_ludopatia_1280a-1-300x168.jpg 300w, https:\/\/gadex.es\/wp-content\/uploads\/2020\/05\/0201_adiccion_juego_ludopatia_1280a-1-1024x573.jpg 1024w, https:\/\/gadex.es\/wp-content\/uploads\/2020\/05\/0201_adiccion_juego_ludopatia_1280a-1-768x430.jpg 768w\" sizes=\"auto, (max-width: 1366px) 100vw, 1366px\" \/><\/figure>\n\n\n\n<h3 class=\"gb-headline gb-headline-346d304d gb-headline-text\"><a href=\"https:\/\/gadex.es\/ca\/tractaments-psicologics\/psicologia-clinica\/addiccions-conductuals\/\">Addiccions<\/a><\/h3>\n\n\n\n<p class=\"has-contrast-2-color has-text-color has-link-color wp-elements-24ace30b800acdb16ff9c889e1dfa3a2\">Equip de psic\u00f2legs especialitzats en <strong>el tractament de les addiccions conductuals<\/strong>, al joc, a internet, al sexe\u2026<\/p>\n\n<\/div>\n<\/div>\n\n\n<a class=\"gb-button gb-button-c793a1dc\" href=\"https:\/\/gadex.es\/ca\/tractaments-psicologics\/\"><span class=\"gb-button-text\">Veure M\u00e9s<\/span><span class=\"gb-icon\"><svg aria-hidden=\"true\" data-prefix=\"fas\" data-icon=\"long-arrow-alt-right\" class=\"svg-inline--fa fa-long-arrow-alt-right fa-w-14\" xmlns=\"http:\/\/www.w3.org\/2000\/svg\" viewBox=\"0 0 448 512\"><path fill=\"currentColor\" d=\"M313.941 216H12c-6.627 0-12 5.373-12 12v56c0 6.627 5.373 12 12 12h301.941v46.059c0 21.382 25.851 32.09 40.971 16.971l86.059-86.059c9.373-9.373 9.373-24.569 0-33.941l-86.059-86.059c-15.119-15.119-40.971-4.411-40.971 16.971V216z\"><\/path><\/svg><\/span><\/a>\n\n<\/div>\n<\/div>\n\n<div class=\"gb-container gb-container-a505b403\">\n<div class=\"gb-container gb-container-e92218d5\">\n\n<h2 class=\"gb-headline gb-headline-b0ac75ee gb-headline-text\">Psic\u00f2legs Gadex<\/h2>\n\n\n\n<h4 class=\"gb-headline gb-headline-4013c657 gb-headline-text\">Gabinet de Psicologia Cl\u00ednica i Psicopedagogia<\/h4>\n\n\n\n<p class=\"has-contrast-2-color has-text-color has-link-color wp-elements-03b7fe8012c047ea85d9d0c4809a4388\">Som un centre multidisciplinari de psicologia que atenem a Sabadell, Terrassa i Sant Cugat amb m\u00e9s de 20 anys d&#8217;experi\u00e8ncia al camp de la Psicologia Cl\u00ednica i de la Salut.<\/p>\n\n\n\n<p class=\"has-contrast-2-color has-text-color has-link-color wp-elements-5ebfb5eb165691aba26c12fd3342b129\"><strong>Professionals amb \u00e0mplia experi\u00e8ncia<\/strong> el nostre equip est\u00e0 format per psic\u00f2legs cl\u00ednics, sex\u00f2legs cl\u00ednics, psicoterapeutes\u2026<\/p>\n\n\n\n<p class=\"has-contrast-2-color has-text-color has-link-color wp-elements-4c15b573c74a903f015b14897a856512\"><strong>Els nostres serveis d&#8217;intervenci\u00f3 cl\u00ednica s\u00f3n integrals<\/strong>, incloent tot el proc\u00e9s terap\u00e8utic des del psicodiagn\u00f2stic fins a la ter\u00e0pia a trav\u00e9s dels nostres diferents departaments.<\/p>\n\n\n\n<p class=\"has-contrast-2-color has-text-color has-link-color wp-elements-5a8bab5be9b74e6e50a5f3dcccef0604\"><strong>La nostra filosofia d&#8217;atenci\u00f3 personalitzada<\/strong> ens permet adaptar les nostres ter\u00e0pies a la cl\u00ednica i a les necessitats personals de cada pacient.<\/p>\n\n\n\n<p class=\"has-contrast-2-color has-text-color has-link-color wp-elements-5637185f301f246f42425cb176206f7d\"><strong>Per a qualsevol informaci\u00f3<\/strong> no dubteu a contactar amb nosaltres. Us atendrem amb molt de gust.<\/p>\n\n<\/div>\n\n<div class=\"gb-container gb-container-e1bff99e\"><\/div>\n<\/div>\n\n<div class=\"gb-container gb-container-cf5d79b4\">\n<div class=\"gb-container gb-container-ea4567e8\"><\/div>\n\n<div class=\"gb-container gb-container-51a5b759\">\n\n<h2 class=\"gb-headline gb-headline-b50ede07 gb-headline-text\">Psicologia Cl\u00ednica<\/h2>\n\n\n\n<p class=\"has-contrast-2-color has-text-color has-link-color wp-elements-ecf99ef144bf7be825530ead32a45fa7\">\u00c9s l&#8217;especialitat en l&#8217;\u00e0mbit de la Psicologia que s&#8217;ocupa de realitzar la <strong>avaluaci\u00f3, diagn\u00f2stic, prevenci\u00f3 i tractament<\/strong> dels trastorns, dificultats i problemes de tipus psicol\u00f2gic que afecten les persones en el seu devenir diari i en la seva qualitat de vida. <strong>El seu principal objectiu<\/strong> \u00e9s procurar, cuidar i millorar la salut de les persones a tots els nivells des d&#8217;una perspectiva bio-psico-social<\/p>\n\n\n\n<p class=\"has-contrast-2-color has-text-color has-link-color wp-elements-e7554b7243fcde5609db219c8fb19412\"><strong>Psic\u00f2legs cl\u00ednics<\/strong> s\u00f3n els especialistes en diagnosticar els problemes psicol\u00f2gics, per despr\u00e9s dur a terme un tractament personalitzat mitjan\u00e7ant la <strong>psicoter\u00e0pia.<\/strong><\/p>\n\n\n\n<p class=\"has-contrast-2-color has-text-color has-link-color wp-elements-61e5a7a9e5dc5b7bc52f7bd9611f5d0b\"><strong>Sessions de psicoter\u00e0pia:<\/strong> Despr\u00e9s de l&#8217;avaluaci\u00f3 dels trastorns, problemes, s\u00edmptomes i signes del pacient i\/o client i d&#8217;haver pogut realitzar un <strong>psicodiagn\u00f2stic <\/strong>o una <strong>hip\u00f2tesi de treball<\/strong>, es pot iniciar la psicoter\u00e0pia.<\/p>\n\n\n\n<p class=\"has-contrast-2-color has-text-color has-link-color wp-elements-e61b076cdf17045a9a9cb2ec3b60958b\"><strong>Seguint dues l\u00ednies, una cognitiva i l&#8217;altra vivencial:<\/strong><\/p>\n\n\n\n<p class=\"has-contrast-2-color has-text-color has-link-color wp-elements-9db1692db7bb8003917a6e0e5cc3ab23\"><strong>Psicoter\u00e0pia cognitiva<\/strong> est\u00e0 relacionada amb els pensaments, creences, viv\u00e8ncies, interpretacions, distorsions cognitives, etc..<br><strong>Psicoter\u00e0pia vivencial<\/strong> va en la direcci\u00f3 de viure <strong>experi\u00e8ncies<\/strong> que ajudin a interioritzar noves possibilitats psicol\u00f2giques per afrontar de manera positiva i resolutiva les seves circumst\u00e0ncies.<\/p>\n\n<\/div>\n<\/div>","protected":false},"excerpt":{"rendered":"<p>Centre de Psicologia Cl\u00ednica GADEX Atenci\u00f3 psicol\u00f2gica especialitzada GADEX \u00e9s un centre multidisciplinari de psicologia cl\u00ednica amb seus a Sabadell, Terrassa i Sant Cugat. Tenim m\u00e9s de 20 anys d&#8217;experi\u00e8ncia en Psicologia Cl\u00ednica i de la Salut, Sexologia Cl\u00ednica i Psicopedagogia. Atenci\u00f3 Especialitzada Psicoter\u00e0pia Es tracta d&#8217;un proc\u00e9s de comunicaci\u00f3 entre: un psicoterapeuta i la\/s &#8230; <a title=\"Inici\" class=\"read-more\" href=\"https:\/\/gadex.es\/ca\/\" aria-label=\"M\u00e9s informaci\u00f3 sobre Inici\">Read More<\/a><\/p>\n","protected":false},"author":1,"featured_media":0,"parent":0,"menu_order":0,"comment_status":"closed","ping_status":"closed","template":"","meta":{"footnotes":""},"class_list":["post-8180","page","type-page","status-publish"],"_links":{"self":[{"href":"https:\/\/gadex.es\/ca\/wp-json\/wp\/v2\/pages\/8180","targetHints":{"allow":["GET"]}}],"collection":[{"href":"https:\/\/gadex.es\/ca\/wp-json\/wp\/v2\/pages"}],"about":[{"href":"https:\/\/gadex.es\/ca\/wp-json\/wp\/v2\/types\/page"}],"author":[{"embeddable":true,"href":"https:\/\/gadex.es\/ca\/wp-json\/wp\/v2\/users\/1"}],"replies":[{"embeddable":true,"href":"https:\/\/gadex.es\/ca\/wp-json\/wp\/v2\/comments?post=8180"}],"version-history":[{"count":6,"href":"https:\/\/gadex.es\/ca\/wp-json\/wp\/v2\/pages\/8180\/revisions"}],"predecessor-version":[{"id":9082,"href":"https:\/\/gadex.es\/ca\/wp-json\/wp\/v2\/pages\/8180\/revisions\/9082"}],"wp:attachment":[{"href":"https:\/\/gadex.es\/ca\/wp-json\/wp\/v2\/media?parent=8180"}],"curies":[{"name":"wp","href":"https:\/\/api.w.org\/{rel}","templated":true}]}}