{"id":8182,"date":"2025-04-03T16:33:03","date_gmt":"2025-04-03T14:33:03","guid":{"rendered":"https:\/\/gadex.es\/?page_id=8182"},"modified":"2025-11-25T12:45:40","modified_gmt":"2025-11-25T11:45:40","slug":"psicolegs-terrassa","status":"publish","type":"page","link":"https:\/\/gadex.es\/ca\/psicolegs-terrassa\/","title":{"rendered":"Psic\u00f2legs Terrassa"},"content":{"rendered":"<style>.kb-row-layout-wrap.wp-block-kadence-rowlayout.kb-row-layout-id8182_f46156-b6{margin-bottom:0px;}.kb-row-layout-id8182_f46156-b6 > .kt-row-column-wrap{align-content:start;}:where(.kb-row-layout-id8182_f46156-b6 > .kt-row-column-wrap) > .wp-block-kadence-column{justify-content:start;}.kb-row-layout-id8182_f46156-b6 > .kt-row-column-wrap{column-gap:var(--global-kb-gap-md, 2rem);row-gap:var(--global-kb-gap-md, 2rem);padding-top:var(--global-kb-spacing-sm, 1.5rem);padding-bottom:var(--global-kb-spacing-sm, 1.5rem);grid-template-columns:repeat(2, minmax(0, 1fr));}.kb-row-layout-id8182_f46156-b6 > .kt-row-layout-overlay{opacity:0.30;}@media all and (max-width: 1024px){.kb-row-layout-id8182_f46156-b6 > .kt-row-column-wrap{grid-template-columns:repeat(2, minmax(0, 1fr));}}@media all and (max-width: 767px){.kb-row-layout-id8182_f46156-b6 > .kt-row-column-wrap{grid-template-columns:minmax(0, 1fr);}}<\/style><div class=\"kb-row-layout-wrap kb-row-layout-id8182_f46156-b6 alignnone wp-block-kadence-rowlayout\"><div class=\"kt-row-column-wrap kt-has-2-columns kt-row-layout-equal kt-tab-layout-inherit kt-mobile-layout-row kt-row-valign-top\">\n<style>.kadence-column8182_469eba-19 > .kt-inside-inner-col,.kadence-column8182_469eba-19 > .kt-inside-inner-col:before{border-top-left-radius:0px;border-top-right-radius:0px;border-bottom-right-radius:0px;border-bottom-left-radius:0px;}.kadence-column8182_469eba-19 > .kt-inside-inner-col{column-gap:var(--global-kb-gap-sm, 1rem);}.kadence-column8182_469eba-19 > .kt-inside-inner-col{flex-direction:column;}.kadence-column8182_469eba-19 > .kt-inside-inner-col > .aligncenter{width:100%;}.kadence-column8182_469eba-19 > .kt-inside-inner-col:before{opacity:0.3;}.kadence-column8182_469eba-19{position:relative;}@media all and (max-width: 1024px){.kadence-column8182_469eba-19 > .kt-inside-inner-col{flex-direction:column;justify-content:center;}}@media all and (max-width: 767px){.kadence-column8182_469eba-19 > .kt-inside-inner-col{flex-direction:column;justify-content:center;}}<\/style>\n<div class=\"wp-block-kadence-column kadence-column8182_469eba-19\"><div class=\"kt-inside-inner-col\">\n<h2 class=\"gb-headline gb-headline-terrassa-h1\"><span class=\"gb-icon\"><svg aria-hidden=\"true\" height=\"1em\" width=\"1em\" viewBox=\"0 0 256 512\" xmlns=\"http:\/\/www.w3.org\/2000\/svg\"><path fill=\"currentColor\" d=\"M224.3 273l-136 136c-9.4 9.4-24.6 9.4-33.9 0l-22.6-22.6c-9.4-9.4-9.4-24.6 0-33.9l96.4-96.4-96.4-96.4c-9.4-9.4-9.4-24.6 0-33.9L54.3 103c9.4-9.4 24.6-9.4 33.9 0l136 136c9.5 9.4 9.5 24.6.1 34z\"><\/path><\/svg><\/span><span class=\"gb-headline-text\">Psic\u00f2legs a Terrassa &#8211; GADEX<\/span><\/h2>\n\n\n\n<p>A GADEX, som <strong>psic\u00f2legs a Terrassa<\/strong> especialitzats en psicologia cl\u00ednica, oferint tractaments personalitzats per millorar el teu benestar emocional. Des de la nostra cl\u00ednica a Terrassa, atenem adults, parelles i fam\u00edlies del Vall\u00e8s Occidental amb serveis com psicoter\u00e0pia, psicodiagn\u00f2stic i ter\u00e0pia de parella. Si busques <strong>psic\u00f2legs a Terrassa<\/strong> que t&#8217;ajudin a superar ansietat, depressi\u00f3 o dificultats personals, som aqu\u00ed per a tu!<\/p>\n<\/div><\/div>\n\n\n<style>.kadence-column8182_ea5aad-d7 > .kt-inside-inner-col,.kadence-column8182_ea5aad-d7 > .kt-inside-inner-col:before{border-top-left-radius:0px;border-top-right-radius:0px;border-bottom-right-radius:0px;border-bottom-left-radius:0px;}.kadence-column8182_ea5aad-d7 > .kt-inside-inner-col{column-gap:var(--global-kb-gap-sm, 1rem);}.kadence-column8182_ea5aad-d7 > .kt-inside-inner-col{flex-direction:column;}.kadence-column8182_ea5aad-d7 > .kt-inside-inner-col > .aligncenter{width:100%;}.kadence-column8182_ea5aad-d7 > .kt-inside-inner-col:before{opacity:0.3;}.kadence-column8182_ea5aad-d7{position:relative;}@media all and (max-width: 1024px){.kadence-column8182_ea5aad-d7 > .kt-inside-inner-col{flex-direction:column;justify-content:center;}}@media all and (max-width: 767px){.kadence-column8182_ea5aad-d7 > .kt-inside-inner-col{flex-direction:column;justify-content:center;}}<\/style>\n<div class=\"wp-block-kadence-column kadence-column8182_ea5aad-d7\"><div class=\"kt-inside-inner-col\"><style>.kb-image8182_456791-73 .kb-image-has-overlay:after{opacity:0.3;}<\/style>\n<figure class=\"wp-block-kadence-image kb-image8182_456791-73 size-full\"><img loading=\"lazy\" decoding=\"async\" width=\"1000\" height=\"667\" src=\"https:\/\/gadex.es\/wp-content\/uploads\/2025\/11\/psicologos-terrassa.jpg\" alt=\"Terapia de psicolog\u00eda en Terrassa\" class=\"kb-img wp-image-8739 no-visual-search-edge\" srcset=\"https:\/\/gadex.es\/wp-content\/uploads\/2025\/11\/psicologos-terrassa.jpg 1000w, https:\/\/gadex.es\/wp-content\/uploads\/2025\/11\/psicologos-terrassa-300x200.jpg 300w, https:\/\/gadex.es\/wp-content\/uploads\/2025\/11\/psicologos-terrassa-768x512.jpg 768w\" sizes=\"auto, (max-width: 1000px) 100vw, 1000px\" \/><\/figure>\n<\/div><\/div>\n\n<\/div><\/div>\n\n<div class=\"gb-container gb-container-terrassa-container\">\n\n<h2 class=\"gb-headline gb-headline-terrassa-h2-servicios gb-headline-text\">Centre de Psicologia a Terrassa<\/h2>\n\n\n\n<p>El nostre<strong> centre de psicologia a Terrassa<\/strong>, ubicat al barri de<strong> Ca n&#8217;Aurell<\/strong>, est\u00e0 orientat a oferir un espai segur i professional per superar bloquejos emocionals, conflictes familiars i trastorns de l&#8217;estat d&#8217;\u00e0nim.<\/p>\n\n\n\n<p>Combinem enfocaments terap\u00e8utics com la <strong>ter\u00e0pia cognitivo-conductual<\/strong>, psicodin\u00e0mica i humanista, adaptant cada tractament a les necessitats individuals.<\/p>\n\n<\/div>\n\n<style>.kb-row-layout-wrap.wp-block-kadence-rowlayout.kb-row-layout-id8182_9658cd-bc{margin-bottom:0px;}.kb-row-layout-id8182_9658cd-bc > .kt-row-column-wrap{align-content:start;}:where(.kb-row-layout-id8182_9658cd-bc > .kt-row-column-wrap) > .wp-block-kadence-column{justify-content:start;}.kb-row-layout-id8182_9658cd-bc > .kt-row-column-wrap{column-gap:var(--global-kb-gap-md, 2rem);row-gap:var(--global-kb-gap-md, 2rem);max-width:1200px;padding-top:var(--global-kb-spacing-sm, 1.5rem);padding-bottom:var(--global-kb-spacing-sm, 1.5rem);grid-template-columns:minmax(0, calc(40% - ((var(--global-kb-gap-md, 2rem) * 2 )\/3)))minmax(0, calc(30% - ((var(--global-kb-gap-md, 2rem) * 2 )\/3)))minmax(0, calc(30% - ((var(--global-kb-gap-md, 2rem) * 2 )\/3)));}.kb-row-layout-id8182_9658cd-bc > .kt-row-layout-overlay{opacity:0.30;}@media all and (max-width: 1024px){.kb-row-layout-id8182_9658cd-bc > .kt-row-column-wrap > div:not(.added-for-specificity){grid-column:initial;}}@media all and (max-width: 1024px){.kb-row-layout-id8182_9658cd-bc > .kt-row-column-wrap{grid-template-columns:repeat(3, minmax(0, 1fr));}}@media all and (max-width: 767px){.kb-row-layout-id8182_9658cd-bc > .kt-row-column-wrap > div:not(.added-for-specificity){grid-column:initial;}.kb-row-layout-id8182_9658cd-bc > .kt-row-column-wrap{grid-template-columns:minmax(0, 1fr);}}<\/style><div class=\"kb-row-layout-wrap kb-row-layout-id8182_9658cd-bc alignfull has-base-2-background-color kt-row-has-bg wp-block-kadence-rowlayout\"><div class=\"kt-row-column-wrap kt-has-3-columns kt-row-layout-equal kt-tab-layout-inherit kt-mobile-layout-row kt-row-valign-top kb-theme-content-width\">\n<style>.kadence-column8182_cd5d78-b3 > .kt-inside-inner-col,.kadence-column8182_cd5d78-b3 > .kt-inside-inner-col:before{border-top-left-radius:0px;border-top-right-radius:0px;border-bottom-right-radius:0px;border-bottom-left-radius:0px;}.kadence-column8182_cd5d78-b3 > .kt-inside-inner-col{column-gap:var(--global-kb-gap-sm, 1rem);}.kadence-column8182_cd5d78-b3 > .kt-inside-inner-col{flex-direction:column;}.kadence-column8182_cd5d78-b3 > .kt-inside-inner-col > .aligncenter{width:100%;}.kadence-column8182_cd5d78-b3 > .kt-inside-inner-col:before{opacity:0.3;}.kadence-column8182_cd5d78-b3{position:relative;}@media all and (max-width: 1024px){.kadence-column8182_cd5d78-b3 > .kt-inside-inner-col{flex-direction:column;justify-content:center;}}@media all and (max-width: 767px){.kadence-column8182_cd5d78-b3 > .kt-inside-inner-col{flex-direction:column;justify-content:center;}}<\/style>\n<div class=\"wp-block-kadence-column kadence-column8182_cd5d78-b3\"><div class=\"kt-inside-inner-col\">\n<h2 class=\"gb-headline gb-headline-terrassa-h2-servicios-listado gb-headline-text\">Serveis de Psicologia a Terrassa<\/h2>\n\n\n\n<p>Els nostres psic\u00f2legs a Terrassa ofereixen ter\u00e0pies especialitzades per a:<\/p>\n\n\n\n<ul class=\"wp-block-list\">\n<li><strong>Ter\u00e0pia individual: <\/strong>Ansietat generalitzada, depressi\u00f3, trastorns alimentaris<\/li>\n\n\n\n<li><strong>Ter\u00e0pia de parella<\/strong>: Mediaci\u00f3 en conflictes, ter\u00e0pia sexual<\/li>\n\n\n\n<li><strong>Psicologia infantil<\/strong>: Assetjament escolar, pors infantils<\/li>\n\n\n\n<li><strong>Neuropsicologia<\/strong>: Avaluaci\u00f3 cognitiva,<\/li>\n\n\n\n<li><strong>Sexologia cl\u00ednica<\/strong>: Vaginisme, disfunci\u00f3 er\u00e8ctil, ter\u00e0pia de parella<\/li>\n<\/ul>\n<\/div><\/div>\n\n\n<style>.kadence-column8182_98b5ab-50 > .kt-inside-inner-col,.kadence-column8182_98b5ab-50 > .kt-inside-inner-col:before{border-top-left-radius:0px;border-top-right-radius:0px;border-bottom-right-radius:0px;border-bottom-left-radius:0px;}.kadence-column8182_98b5ab-50 > .kt-inside-inner-col{column-gap:var(--global-kb-gap-sm, 1rem);}.kadence-column8182_98b5ab-50 > .kt-inside-inner-col{flex-direction:column;}.kadence-column8182_98b5ab-50 > .kt-inside-inner-col > .aligncenter{width:100%;}.kadence-column8182_98b5ab-50 > .kt-inside-inner-col:before{opacity:0.3;}.kadence-column8182_98b5ab-50{position:relative;}@media all and (max-width: 1024px){.kadence-column8182_98b5ab-50 > .kt-inside-inner-col{flex-direction:column;justify-content:center;}}@media all and (max-width: 767px){.kadence-column8182_98b5ab-50 > .kt-inside-inner-col{flex-direction:column;justify-content:center;}}<\/style>\n<div class=\"wp-block-kadence-column kadence-column8182_98b5ab-50\"><div class=\"kt-inside-inner-col\">\n<h2 class=\"gb-headline gb-headline-terrassa-h2-elegirnos gb-headline-text\">Per qu\u00e8 escollir-nos a Terrassa?<\/h2>\n\n\n\n<ul class=\"wp-block-list\">\n<li>15 anys d&#8217;experi\u00e8ncia al Vall\u00e8s Occidental<\/li>\n\n\n\n<li>Equip multidisciplinar amb psic\u00f2legs col\u00b7legiats<\/li>\n<\/ul>\n<\/div><\/div>\n\n\n<style>.kadence-column8182_629cde-44 > .kt-inside-inner-col,.kadence-column8182_629cde-44 > .kt-inside-inner-col:before{border-top-left-radius:0px;border-top-right-radius:0px;border-bottom-right-radius:0px;border-bottom-left-radius:0px;}.kadence-column8182_629cde-44 > .kt-inside-inner-col{column-gap:var(--global-kb-gap-sm, 1rem);}.kadence-column8182_629cde-44 > .kt-inside-inner-col{flex-direction:column;}.kadence-column8182_629cde-44 > .kt-inside-inner-col > .aligncenter{width:100%;}.kadence-column8182_629cde-44 > .kt-inside-inner-col:before{opacity:0.3;}.kadence-column8182_629cde-44{position:relative;}@media all and (max-width: 1024px){.kadence-column8182_629cde-44 > .kt-inside-inner-col{flex-direction:column;justify-content:center;}}@media all and (max-width: 767px){.kadence-column8182_629cde-44 > .kt-inside-inner-col{flex-direction:column;justify-content:center;}}<\/style>\n<div class=\"wp-block-kadence-column kadence-column8182_629cde-44\"><div class=\"kt-inside-inner-col\">\n<h2 class=\"gb-headline gb-headline-terrassa-h2-trastornos gb-headline-text\">Problemes que tractem<\/h2>\n\n\n\n<ul class=\"wp-block-list\">\n<li><strong>Ansietat<\/strong>: Crisi de p\u00e0nic, f\u00f2bies espec\u00edfiques<\/li>\n\n\n\n<li><strong>Depressi\u00f3<\/strong>: Trastorn bipolar, duels patol\u00f2gics<\/li>\n\n\n\n<li><strong>Addiccions<\/strong>: Ludopatia, addicci\u00f3 a noves tecnologies<\/li>\n\n\n\n<li><strong>Problemes relacionals<\/strong>: Conflictes familiars, gelosia<\/li>\n\n\n\n<li><strong>Trastorns infantils:<\/strong> F\u00f2bies, mutisme selectiu<\/li>\n<\/ul>\n<\/div><\/div>\n\n<\/div><\/div>\n\n<style>.kb-row-layout-wrap.wp-block-kadence-rowlayout.kb-row-layout-id8182_8edb05-dd{margin-bottom:0px;}.kb-row-layout-id8182_8edb05-dd > .kt-row-column-wrap{align-content:start;}:where(.kb-row-layout-id8182_8edb05-dd > .kt-row-column-wrap) > .wp-block-kadence-column{justify-content:start;}.kb-row-layout-id8182_8edb05-dd > .kt-row-column-wrap{column-gap:var(--global-kb-gap-md, 2rem);row-gap:var(--global-kb-gap-md, 2rem);padding-top:var(--global-kb-spacing-sm, 1.5rem);padding-bottom:var(--global-kb-spacing-sm, 1.5rem);grid-template-columns:repeat(2, minmax(0, 1fr));}.kb-row-layout-id8182_8edb05-dd > .kt-row-layout-overlay{opacity:0.30;}@media all and (max-width: 1024px){.kb-row-layout-id8182_8edb05-dd > .kt-row-column-wrap{grid-template-columns:repeat(2, minmax(0, 1fr));}}@media all and (max-width: 767px){.kb-row-layout-id8182_8edb05-dd > .kt-row-column-wrap{grid-template-columns:minmax(0, 1fr);}}<\/style><div class=\"kb-row-layout-wrap kb-row-layout-id8182_8edb05-dd alignnone wp-block-kadence-rowlayout\"><div class=\"kt-row-column-wrap kt-has-2-columns kt-row-layout-equal kt-tab-layout-inherit kt-mobile-layout-row kt-row-valign-top\">\n<style>.kadence-column8182_19a588-f3 > .kt-inside-inner-col,.kadence-column8182_19a588-f3 > .kt-inside-inner-col:before{border-top-left-radius:0px;border-top-right-radius:0px;border-bottom-right-radius:0px;border-bottom-left-radius:0px;}.kadence-column8182_19a588-f3 > .kt-inside-inner-col{column-gap:var(--global-kb-gap-sm, 1rem);}.kadence-column8182_19a588-f3 > .kt-inside-inner-col{flex-direction:column;}.kadence-column8182_19a588-f3 > .kt-inside-inner-col > .aligncenter{width:100%;}.kadence-column8182_19a588-f3 > .kt-inside-inner-col:before{opacity:0.3;}.kadence-column8182_19a588-f3{position:relative;}@media all and (max-width: 1024px){.kadence-column8182_19a588-f3 > .kt-inside-inner-col{flex-direction:column;justify-content:center;}}@media all and (max-width: 767px){.kadence-column8182_19a588-f3 > .kt-inside-inner-col{flex-direction:column;justify-content:center;}}<\/style>\n<div class=\"wp-block-kadence-column kadence-column8182_19a588-f3\"><div class=\"kt-inside-inner-col\">\n<h2 class=\"gb-headline gb-headline-terrassa-h2-contacto gb-headline-text\">Consulta amb els nostres psic\u00f2legs a Terrassa<\/h2>\n\n\n\n<p>\ud83d\udccd <strong><strong>Direcci\u00f3n<\/strong>:<\/strong> <a href=\"https:\/\/maps.app.goo.gl\/ZUvsNLNMLLGqCT147\" target=\"_blank\" rel=\"noreferrer noopener\">Carrer de Galileu, 325, 08224 Terrassa, Barcelona<br>Consultorio Dr. Josep Gual<\/a><\/p>\n\n\n\n<p>\ud83d\udd52 <strong>Horari:<\/strong> Lunes a Viernes de 9:00 a 20:00 (con cita previa)<\/p>\n\n\n\n<p>\ud83d\udcde <strong>Contacte:<\/strong> <a href=\"tel:937172652\">93 717 26 52<\/a> | <a href=\"tel:616439024\">616 439 024<\/a><\/p>\n\n\n\n<a class=\"gb-button gb-button-terrassa-btn gb-button-text\" href=\"https:\/\/gadex.es\/contactar\/\">Demaneu cita ara<\/a>\n<\/div><\/div>\n\n\n<style>.kadence-column8182_ebf2cf-28 > .kt-inside-inner-col,.kadence-column8182_ebf2cf-28 > .kt-inside-inner-col:before{border-top-left-radius:0px;border-top-right-radius:0px;border-bottom-right-radius:0px;border-bottom-left-radius:0px;}.kadence-column8182_ebf2cf-28 > .kt-inside-inner-col{column-gap:var(--global-kb-gap-sm, 1rem);}.kadence-column8182_ebf2cf-28 > .kt-inside-inner-col{flex-direction:column;}.kadence-column8182_ebf2cf-28 > .kt-inside-inner-col > .aligncenter{width:100%;}.kadence-column8182_ebf2cf-28 > .kt-inside-inner-col:before{opacity:0.3;}.kadence-column8182_ebf2cf-28{position:relative;}@media all and (max-width: 1024px){.kadence-column8182_ebf2cf-28 > .kt-inside-inner-col{flex-direction:column;justify-content:center;}}@media all and (max-width: 767px){.kadence-column8182_ebf2cf-28 > .kt-inside-inner-col{flex-direction:column;justify-content:center;}}<\/style>\n<div class=\"wp-block-kadence-column kadence-column8182_ebf2cf-28\"><div class=\"kt-inside-inner-col\"><p><iframe src=\"https:\/\/www.google.com\/maps\/embed?pb=!1m18!1m12!1m3!1d5970.3218086142715!2d2.0027624118812195!3d41.565762071158!2m3!1f0!2f0!3f0!3m2!1i1024!2i768!4f13.1!3m3!1m2!1s0x12a494e5dd6a86ab%3A0x7d24612cbad5f805!2sGADEX%20-%20PSICOLOGIA%20CL%C3%8DNICA!5e0!3m2!1ses!2ses!4v1764001295007!5m2!1ses!2ses\" width=\"600\" height=\"450\" style=\"border:0;\" allowfullscreen=\"\" loading=\"lazy\" referrerpolicy=\"no-referrer-when-downgrade\"><\/iframe><\/p>\n<\/div><\/div>\n\n<\/div><\/div>","protected":false},"excerpt":{"rendered":"<p>Psic\u00f2legs a Terrassa &#8211; GADEX A GADEX, som psic\u00f2legs a Terrassa especialitzats en psicologia cl\u00ednica, oferint tractaments personalitzats per millorar el teu benestar emocional. Des de la nostra cl\u00ednica a Terrassa, atenem adults, parelles i fam\u00edlies del Vall\u00e8s Occidental amb serveis com psicoter\u00e0pia, psicodiagn\u00f2stic i ter\u00e0pia de parella. Si busques psic\u00f2legs a Terrassa que t&#8217;ajudin &#8230; <a title=\"Psic\u00f2legs Terrassa\" class=\"read-more\" href=\"https:\/\/gadex.es\/ca\/psicolegs-terrassa\/\" aria-label=\"M\u00e9s informaci\u00f3 sobre Psic\u00f2legs Terrassa\">Read More<\/a><\/p>\n","protected":false},"author":1,"featured_media":0,"parent":0,"menu_order":2,"comment_status":"closed","ping_status":"closed","template":"","meta":{"footnotes":""},"class_list":["post-8182","page","type-page","status-publish"],"_links":{"self":[{"href":"https:\/\/gadex.es\/ca\/wp-json\/wp\/v2\/pages\/8182","targetHints":{"allow":["GET"]}}],"collection":[{"href":"https:\/\/gadex.es\/ca\/wp-json\/wp\/v2\/pages"}],"about":[{"href":"https:\/\/gadex.es\/ca\/wp-json\/wp\/v2\/types\/page"}],"author":[{"embeddable":true,"href":"https:\/\/gadex.es\/ca\/wp-json\/wp\/v2\/users\/1"}],"replies":[{"embeddable":true,"href":"https:\/\/gadex.es\/ca\/wp-json\/wp\/v2\/comments?post=8182"}],"version-history":[{"count":4,"href":"https:\/\/gadex.es\/ca\/wp-json\/wp\/v2\/pages\/8182\/revisions"}],"predecessor-version":[{"id":8754,"href":"https:\/\/gadex.es\/ca\/wp-json\/wp\/v2\/pages\/8182\/revisions\/8754"}],"wp:attachment":[{"href":"https:\/\/gadex.es\/ca\/wp-json\/wp\/v2\/media?parent=8182"}],"curies":[{"name":"wp","href":"https:\/\/api.w.org\/{rel}","templated":true}]}}