{"id":8184,"date":"2025-04-27T13:23:00","date_gmt":"2025-04-27T11:23:00","guid":{"rendered":"https:\/\/gadex.es\/?page_id=8184"},"modified":"2025-12-16T16:19:18","modified_gmt":"2025-12-16T15:19:18","slug":"tractaments-psicologics","status":"publish","type":"page","link":"https:\/\/gadex.es\/ca\/tractaments-psicologics\/","title":{"rendered":"Tractaments psicol\u00f2gics"},"content":{"rendered":"<div class=\"gb-container gb-container-67e8d169\">\n<div class=\"gb-container gb-container-08e63f2a\">\n<div class=\"gb-container gb-container-44abfbf4\">\n\n<h1 class=\"gb-headline gb-headline-f14d9018 gb-headline-text\">Tractaments psicol\u00f2gics<\/h1>\n\n<\/div>\n<\/div>\n<\/div>\n\n<div class=\"gb-container gb-container-6a92d610\">\n<div class=\"gb-container gb-container-099ef5fb\"><\/div>\n\n<div class=\"gb-container gb-container-ba3d2b40\">\n\n<h2 class=\"gb-headline gb-headline-f2728717\"><span class=\"gb-icon\"><svg aria-hidden=\"true\" role=\"img\" height=\"1em\" width=\"1em\" viewBox=\"0 0 512 512\" xmlns=\"http:\/\/www.w3.org\/2000\/svg\"><path fill=\"currentColor\" d=\"M173.898 439.404l-166.4-166.4c-9.997-9.997-9.997-26.206 0-36.204l36.203-36.204c9.997-9.998 26.207-9.998 36.204 0L192 312.69 432.095 72.596c9.997-9.997 26.207-9.997 36.204 0l36.203 36.204c9.997 9.997 9.997 26.206 0 36.204l-294.4 294.401c-9.998 9.997-26.207 9.997-36.204-.001z\"><\/path><\/svg><\/span><span class=\"gb-headline-text\"><a href=\"https:\/\/gadex.es\/ca\/tractaments-psicologics\/psicologia-clinica\/\">Psicologia Cl\u00ednica<\/a><\/span><\/h2>\n\n\n<div class=\"gb-container gb-container-e4251df7\">\n<div class=\"gb-container gb-container-013c362b\">\n\n<p><a href=\"https:\/\/gadex.es\/ca\/tractaments-psicologics\/psicologia-clinica\/psicoterapia\/\">Psicoter\u00e0pia<\/a><br> <a href=\"https:\/\/gadex.es\/ca\/tractaments-psicologics\/psicologia-clinica\/terapia-de-parella\/\">Ter\u00e0pia de Parella<\/a><br> <a href=\"https:\/\/gadex.es\/ca\/tractaments-psicologics\/psicologia-clinica\/terapia-de-familia\/\">Ter\u00e0pia de Fam\u00edlia<\/a><br> <a href=\"https:\/\/gadex.es\/ca\/tractaments-psicologics\/psicologia-clinica\/ansietat\/\">Ansietat<\/a><br> <a href=\"https:\/\/gadex.es\/ca\/tractaments-psicologics\/psicologia-clinica\/fobies\/\">F\u00f2bies<\/a><br> <a href=\"https:\/\/gadex.es\/ca\/tractaments-psicologics\/psicologia-clinica\/depressio\/\">Depressi\u00f3<\/a><br> <a href=\"https:\/\/gadex.es\/ca\/tractaments-psicologics\/psicologia-clinica\/obsessions-compulsions\/\">Obsessions \u2013 Compulsions<\/a><br> <a href=\"https:\/\/gadex.es\/ca\/tractaments-psicologics\/psicologia-clinica\/autoestima\/\">Autoestima<\/a><br> <a href=\"https:\/\/gadex.es\/ca\/tractaments-psicologics\/psicologia-clinica\/dependencia-emocional\/\">Depend\u00e8ncia Emocional<\/a><br> <a href=\"https:\/\/gadex.es\/ca\/tractaments-psicologics\/psicologia-clinica\/el-dol\/\">El Dol<\/a><br> <a href=\"https:\/\/gadex.es\/ca\/tractaments-psicologics\/psicologia-clinica\/trastorns-de-la-personalitat\/\">Trastorns de la Personalitat<\/a><br> <a href=\"https:\/\/gadex.es\/ca\/tractaments-psicologics\/psicologia-clinica\/transtorns-del-comportament-alimentari\/\">Trastorns del Comportament Alimentari<\/a><\/p>\n\n<\/div>\n\n<div class=\"gb-container gb-container-404ce997\">\n\n<h3 class=\"gb-headline gb-headline-8c2d4926 gb-headline-text\">Addiccions<\/h3>\n\n\n\n<p><a href=\"https:\/\/gadex.es\/ca\/tractaments-psicologics\/psicologia-clinica\/addiccions-conductuals\/\">Addiccions Conductuals<\/a><br> <a href=\"https:\/\/gadex.es\/ca\/tractaments-psicologics\/psicologia-clinica\/ludopatia-joc-patologic\/\">Ludopatia. Addicci\u00f3 al Joc<\/a><br> <a href=\"https:\/\/gadex.es\/ca\/tractaments-psicologics\/psicologia-clinica\/addiccio-a-internet\/\">Addicci\u00f3 a Internet<\/a><br> <a href=\"https:\/\/gadex.es\/ca\/tractaments-psicologics\/psicologia-clinica\/dependencia-emocional\/\">Addicci\u00f3 interpersonal<\/a><br> <a href=\"https:\/\/gadex.es\/ca\/tractaments-psicologics\/psicologia-clinica\/addiccio-al-sexe\/\">Addicci\u00f3 al Sexe<\/a><br> <a href=\"https:\/\/gadex.es\/ca\/tractaments-psicologics\/psicologia-clinica\/addiccio-a-les-compres\/\">Addicci\u00f3 a les compres<\/a><br> <a href=\"https:\/\/gadex.es\/ca\/tractaments-psicologics\/psicologia-clinica\/addiccio-al-menjar\/\">Addicci\u00f3 al menjar<\/a><br> <a href=\"https:\/\/gadex.es\/ca\/tractaments-psicologics\/psicologia-clinica\/addiccio-al-treball\/\">Addicci\u00f3 al treball<\/a><\/p>\n\n<\/div>\n<\/div>\n<\/div>\n<\/div>\n\n<div class=\"gb-container gb-container-29b266f3\">\r\n<div class=\"gb-container gb-container-ccae6aa2\">\r\n\r\n<h2 class=\"gb-headline gb-headline-17890b0d\"><span class=\"gb-headline-text\"><a href=\"https:\/\/gadex.es\/ca\/tractaments-psicologics\/sexologia-clinica\/\">Sexologia Cl\u00ednica<\/a><\/span><\/h2>\r\n\r\n\r\n\r\n\r\n<a href=\"https:\/\/gadex.es\/ca\/tractaments-psicologics\/sexologia-clinica\/desig-sexual-inhibit\/\">Desig Sexual Inhibit<\/a><br\/ >\r\n<a href=\"https:\/\/gadex.es\/ca\/tractaments-psicologics\/sexologia-clinica\/aversio-al-sexe\/\">Aversi\u00f3 al sexe<\/a><br\/ >\r\n<a href=\"https:\/\/gadex.es\/ca\/tractaments-psicologics\/psicologia-clinica\/addiccio-al-sexe\/\">Addicci\u00f3 al Sexe<\/a><br\/ >\r\n<a href=\"https:\/\/gadex.es\/ca\/tractaments-psicologics\/sexologia-clinica\/anorgasmia\/\">Anorg\u00e0smia<\/a><br\/ >\r\n<a href=\"https:\/\/gadex.es\/ca\/tractaments-psicologics\/sexologia-clinica\/vaginisme\/\">Vaginisme<\/a><br\/ >\r\n<a href=\"https:\/\/gadex.es\/ca\/tractaments-psicologics\/sexologia-clinica\/ejaculacio-precoc\/\">Ejaculaci\u00f3 preco\u00e7<\/a><br\/ >\r\nEjaculaci\u00f3 retardada<br\/ >\r\n<a href=\"https:\/\/gadex.es\/ca\/tractaments-psicologics\/sexologia-clinica\/disfuncio-erectil\/\">Disfunci\u00f3 er\u00e8ctil<\/a><br\/ >\r\n\r\n\r\n<\/div>\r\n\r\n<div class=\"gb-container gb-container-db0e949c\"><\/div>\r\n<\/div>\n\n<div class=\"gb-container gb-container-7f03ab75\">\n<div class=\"gb-container gb-container-9d9ca50d\"><\/div>\n\n<div class=\"gb-container gb-container-b1927eeb\">\n\n<h2 class=\"gb-headline gb-headline-1c46cde5\"><span class=\"gb-icon\"><svg aria-hidden=\"true\" role=\"img\" height=\"1em\" width=\"1em\" viewBox=\"0 0 512 512\" xmlns=\"http:\/\/www.w3.org\/2000\/svg\"><path fill=\"currentColor\" d=\"M173.898 439.404l-166.4-166.4c-9.997-9.997-9.997-26.206 0-36.204l36.203-36.204c9.997-9.998 26.207-9.998 36.204 0L192 312.69 432.095 72.596c9.997-9.997 26.207-9.997 36.204 0l36.203 36.204c9.997 9.997 9.997 26.206 0 36.204l-294.4 294.401c-9.998 9.997-26.207 9.997-36.204-.001z\"><\/path><\/svg><\/span><span class=\"gb-headline-text\"><a href=\"https:\/\/gadex.es\/ca\/tractaments-psicologics\/psicolegs-especialistes-en-adolescents\/\">Adolesc\u00e8ncia<\/a><\/span><\/h2>\n\n\n\n<p><a href=\"https:\/\/gadex.es\/ca\/tractaments-psicologics\/psicolegs-especialistes-en-adolescents\/\">Adolesc\u00e8ncia<\/a><\/p>\n\n<\/div>\n<\/div>","protected":false},"excerpt":{"rendered":"<p>Tractaments psicol\u00f2gics Adolesc\u00e8ncia Adolesc\u00e8ncia<\/p>\n","protected":false},"author":1,"featured_media":0,"parent":0,"menu_order":5,"comment_status":"closed","ping_status":"closed","template":"","meta":{"footnotes":""},"class_list":["post-8184","page","type-page","status-publish"],"_links":{"self":[{"href":"https:\/\/gadex.es\/ca\/wp-json\/wp\/v2\/pages\/8184","targetHints":{"allow":["GET"]}}],"collection":[{"href":"https:\/\/gadex.es\/ca\/wp-json\/wp\/v2\/pages"}],"about":[{"href":"https:\/\/gadex.es\/ca\/wp-json\/wp\/v2\/types\/page"}],"author":[{"embeddable":true,"href":"https:\/\/gadex.es\/ca\/wp-json\/wp\/v2\/users\/1"}],"replies":[{"embeddable":true,"href":"https:\/\/gadex.es\/ca\/wp-json\/wp\/v2\/comments?post=8184"}],"version-history":[{"count":5,"href":"https:\/\/gadex.es\/ca\/wp-json\/wp\/v2\/pages\/8184\/revisions"}],"predecessor-version":[{"id":8857,"href":"https:\/\/gadex.es\/ca\/wp-json\/wp\/v2\/pages\/8184\/revisions\/8857"}],"wp:attachment":[{"href":"https:\/\/gadex.es\/ca\/wp-json\/wp\/v2\/media?parent=8184"}],"curies":[{"name":"wp","href":"https:\/\/api.w.org\/{rel}","templated":true}]}}