{"id":8195,"date":"2020-08-21T18:18:51","date_gmt":"2020-08-21T16:18:51","guid":{"rendered":"https:\/\/gadex.es\/?page_id=8195"},"modified":"2025-12-17T13:47:45","modified_gmt":"2025-12-17T12:47:45","slug":"psicologia-clinica","status":"publish","type":"page","link":"https:\/\/gadex.es\/ca\/tractaments-psicologics\/psicologia-clinica\/","title":{"rendered":"Psicologia Cl\u00ednica"},"content":{"rendered":"<div class=\"gb-container gb-container-ae71a6e8\">\n<div class=\"gb-container gb-container-1f0c231f\">\n<div class=\"gb-container gb-container-d27aa2df\">\n<div class=\"gb-container gb-container-50e6eec5\">\n\n<h2 class=\"gb-headline gb-headline-a1687261\"><span class=\"gb-icon\"><svg aria-hidden=\"true\" height=\"1em\" width=\"1em\" viewBox=\"0 0 256 512\" xmlns=\"http:\/\/www.w3.org\/2000\/svg\"><path fill=\"currentColor\" d=\"M224.3 273l-136 136c-9.4 9.4-24.6 9.4-33.9 0l-22.6-22.6c-9.4-9.4-9.4-24.6 0-33.9l96.4-96.4-96.4-96.4c-9.4-9.4-9.4-24.6 0-33.9L54.3 103c9.4-9.4 24.6-9.4 33.9 0l136 136c9.5 9.4 9.5 24.6.1 34z\"><\/path><\/svg><\/span><span class=\"gb-headline-text\">Psic\u00f2legs Cl\u00ednics<\/span><\/h2>\n\n\n\n<p class=\"gb-headline gb-headline-1e7e566c gb-headline-text\"><strong>Psicologia Cl\u00ednica<\/strong>&nbsp;\u00e9s l&#8217;especialitat dins de la Psicologia que s&#8217;ocupa de dur a terme&nbsp;<strong>Avaluaci\u00f3, Diagn\u00f2stic, Prevenci\u00f3&nbsp;i Tractament<\/strong>&nbsp;dels trastorns, dificultats i problemes de tipus psicol\u00f2gic que afecten les persones en el seu dia a dia i en la seva qualitat de vida.<\/p>\n\n\n\n<p>A la&nbsp;<strong>Psicologia Cl\u00ednica<\/strong>&nbsp;existeixen diferents escoles o maneres d&#8217;interpretar la realitat psicol\u00f2gica:<\/p>\n\n\n\n<ul class=\"wp-block-list\">\n<li>Conductista<\/li>\n\n\n\n<li>Cognitiu-Conductual<\/li>\n\n\n\n<li>Psicoanal\u00edtica<\/li>\n\n\n\n<li>Gestalt<\/li>\n\n\n\n<li>Humanista<\/li>\n\n\n\n<li>Constructivista<\/li>\n\n\n\n<li>etc.<\/li>\n<\/ul>\n\n<\/div>\n\n<div class=\"gb-container gb-container-88e2ffe8\">\n\n<figure class=\"gb-block-image gb-block-image-d751d792\"><img loading=\"lazy\" decoding=\"async\" width=\"1032\" height=\"1548\" class=\"gb-image gb-image-d751d792 no-visual-search-edge\" src=\"https:\/\/gadex.es\/wp-content\/uploads\/2025\/03\/pexels-shvets-production-7176172.jpg\" alt=\"\" title=\"pexels-shvets-production-7176172\" srcset=\"https:\/\/gadex.es\/wp-content\/uploads\/2025\/03\/pexels-shvets-production-7176172.jpg 1032w, https:\/\/gadex.es\/wp-content\/uploads\/2025\/03\/pexels-shvets-production-7176172-200x300.jpg 200w, https:\/\/gadex.es\/wp-content\/uploads\/2025\/03\/pexels-shvets-production-7176172-683x1024.jpg 683w, https:\/\/gadex.es\/wp-content\/uploads\/2025\/03\/pexels-shvets-production-7176172-768x1152.jpg 768w, https:\/\/gadex.es\/wp-content\/uploads\/2025\/03\/pexels-shvets-production-7176172-1024x1536.jpg 1024w\" sizes=\"auto, (max-width: 1032px) 100vw, 1032px\" \/><\/figure>\n\n<\/div>\n<\/div>\n<\/div>\n<\/div>\n\n<div class=\"gb-container gb-container-7a8e66f9\">\n<div class=\"gb-container gb-container-823261a7\">\n<div class=\"gb-container gb-container-225204aa\">\n<div class=\"gb-container gb-container-9ba79660\">\n\n<figure class=\"gb-block-image gb-block-image-b837746c\"><img loading=\"lazy\" decoding=\"async\" width=\"1024\" height=\"683\" class=\"gb-image gb-image-b837746c no-visual-search-edge\" src=\"https:\/\/gadex.es\/wp-content\/uploads\/2025\/04\/family-therapy-psychologist-office-1024x683.jpg\" alt=\"\" title=\"family-therapy-psychologist-office\" srcset=\"https:\/\/gadex.es\/wp-content\/uploads\/2025\/04\/family-therapy-psychologist-office-1024x683.jpg 1024w, https:\/\/gadex.es\/wp-content\/uploads\/2025\/04\/family-therapy-psychologist-office-300x200.jpg 300w, https:\/\/gadex.es\/wp-content\/uploads\/2025\/04\/family-therapy-psychologist-office-768x512.jpg 768w, https:\/\/gadex.es\/wp-content\/uploads\/2025\/04\/family-therapy-psychologist-office-1536x1024.jpg 1536w, https:\/\/gadex.es\/wp-content\/uploads\/2025\/04\/family-therapy-psychologist-office-2048x1365.jpg 2048w\" sizes=\"auto, (max-width: 1024px) 100vw, 1024px\" \/><\/figure>\n\n<\/div>\n\n<div class=\"gb-container gb-container-524e83e3\">\n\n<p>\u00c9s habitual que els Psic\u00f2legs Cl\u00ednics no utilitzin nom\u00e9s les eines d&#8217;una sola escola, sin\u00f3 que en combinin diverses als seus tractaments.<\/p>\n\n\n\n<p><strong>Psic\u00f2leg Cl\u00ednic<\/strong>&nbsp;\u00e9s el professional de la salut que aplica els fonaments de la ci\u00e8ncia de la conducta humana a la resoluci\u00f3 dels problemes emocionals i de conducta, tals com:<\/p>\n\n\n\n<ul class=\"wp-block-list\">\n<li>Depressi\u00f3<\/li>\n\n\n\n<li>Ansietat<\/li>\n\n\n\n<li>F\u00f2bies<\/li>\n\n\n\n<li>Obsessions<\/li>\n\n\n\n<li>Addiccions<\/li>\n\n\n\n<li>Problemes de Parella, Familiars<\/li>\n\n\n\n<li>Abusos sexuals<\/li>\n\n\n\n<li>Dificultats d&#8217;aprenentatge<\/li>\n\n\n\n<li>Pressa de decisions, Etc&#8230;<\/li>\n<\/ul>\n\n\n\n<p>Els Psic\u00f2legs Cl\u00ednics s\u00f3n els encarregats de diagnosticar els problemes psicol\u00f2gics per, posteriorment, dur a terme un tractament personalitzat mitjan\u00e7ant la&nbsp;<strong>psicoter\u00e0pia<\/strong>.<\/p>\n\n<\/div>\n<\/div>\n<\/div>\n<\/div>\n\n<div class=\"gb-container gb-container-dcfae205\">\n<div class=\"gb-container gb-container-d0189c11\">\n<div class=\"gb-container gb-container-ab65c36c\">\n\n<h2 class=\"gb-headline gb-headline-ba19af6f\"><span class=\"gb-icon\"><svg aria-hidden=\"true\" height=\"1em\" width=\"1em\" viewBox=\"0 0 256 512\" xmlns=\"http:\/\/www.w3.org\/2000\/svg\"><path fill=\"currentColor\" d=\"M224.3 273l-136 136c-9.4 9.4-24.6 9.4-33.9 0l-22.6-22.6c-9.4-9.4-9.4-24.6 0-33.9l96.4-96.4-96.4-96.4c-9.4-9.4-9.4-24.6 0-33.9L54.3 103c9.4-9.4 24.6-9.4 33.9 0l136 136c9.5 9.4 9.5 24.6.1 34z\"><\/path><\/svg><\/span><span class=\"gb-headline-text\">Sessions de psicoter\u00e0pia<\/span><\/h2>\n\n\n\n<p class=\"has-text-align-center\">Despr\u00e9s de l&#8217;avaluaci\u00f3 dels trastorns, problemes, s\u00edmptomes i signes del pacient i\/o client i d&#8217;haver pogut realitzar un psicodiagn\u00f2stic o hip\u00f2tesi de treball, es pot iniciar la psicoter\u00e0pia.<\/p>\n\n\n\n<h3 class=\"gb-headline gb-headline-ef45f426 gb-headline-text\">Seguint dues l\u00ednies, una cognitiva i una altra vivencial.<\/h3>\n\n\n\n<p class=\"has-text-align-center\"><strong>Psicoter\u00e0pia cognitiva<\/strong>&nbsp;est\u00e0 relacionada amb els pensaments, creences, viv\u00e8ncies, interpretacions, distorsions cognitives, etc.<\/p>\n\n\n\n<p class=\"has-text-align-center\"><strong>Psicoter\u00e0pia vivencial<\/strong>&nbsp;va en la direcci\u00f3 de viure&nbsp;<strong>experi\u00e8ncies<\/strong>&nbsp;que ajudin a interioritzar noves estrat\u00e8gies psicol\u00f2giques per afrontar les circumst\u00e0ncies de manera positiva i resolutiva.<\/p>\n\n\n\n<p class=\"has-text-align-center\">El nostre objectiu com a&nbsp;<strong>psic\u00f2legs cl\u00ednics<\/strong>&nbsp;\u00e9s ajudar a trobar les solucions i estrat\u00e8gies perqu\u00e8 els nostres pacients i\/o clients puguin resoldre els seus problemes i assolir els seus objectius.<\/p>\n\n<\/div>\n<\/div>\n<\/div>\n\n<div class=\"gb-container gb-container-9a81f5cf\"><\/div>\n\n<div class=\"gb-container gb-container-00d884fc\">\n<div class=\"gb-container gb-container-2465405d\">\n<div class=\"gb-container gb-container-d75eec19\">\n\n<h2 class=\"gb-headline gb-headline-f75fe938\"><span class=\"gb-icon\"><svg aria-hidden=\"true\" height=\"1em\" width=\"1em\" viewBox=\"0 0 256 512\" xmlns=\"http:\/\/www.w3.org\/2000\/svg\"><path fill=\"currentColor\" d=\"M224.3 273l-136 136c-9.4 9.4-24.6 9.4-33.9 0l-22.6-22.6c-9.4-9.4-9.4-24.6 0-33.9l96.4-96.4-96.4-96.4c-9.4-9.4-9.4-24.6 0-33.9L54.3 103c9.4-9.4 24.6-9.4 33.9 0l136 136c9.5 9.4 9.5 24.6.1 34z\"><\/path><\/svg><\/span><span class=\"gb-headline-text\">Cl\u00ednica Adults<\/span><\/h2>\n\n\n\n<h2 class=\"gb-headline gb-headline-bf0ed149 gb-headline-text\">Psicologia cl\u00ednica<\/h2>\n\n\n\n<p>A GADEX ens especialitzem a atendre les necessitats psicol\u00f2giques dels adults, oferint un enfocament integral que combina avaluaci\u00f3, diagn\u00f2stic i tractament per millorar el teu benestar en tots els \u00e0mbits de la vida.<\/p>\n\n\n\n<p>Psicologia cl\u00ednica. A la cl\u00ednica d&#8217;adults s&#8217;atenen els trastorns psicol\u00f2gics relacionats amb la vida adulta a nivell personal, de parella, familiar, laboral, etc.<\/p>\n\n\n\n<ul class=\"wp-block-list\">\n<li><strong>Es realitzen psicodiagn\u00f2stics.<\/strong><\/li>\n\n\n\n<li><strong>Tractaments de tipus psicol\u00f2gic<\/strong> Psicoter\u00e0pia individual, de parella, de grup.<\/li>\n\n\n\n<li><strong>Psicoan\u00e0lisi<\/strong><\/li>\n\n\n\n<li><strong>Tractaments de tipus sexol\u00f2gic.<\/strong><\/li>\n\n\n\n<li><strong>Mediaci\u00f3.<\/strong><\/li>\n\n\n\n<li><strong>Orientaci\u00f3 vocacional i professional<\/strong><\/li>\n<\/ul>\n\n\n\n<h2 class=\"gb-headline gb-headline-20d9dfb1 gb-headline-text\">Psicodiagn\u00f2stic<\/h2>\n\n\n\n<p>L&#8217;objectiu del psicodiagn\u00f2stic \u00e9s comprendre en profunditat la teva situaci\u00f3 i establir una hip\u00f2tesi de treball que gui\u00ef el tractament m\u00e9s adequat. An\u00e0lisi i valoraci\u00f3 dels diferents factors que componen la personalitat.<\/p>\n\n\n\n<ul class=\"wp-block-list\">\n<li><strong>Anamnesi i exploraci\u00f3 cl\u00ednica de la personalitat.<\/strong><\/li>\n\n\n\n<li><strong>Nivell intel\u00b7lectual.<\/strong><\/li>\n\n\n\n<li><strong>Caracter\u00edstiques de la personalitat:&nbsp;<\/strong>afectivitat, \u00e0rees conflictives<strong>.<\/strong><\/li>\n\n\n\n<li><strong>Exploraci\u00f3 paracl\u00ednica<\/strong> E.E.G. Informe Neurol\u00f2gic.<\/li>\n\n\n\n<li><strong>Orientaci\u00f3 vocacional i professional.<\/strong><\/li>\n<\/ul>\n\n\n\n<h2 class=\"gb-headline gb-headline-adaade47 gb-headline-text\">Psicoter\u00e0pia<\/h2>\n\n\n\n<p>Tractament dels diversos trastorns emocionals i de conducta que dificulten el desenvolupament normal de la personalitat.<\/p>\n\n\n\n<ul class=\"wp-block-list\">\n<li><strong>Ansietat<\/strong> Crisi d&#8217;ansietat, ansietat generalitzada, estr\u00e8s posttraum\u00e0tic.<\/li>\n\n\n\n<li><strong>F\u00f2bies, pors:&nbsp;<\/strong>Claustrof\u00f2bia, agoraf\u00f2bia, por a les altures, sang, injeccions, etc.<\/li>\n\n\n\n<li><strong>Obsessions i compulsions<\/strong> Pensaments i actes repetitius.<\/li>\n\n\n\n<li><strong>Trastorns de l&#8217;estat d&#8217;\u00e0nim:&nbsp;<\/strong>Depressi\u00f3, alteraci\u00f3 c\u00edclica de l&#8217;humor.<\/li>\n\n\n\n<li><strong>Dificultat de p\u00e8rdua i separaci\u00f3<\/strong> Dol, parella, feina.<\/li>\n\n\n\n<li><strong>Addiccions<\/strong> Joc, alcohol, c\u00e0nnabis, internet, sexe, compres\u2026<\/li>\n\n\n\n<li><strong>Anor\u00e8xia nerviosa. Bul\u00edmia nerviosa. (TCA)&nbsp;<\/strong>Trastorns de la conducta aliment\u00e0ria.<\/li>\n\n\n\n<li><strong>Dificultat en les relacions interpersonals<\/strong> Depend\u00e8ncia emocional, manca d&#8217;habilitats socials, timidesa, etc.<\/li>\n\n\n\n<li><strong>Problemes d&#8217;autoestima, autoconcepte, autoimatge.<\/strong><\/li>\n\n\n\n<li><strong>Trastorns de la personalitat,&nbsp;<\/strong>trastorn esquizoide, paranoide, l\u00edmit, histri\u00f2nic, narcisista, disocial, per evitaci\u00f3, obsessiu\u2026&nbsp;<\/li>\n\n\n\n<li><strong>Trastorns psicosom\u00e0tics<\/strong> Dolors abdominals, cefalees, vertigen, asma, problemes de la pell, etc.<\/li>\n<\/ul>\n\n\n\n<h2 class=\"gb-headline gb-headline-4fb43a16 gb-headline-text\">Psicoan\u00e0lisi<\/h2>\n\n\n\n<ul class=\"wp-block-list\">\n<li>Ter\u00e0pia anal\u00edtica<\/li>\n<\/ul>\n\n\n\n<h2 class=\"gb-headline gb-headline-e9d7fa8f gb-headline-text\">Ter\u00e0pia de parella i\/o fam\u00edlia<\/h2>\n\n\n\n<p>Orientaci\u00f3 i tractament de les dificultats en les relacions en l&#8217;\u00e0mbit de la parella i\/o de la fam\u00edlia.<\/p>\n\n\n\n<ul class=\"wp-block-list\">\n<li><strong>Dificultats de comunicaci\u00f3 en la parella.<\/strong><\/li>\n\n\n\n<li><strong>Resoluci\u00f3 de conflictes intrafamiliars.<\/strong><\/li>\n\n\n\n<li><strong>Mediaci\u00f3.<\/strong><\/li>\n\n\n\n<li><strong>Dificultats de relaci\u00f3 entre pares i fills, germans, etc.<\/strong><\/li>\n<\/ul>\n\n\n\n<h2 class=\"gb-headline gb-headline-86eea483 gb-headline-text\">Sexologia Cl\u00ednica<\/h2>\n\n\n\n<p>Tractament de les disfuncions sexuals.<\/p>\n\n\n\n<ul class=\"wp-block-list\">\n<li><strong>Trastorns del desig<\/strong> Desig sexual inhib\u00eft. Aversi\u00f3 al sexe. Addicci\u00f3 al sexe.<\/li>\n\n\n\n<li><strong>Trastorns de l&#8217;excitaci\u00f3<\/strong> Disfunci\u00f3 er\u00e8ctil. Dificultat d&#8217;excitaci\u00f3 sexual.<\/li>\n\n\n\n<li><strong>Trastorns org\u00e0smics<\/strong> Anorg\u00e0smia (masculina, femenina).<\/li>\n\n\n\n<li><strong>Trastorns de l&#8217;ejaculaci\u00f3<\/strong> Preco\u00e7, retardada.<\/li>\n\n\n\n<li><strong>Dolor en les relacions sexuals<\/strong> Dispareunia<\/li>\n\n\n\n<li><strong>Vaginisme<\/strong><\/li>\n<\/ul>\n\n<\/div>\n<\/div>\n<\/div>\n\n<div class=\"gb-container gb-container-6a92d610\">\n<div class=\"gb-container gb-container-099ef5fb\"><\/div>\n\n<div class=\"gb-container gb-container-ba3d2b40\">\n\n<h2 class=\"gb-headline gb-headline-f2728717\"><span class=\"gb-icon\"><svg aria-hidden=\"true\" role=\"img\" height=\"1em\" width=\"1em\" viewBox=\"0 0 512 512\" xmlns=\"http:\/\/www.w3.org\/2000\/svg\"><path fill=\"currentColor\" d=\"M173.898 439.404l-166.4-166.4c-9.997-9.997-9.997-26.206 0-36.204l36.203-36.204c9.997-9.998 26.207-9.998 36.204 0L192 312.69 432.095 72.596c9.997-9.997 26.207-9.997 36.204 0l36.203 36.204c9.997 9.997 9.997 26.206 0 36.204l-294.4 294.401c-9.998 9.997-26.207 9.997-36.204-.001z\"><\/path><\/svg><\/span><span class=\"gb-headline-text\"><a href=\"https:\/\/gadex.es\/ca\/tractaments-psicologics\/psicologia-clinica\/\">Psicologia Cl\u00ednica<\/a><\/span><\/h2>\n\n\n<div class=\"gb-container gb-container-e4251df7\">\n<div class=\"gb-container gb-container-013c362b\">\n\n<p><a href=\"https:\/\/gadex.es\/ca\/tractaments-psicologics\/psicologia-clinica\/psicoterapia\/\">Psicoter\u00e0pia<\/a><br> <a href=\"https:\/\/gadex.es\/ca\/tractaments-psicologics\/psicologia-clinica\/terapia-de-parella\/\">Ter\u00e0pia de Parella<\/a><br> <a href=\"https:\/\/gadex.es\/ca\/tractaments-psicologics\/psicologia-clinica\/terapia-de-familia\/\">Ter\u00e0pia de Fam\u00edlia<\/a><br> <a href=\"https:\/\/gadex.es\/ca\/tractaments-psicologics\/psicologia-clinica\/ansietat\/\">Ansietat<\/a><br> <a href=\"https:\/\/gadex.es\/ca\/tractaments-psicologics\/psicologia-clinica\/fobies\/\">F\u00f2bies<\/a><br> <a href=\"https:\/\/gadex.es\/ca\/tractaments-psicologics\/psicologia-clinica\/depressio\/\">Depressi\u00f3<\/a><br> <a href=\"https:\/\/gadex.es\/ca\/tractaments-psicologics\/psicologia-clinica\/obsessions-compulsions\/\">Obsessions \u2013 Compulsions<\/a><br> <a href=\"https:\/\/gadex.es\/ca\/tractaments-psicologics\/psicologia-clinica\/autoestima\/\">Autoestima<\/a><br> <a href=\"https:\/\/gadex.es\/ca\/tractaments-psicologics\/psicologia-clinica\/dependencia-emocional\/\">Depend\u00e8ncia Emocional<\/a><br> <a href=\"https:\/\/gadex.es\/ca\/tractaments-psicologics\/psicologia-clinica\/el-dol\/\">El Dol<\/a><br> <a href=\"https:\/\/gadex.es\/ca\/tractaments-psicologics\/psicologia-clinica\/trastorns-de-la-personalitat\/\">Trastorns de la Personalitat<\/a><br> <a href=\"https:\/\/gadex.es\/ca\/tractaments-psicologics\/psicologia-clinica\/transtorns-del-comportament-alimentari\/\">Trastorns del Comportament Alimentari<\/a><\/p>\n\n<\/div>\n\n<div class=\"gb-container gb-container-404ce997\">\n\n<h3 class=\"gb-headline gb-headline-8c2d4926 gb-headline-text\">Addiccions<\/h3>\n\n\n\n<p><a href=\"https:\/\/gadex.es\/ca\/tractaments-psicologics\/psicologia-clinica\/addiccions-conductuals\/\">Addiccions Conductuals<\/a><br> <a href=\"https:\/\/gadex.es\/ca\/tractaments-psicologics\/psicologia-clinica\/ludopatia-joc-patologic\/\">Ludopatia. Addicci\u00f3 al Joc<\/a><br> <a href=\"https:\/\/gadex.es\/ca\/tractaments-psicologics\/psicologia-clinica\/addiccio-a-internet\/\">Addicci\u00f3 a Internet<\/a><br> <a href=\"https:\/\/gadex.es\/ca\/tractaments-psicologics\/psicologia-clinica\/dependencia-emocional\/\">Addicci\u00f3 interpersonal<\/a><br> <a href=\"https:\/\/gadex.es\/ca\/tractaments-psicologics\/psicologia-clinica\/addiccio-al-sexe\/\">Addicci\u00f3 al Sexe<\/a><br> <a href=\"https:\/\/gadex.es\/ca\/tractaments-psicologics\/psicologia-clinica\/addiccio-a-les-compres\/\">Addicci\u00f3 a les compres<\/a><br> <a href=\"https:\/\/gadex.es\/ca\/tractaments-psicologics\/psicologia-clinica\/addiccio-al-menjar\/\">Addicci\u00f3 al menjar<\/a><br> <a href=\"https:\/\/gadex.es\/ca\/tractaments-psicologics\/psicologia-clinica\/addiccio-al-treball\/\">Addicci\u00f3 al treball<\/a><\/p>\n\n<\/div>\n<\/div>\n<\/div>\n<\/div>","protected":false},"excerpt":{"rendered":"<p>Psic\u00f2legs Cl\u00ednics Psicologia Cl\u00ednica&nbsp;\u00e9s l&#8217;especialitat dins de la Psicologia que s&#8217;ocupa de dur a terme&nbsp;Avaluaci\u00f3, Diagn\u00f2stic, Prevenci\u00f3&nbsp;i Tractament&nbsp;dels trastorns, dificultats i problemes de tipus psicol\u00f2gic que afecten les persones en el seu dia a dia i en la seva qualitat de vida. A la&nbsp;Psicologia Cl\u00ednica&nbsp;existeixen diferents escoles o maneres d&#8217;interpretar la realitat psicol\u00f2gica: \u00c9s habitual &#8230; <a title=\"Psicologia Cl\u00ednica\" class=\"read-more\" href=\"https:\/\/gadex.es\/ca\/tractaments-psicologics\/psicologia-clinica\/\" aria-label=\"M\u00e9s informaci\u00f3 sobre Psicologia Cl\u00ednica\">Read More<\/a><\/p>\n","protected":false},"author":1,"featured_media":0,"parent":8184,"menu_order":0,"comment_status":"closed","ping_status":"closed","template":"","meta":{"footnotes":""},"class_list":["post-8195","page","type-page","status-publish"],"_links":{"self":[{"href":"https:\/\/gadex.es\/ca\/wp-json\/wp\/v2\/pages\/8195","targetHints":{"allow":["GET"]}}],"collection":[{"href":"https:\/\/gadex.es\/ca\/wp-json\/wp\/v2\/pages"}],"about":[{"href":"https:\/\/gadex.es\/ca\/wp-json\/wp\/v2\/types\/page"}],"author":[{"embeddable":true,"href":"https:\/\/gadex.es\/ca\/wp-json\/wp\/v2\/users\/1"}],"replies":[{"embeddable":true,"href":"https:\/\/gadex.es\/ca\/wp-json\/wp\/v2\/comments?post=8195"}],"version-history":[{"count":5,"href":"https:\/\/gadex.es\/ca\/wp-json\/wp\/v2\/pages\/8195\/revisions"}],"predecessor-version":[{"id":8946,"href":"https:\/\/gadex.es\/ca\/wp-json\/wp\/v2\/pages\/8195\/revisions\/8946"}],"up":[{"embeddable":true,"href":"https:\/\/gadex.es\/ca\/wp-json\/wp\/v2\/pages\/8184"}],"wp:attachment":[{"href":"https:\/\/gadex.es\/ca\/wp-json\/wp\/v2\/media?parent=8195"}],"curies":[{"name":"wp","href":"https:\/\/api.w.org\/{rel}","templated":true}]}}