{"id":8200,"date":"2020-08-27T10:44:40","date_gmt":"2020-08-27T08:44:40","guid":{"rendered":"https:\/\/gadex.es\/?page_id=8200"},"modified":"2026-01-08T18:52:42","modified_gmt":"2026-01-08T17:52:42","slug":"contactar","status":"publish","type":"page","link":"https:\/\/gadex.es\/ca\/contactar\/","title":{"rendered":"Contactar"},"content":{"rendered":"<div class=\"gb-container gb-container-d2eafea0\">\n<div class=\"gb-container gb-container-bd30b78a\">\n<div class=\"gb-container gb-container-d32b8d37\">\n\n<h1 class=\"gb-headline gb-headline-b5015ca4 gb-headline-text\">Contactar<\/h1>\n\n\n\n<h3 class=\"gb-headline gb-headline-9dd957e5 gb-headline-text\"><strong>Si voleu posar-vos en contacte amb nosaltres ens podeu trucar:<\/strong><\/h3>\n\n\n\n<p class=\"gb-headline gb-headline-b58f18ae gb-headline-text\">Tel\u00e8fon: <a href=\"tel:937172652\"><strong>93 717 26 52<\/strong><\/a><\/p>\n\n\n\n<p class=\"gb-headline gb-headline-3eb5133c gb-headline-text\">M\u00f2bil: <a href=\"tel:937172652\"><strong><strong>616 439 024<\/strong><\/strong><\/a><\/p>\n\n\n\n<p class=\"gb-headline gb-headline-b4386ff4 gb-headline-text\"> <\/p>\n\n<\/div>\n\n<div class=\"gb-container gb-container-cae5cad6\">\n\n<div class=\"wp-block-contact-form-7-contact-form-selector\">\n<div class=\"wpcf7 no-js\" id=\"wpcf7-f8199-o1\" lang=\"ca\" dir=\"ltr\" data-wpcf7-id=\"8199\">\n<div class=\"screen-reader-response\"><p role=\"status\" aria-live=\"polite\" aria-atomic=\"true\"><\/p> <ul><\/ul><\/div>\n<form action=\"\/ca\/wp-json\/wp\/v2\/pages\/8200#wpcf7-f8199-o1\" method=\"post\" class=\"wpcf7-form init\" aria-label=\"Formulari de contacte\" novalidate=\"novalidate\" data-status=\"init\">\n<fieldset class=\"hidden-fields-container\"><input type=\"hidden\" name=\"_wpcf7\" value=\"8199\" \/><input type=\"hidden\" name=\"_wpcf7_version\" value=\"6.1.5\" \/><input type=\"hidden\" name=\"_wpcf7_locale\" value=\"ca\" \/><input type=\"hidden\" name=\"_wpcf7_unit_tag\" value=\"wpcf7-f8199-o1\" \/><input type=\"hidden\" name=\"_wpcf7_container_post\" value=\"0\" \/><input type=\"hidden\" name=\"_wpcf7_posted_data_hash\" value=\"\" \/>\n<\/fieldset>\n<p><label>Nom (obligatori)<\/label><span class=\"wpcf7-form-control-wrap\" data-name=\"your-name\"><input size=\"80\" maxlength=\"80\" minlength=\"10\" class=\"wpcf7-form-control wpcf7-text wpcf7-validates-as-required\" autocomplete=\"name\" aria-required=\"true\" aria-invalid=\"false\" value=\"\" type=\"text\" name=\"your-name\" \/><\/span>\n<\/p>\n<p><label>Correu electr\u00f2nic (obligatori)<\/label><span class=\"wpcf7-form-control-wrap\" data-name=\"your-email\"><input size=\"80\" maxlength=\"80\" minlength=\"5\" class=\"wpcf7-form-control wpcf7-email wpcf7-validates-as-required wpcf7-text wpcf7-validates-as-email\" autocomplete=\"email\" aria-required=\"true\" aria-invalid=\"false\" value=\"\" type=\"email\" name=\"your-email\" \/><\/span>\n<\/p>\n<p><label>Tel\u00e8fono (obligatori)<\/label><span class=\"wpcf7-form-control-wrap\" data-name=\"telefono\"><input size=\"80\" maxlength=\"20\" minlength=\"9\" class=\"wpcf7-form-control wpcf7-tel wpcf7-validates-as-required wpcf7-text wpcf7-validates-as-tel\" autocomplete=\"phone\" aria-required=\"true\" aria-invalid=\"false\" value=\"\" type=\"tel\" name=\"telefono\" \/><\/span>\n<\/p>\n<p><label>Assumpte<\/label><span class=\"wpcf7-form-control-wrap\" data-name=\"your-subject\"><input size=\"80\" maxlength=\"80\" minlength=\"3\" class=\"wpcf7-form-control wpcf7-text wpcf7-validates-as-required\" aria-required=\"true\" aria-invalid=\"false\" value=\"\" type=\"text\" name=\"your-subject\" \/><\/span>\n<\/p>\n<p><label>Missatge<\/label><span class=\"wpcf7-form-control-wrap\" data-name=\"your-message\"><textarea cols=\"90\" rows=\"4\" maxlength=\"800\" minlength=\"10\" class=\"wpcf7-form-control wpcf7-textarea\" aria-invalid=\"false\" name=\"your-message\"><\/textarea><\/span>\n<\/p>\n<p><span class=\"wpcf7-form-control-wrap\" data-name=\"acceptance-116\"><span class=\"wpcf7-form-control wpcf7-acceptance\"><span class=\"wpcf7-list-item\"><input type=\"checkbox\" name=\"acceptance-116\" value=\"1\" aria-invalid=\"false\" \/><\/span><\/span><\/span><label>He llegitla <a href=\"https:\/\/gadex.es\/politica-privacidad\/\" target=\"blank\">pol\u00edtica de privacitat<\/a><\/label><br \/>\n<div id=\"cf7sr-69f3502363c70\" class=\"cf7sr-g-recaptcha\" data-theme=\"light\" data-type=\"image\" data-size=\"compact\" data-sitekey=\"6LfjkQIqAAAAAMr4_V24--YDDI0BJCWpB-JVWzAh\"><\/div><span class=\"wpcf7-form-control-wrap cf7sr-recaptcha\" data-name=\"cf7sr-recaptcha\"><input type=\"hidden\" name=\"cf7sr-recaptcha\" value=\"\" class=\"wpcf7-form-control\"><\/span><br \/>\n<input class=\"wpcf7-form-control wpcf7-submit has-spinner\" type=\"submit\" value=\"Enviar\" \/>\n<\/p>\n<p class=\"avis-dades\">Les vostres dades personals s'incorporaran a un fitxer titularitat de Gadex, per gestionar el tractament de la petici\u00f3. Aquestes dades no seran cedides a tercers. Podr\u00e0 exercitar els seus drets d'acc\u00e9s, rectificaci\u00f3, cancel\u00b7laci\u00f3 i oposici\u00f3 en els termes establerts a la normativa sobre protecci\u00f3 de dades, a les nostres oficines o b\u00e9 dirigint-se per escrit a Gadex, av. Francesc Maci\u00e0 43, 1r 1a, 08206 Sabadell, Barcelona. Podeu <a href=\"https:\/\/gadex.es\/politica-privacidad\/\"> llegir la nostra pol\u00edtica de privadesa en aquest enlla\u00e7<\/a>\n<\/p><div class=\"wpcf7-response-output\" aria-hidden=\"true\"><\/div>\n<\/form>\n<\/div>\n<\/div>\n\n<\/div>\n<\/div>\n<\/div>\n\n<div class=\"gb-container gb-container-aec8d760\">\n<div class=\"gb-container gb-container-a8cf84b5\">\n<div class=\"gb-container gb-container-f4b6f597\">\n\n<p class=\"gb-headline gb-headline-398e5320 gb-headline-text\"><a href=\"https:\/\/gadex.es\/ca\/psicolegs-a-sabadell\/\">Sabadell<\/a><\/p>\n\n\n\n<p class=\"gb-headline gb-headline-0e62b333 gb-headline-text\"><strong>Avd. Francesc Maci\u00e0 43 , 1r 1a<\/strong>&nbsp;&nbsp; 08206 SABADELL<\/p>\n\n\n\n<p class=\"gb-headline gb-headline-a0d81160 gb-headline-text\">( a 100 metres del Corte Ingles)<\/p>\n\n\n\n<iframe src=\"https:\/\/www.google.com\/maps\/embed?pb=!1m14!1m8!1m3!1d11942.347578719608!2d2.096994!3d41.556541!3m2!1i1024!2i768!4f13.1!3m3!1m2!1s0x12a494e5e62a8139%3A0x65f12331b0cdb948!2sAv.%20de%20Francesc%20Maci%C3%A0%2C%2043%2C%2008206%20Sabadell%2C%20Barcelona%2C%20Espanya!5e0!3m2!1sca!2sus!4v1745823159869!5m2!1sca!2sus\" width=\"100%\" height=\"450\" style=\"border:0;\" allowfullscreen=\"\" loading=\"lazy\" referrerpolicy=\"no-referrer-when-downgrade\"><\/iframe>\n\n<\/div>\n\n<div class=\"gb-container gb-container-617623ae\">\n\n<p class=\"gb-headline gb-headline-4736e392 gb-headline-text\"><a href=\"https:\/\/gadex.es\/ca\/psicolegs-a-terrassa\/\">Terrassa<\/a><\/p>\n\n\n\n<p class=\"gb-headline gb-headline-eba2ba5f gb-headline-text\"><strong>c\/ Galileu 325&nbsp;&nbsp;&nbsp;<\/strong>08224 TERRASSA<\/p>\n\n\n\n<p class=\"gb-headline gb-headline-879eb36a gb-headline-text\">(CENTRE&nbsp; M\u00c8DIC, Dr. Josep Gual)<\/p>\n\n\n\n<iframe src=\"https:\/\/www.google.com\/maps\/embed?pb=!1m14!1m8!1m3!1d11940.633281195674!2d2.005383!3d41.565818!3m2!1i1024!2i768!4f13.1!3m3!1m2!1s0x12a492bfad04a555%3A0x7ff2b4b0e743cf24!2sCarrer%20de%20Galileu%2C%20325%2C%2008224%20Terrassa%2C%20Barcelona%2C%20Espanya!5e0!3m2!1sca!2sus!4v1745823308150!5m2!1sca!2sus\" width=\"100%\" height=\"450\" style=\"border:0;\" allowfullscreen=\"\" loading=\"lazy\" referrerpolicy=\"no-referrer-when-downgrade\"><\/iframe>\n\n<\/div>\n\n<div class=\"gb-container gb-container-393af62d\">\n\n<p class=\"gb-headline gb-headline-a813d60c gb-headline-text\"><a href=\"https:\/\/gadex.es\/ca\/psicolegs-a-sant-cugat\/\">Sant Cugat del Vall\u00e8s<\/a><\/p>\n\n\n\n<p class=\"gb-headline gb-headline-3b31422c gb-headline-text\"><strong>Avd. Cerdanyola 75 \u2013 77, Ent. dreta, Despatx 5,&nbsp;<\/strong>08172 SANT CUGAT DEL VALL\u00c8S<\/p>\n\n\n\n<p class=\"gb-headline gb-headline-2ef4b37e gb-headline-text\">(a 5 min. del Monestir)<\/p>\n\n\n\n<iframe src=\"https:\/\/www.google.com\/maps\/embed?pb=!1m14!1m8!1m3!1d5978.770674990499!2d2.092328!3d41.47424500000001!3m2!1i1024!2i768!4f13.1!3m3!1m2!1s0x12a496ef1816edc7%3A0x58c8bf243fd8c2bf!2sAvinguda%20de%20Cerdanyola%2C%2075%2C%2008172%20Sant%20Cugat%20del%20Vall%C3%A8s%2C%20Barcelona%2C%20Espanya!5e0!3m2!1sca!2sus!4v1745823438165!5m2!1sca!2sus\" width=\"100%\" height=\"450\" style=\"border:0;\" allowfullscreen=\"\" loading=\"lazy\" referrerpolicy=\"no-referrer-when-downgrade\"><\/iframe>\n\n<\/div>\n<\/div>\n<\/div>","protected":false},"excerpt":{"rendered":"<p>Contactar Si voleu posar-vos en contacte amb nosaltres ens podeu trucar: Tel\u00e8fon: 93 717 26 52 M\u00f2bil: 616 439 024 Sabadell Avd. Francesc Maci\u00e0 43 , 1r 1a&nbsp;&nbsp; 08206 SABADELL ( a 100 metres del Corte Ingles) Terrassa c\/ Galileu 325&nbsp;&nbsp;&nbsp;08224 TERRASSA (CENTRE&nbsp; M\u00c8DIC, Dr. Josep Gual) Sant Cugat del Vall\u00e8s Avd. Cerdanyola 75 \u2013 &#8230; <a title=\"Contactar\" class=\"read-more\" href=\"https:\/\/gadex.es\/ca\/contactar\/\" aria-label=\"M\u00e9s informaci\u00f3 sobre Contactar\">Read More<\/a><\/p>\n","protected":false},"author":1,"featured_media":0,"parent":0,"menu_order":98,"comment_status":"closed","ping_status":"closed","template":"","meta":{"footnotes":""},"class_list":["post-8200","page","type-page","status-publish"],"_links":{"self":[{"href":"https:\/\/gadex.es\/ca\/wp-json\/wp\/v2\/pages\/8200","targetHints":{"allow":["GET"]}}],"collection":[{"href":"https:\/\/gadex.es\/ca\/wp-json\/wp\/v2\/pages"}],"about":[{"href":"https:\/\/gadex.es\/ca\/wp-json\/wp\/v2\/types\/page"}],"author":[{"embeddable":true,"href":"https:\/\/gadex.es\/ca\/wp-json\/wp\/v2\/users\/1"}],"replies":[{"embeddable":true,"href":"https:\/\/gadex.es\/ca\/wp-json\/wp\/v2\/comments?post=8200"}],"version-history":[{"count":5,"href":"https:\/\/gadex.es\/ca\/wp-json\/wp\/v2\/pages\/8200\/revisions"}],"predecessor-version":[{"id":8981,"href":"https:\/\/gadex.es\/ca\/wp-json\/wp\/v2\/pages\/8200\/revisions\/8981"}],"wp:attachment":[{"href":"https:\/\/gadex.es\/ca\/wp-json\/wp\/v2\/media?parent=8200"}],"curies":[{"name":"wp","href":"https:\/\/api.w.org\/{rel}","templated":true}]}}