{"id":8205,"date":"2025-02-04T12:56:11","date_gmt":"2025-02-04T11:56:11","guid":{"rendered":"https:\/\/gadex.es\/?page_id=8205"},"modified":"2025-04-30T20:26:22","modified_gmt":"2025-04-30T18:26:22","slug":"avis-legal","status":"publish","type":"page","link":"https:\/\/gadex.es\/ca\/avis-legal\/","title":{"rendered":"Avis Legal"},"content":{"rendered":"<div class=\"gb-container gb-container-fc21bdc3\">\n<div class=\"gb-container gb-container-cc610b70\">\n\n<p>GADEX, responsable del lloc web, d\u2019ara endavant RESPONSABLE, posa a disposici\u00f3 dels usuaris el present document, amb el qual pret\u00e9n donar compliment a les obligacions disposades en la Llei 34\/2002, de 11 de juliol, de Serveis de la Societat de la Informaci\u00f3 i de Comer\u00e7 Electr\u00f2nic (LSSICE), BOE N\u00ba 166, aix\u00ed com informar a tots els usuaris del lloc web respecte a quines s\u00f3n les condicions d\u2019\u00fas.<\/p>\n\n\n\n<p>Tota persona que accedeixi a aquest lloc web assumeix el paper d\u2019usuari, comprometent-se a l\u2019observan\u00e7a i compliment rigor\u00f3s de les disposicions aqu\u00ed disposades, aix\u00ed com a qualsevol altra disposici\u00f3 legal que fora d\u2019aplicaci\u00f3.<\/p>\n\n\n\n<p>GADEX. Es reserva el dret de modificar qualsevol tipus d\u2019informaci\u00f3 que pogu\u00e9s apar\u00e8ixer al lloc web, sense que hi hagi obligaci\u00f3 de preavisar o posar en coneixement dels usuaris aquestes obligacions, entenent-se com suficient amb la publicaci\u00f3 al lloc web.<\/p>\n\n\n\n<h3 class=\"wp-block-heading\">Identitat del titular de la present web.<\/h3>\n\n\n\n<p>Nom de domini: www.gadex.es<br>Nom comercial: GADEX<br>Denominaci\u00f3 social: GADEX<br>Domicili social: Avd. Francesc Maci\u00e0 43, 1r 1a, 08206 Sabadell, Barcelona<br>Tel\u00e8fon: 93 717 26 52<br>e-mail: info@gadex.es<\/p>\n\n\n\n<h3 class=\"wp-block-heading\">2. Condicions generals d\u2019\u00fas d\u2019aquest lloc web<\/h3>\n\n\n\n<p>L\u2019acc\u00e9s a aquesta p\u00e0gina web li atribueix la condici\u00f3 d \u2018 \u201cUsuari\u201d, implicant la seva acceptaci\u00f3 expressa i sense reserves de les condicions generals que estiguin publicades en www.gadex.es en el moment en qu\u00e8 accedeixi a la web. Per tant, l\u2019Usuari haur\u00e0 de llegir les presents condicions generals d\u2019\u00fas, en cadascuna de les ocasions en qu\u00e8 es proposi accedir i, si escau utilitzar els serveis prestats a trav\u00e9s d\u2019aquesta web, ja que aquestes poden patir modificacions.<\/p>\n\n\n\n<h4 class=\"wp-block-heading\">2.1. Objecte i \u00e0mbit d\u2019aplicaci\u00f3<\/h4>\n\n\n\n<p>Les presents condicions generals d\u2019\u00fas, regulen l\u2019acc\u00e9s, navegaci\u00f3 i \u00fas de www.gadex.es aix\u00ed com les responsabilitats derivades de la utilitzaci\u00f3 dels seus continguts tals com els textos, gr\u00e0fics, dibuixos, dissenys, codis, programari, fotografies , m\u00fasica, v\u00eddeos, sons, bases de dades, imatges, expressions i informacions, aix\u00ed com qualsevol altra creaci\u00f3 protegida per les lleis nacionals i els tractats internacionals sobre propietat intel\u00b7lectual i industrial.<\/p>\n\n\n\n<h4 class=\"wp-block-heading\">2.2. Condicions acc\u00e9s i utilitzaci\u00f3 dels serveis<\/h4>\n\n\n\n<ul class=\"wp-block-list\">\n<li>En tot moment, l\u2019Usuari ha de fer un \u00fas l\u00edcit dels serveis de la present web, d\u2019acord amb les presents condicions generals, aix\u00ed com les pr\u00e0ctiques generalment acceptades a Internet.<\/li>\n\n\n\n<li>L\u2019usuari garanteix que tota la informaci\u00f3 aportada a trav\u00e9s dels formularis inclosos en aquesta web \u00e9s l\u00edcita, real, exacta, vera\u00e7 i actualitzada. Ser\u00e0 exclusiva responsabilitat de l\u2019Usuari la comunicaci\u00f3 immediata a GADEX\u00a0 de qualsevol modificaci\u00f3 que pugui donar-se en la informaci\u00f3 subministrada.<\/li>\n\n\n\n<li>L\u2019usuari s\u2019abstindr\u00e0 de: introduir virus, programes, macros o qualsevol seq\u00fc\u00e8ncia de car\u00e0cters amb la finalitat de danyar o alterar els sistemes inform\u00e0tics d\u2019aquest web; obstaculitzar l\u2019acc\u00e9s d\u2019altres usuaris mitjan\u00e7ant el consum massiu de recursos; captar dades incloses en aquest web amb finalitat publicit\u00e0ria; reproduir, copiar, distribuir, transformar o posar a disposici\u00f3 de tercers els continguts inclosos en aquesta web; realitzar accions a trav\u00e9s dels serveis inclosos \u00e9s aquesta web que puguin lesionar la propietat intel\u00b7lectual, drets a l\u2019honor, a la imatge i la intimitat personal de tercers; realitzar accions de compet\u00e8ncia deslleial i publicitat il\u00b7l\u00edcita.<\/li>\n<\/ul>\n\n\n\n<h3 class=\"wp-block-heading\">3. Drets de propietat intel\u00b7lectual i industrial.<\/h3>\n\n\n\n<p>GADEX, \u00e9s titular dels drets de propietat intel\u00b7lectual i industrial de tots els elements que integren, www.gadex.es incloent la marca, nom comercial o signe distintiu. En particular i a t\u00edtol no limitatiu, estan protegits pels drets d\u2019autor, el disseny gr\u00e0fic, codi font, logos, textos, gr\u00e0fics, il\u00b7lustracions, fotografies, sons i altres elements continguts en lloc web.<\/p>\n\n\n\n<p>En cap cas l\u2019acc\u00e9s o navegaci\u00f3 en www.gadex.es implica ren\u00fancia, transmissi\u00f3 o llic\u00e8ncia total o parcial&nbsp; per a \u00fas personal a l\u2019Usuari sobre els seus drets de propietat intel\u00b7lectual i industrial.<\/p>\n\n\n\n<p>Per aix\u00f2, l\u2019Usuari reconeix que la reproducci\u00f3, copiat, distribuci\u00f3, comercialitzaci\u00f3, transformaci\u00f3, reutilitzaci\u00f3, comunicaci\u00f3 p\u00fablica i en general, qualsevol altra forma d\u2019explotaci\u00f3, per qualsevol procediment, de tot o part dels continguts de \u201cLA&nbsp; P\u00c0GINA WEB\u201d&nbsp; sense autoritzaci\u00f3 expressa i per escrit de, GADEX,&nbsp; constitueix una infracci\u00f3 dels seus drets de propietat intel\u00b7lectual i \/ o industrial.<\/p>\n\n\n\n<h3 class=\"wp-block-heading\">4. R\u00e8gim de responsabilitat i garanties.<\/h3>\n\n\n\n<p>GADEX, declara que ha adoptat les mesures tant t\u00e8cniques com organitzatives, que, dins les seves possibilitats i l\u2019estat de la tecnologia, permetin el correcte funcionament del web, aix\u00ed com l\u2019abs\u00e8ncia de virus i components nocius, per\u00f2, no pot fer-se responsable de :<\/p>\n\n\n\n<ul class=\"wp-block-list\">\n<li>La continu\u00eftat i disponibilitat dels continguts i serveis recollits en www.gadex.es<\/li>\n\n\n\n<li>L\u2019abs\u00e8ncia d\u2019errors en aquests continguts ni la correcci\u00f3 de qualsevol defecte que pogu\u00e9s oc\u00f3rrer<\/li>\n\n\n\n<li>L\u2019abs\u00e8ncia de virus i \/ o altres components nocius en www.gadex.es<\/li>\n\n\n\n<li>La inexpugnabilitat de les mesures de seguretat que s\u2019han adoptat. els danys o perjudicis que causi qualsevol persona que vulneri els sistemes de seguretat de www.gadex.es<\/li>\n<\/ul>\n\n\n\n<p>L\u2019Usuari ser\u00e0 l\u2019\u00fanic responsable davant tercers, de qualsevol comunicaci\u00f3 enviada personalment o al seu nom a www.gadex.es * aix\u00ed com de l\u2019\u00fas il\u00b7leg\u00edtim dels continguts i serveis continguts en aquesta web.<\/p>\n\n\n\n<p>GADEX es reserva el dret a suspendre temporalment i sense previ av\u00eds, l\u2019accessibilitat a www.gadex.es * amb motiu d\u2019operacions de manteniment, reparaci\u00f3, actualitzaci\u00f3 o millora.<\/p>\n\n\n\n<p>Els enlla\u00e7os a altres p\u00e0gines web que, si s\u2019escau existeixin en www.gadex.es * poden portar-lo a llocs web dels quals GADEX&nbsp; no assumeix cap responsabilitat, ja que no t\u00e9 cap tipus de control sobre els mateixos, sent la seva finalitat, informar a l\u2019Usuari d\u2019altres fonts d\u2019informaci\u00f3, de manera que l\u2019Usuari accedeix sota la seva exclusiva responsabilitat al contingut i en les condicions d\u2019\u00fas que regeixin en els mateixos.<\/p>\n\n\n\n<p>GADEX&nbsp; no es responsabilitza de l\u2019\u00fas que els Usuaris puguin fer dels continguts i serveis inclosos al seu web. En conseq\u00fc\u00e8ncia, no garanteix que l\u2019\u00fas que els Usuaris puguin fer dels continguts i serveis referits, s\u2019ajustin a les presents condicions generals d\u2019\u00fas, ni que ho facin de forma diligent.<\/p>\n\n\n\n<h3 class=\"wp-block-heading\">5. Durada i modificaci\u00f3.<\/h3>\n\n\n\n<p>GADEX, es reserva el dret a modificar, totalment o parcialment, les presents condicions generals d\u2019acc\u00e9s publicant els canvis en www.gadex.es * Aix\u00ed mateix podr\u00e0 efectuar sense previ av\u00eds les modificacions que consideri oportunes al lloc web i pot canviar, suprimir o afegir tant els continguts i serveis que presta, com la forma en qu\u00e8 aquests apareguin presentats o localitzats. En conseq\u00fc\u00e8ncia, s\u2019entendran com a vigents, les condicions generals que estiguin publicades en el moment en qu\u00e8 l\u2019Usuari accedeixi a www.gadex.es.<\/p>\n\n\n\n<p>Amb independ\u00e8ncia del que disposen les condicions particulars, GADEX podr\u00e0 donar per acabat, suspendre o interrompre, en qualsevol moment sense necessitat de preav\u00eds, l\u2019acc\u00e9s als continguts de la p\u00e0gina, sense possibilitat per part de l\u2019Usuari d\u2019exigir cap indemnitzaci\u00f3.<\/p>\n\n\n\n<h3 class=\"wp-block-heading\">Legislaci\u00f3 aplicable i compet\u00e8ncia jurisdiccional.<\/h3>\n\n\n\n<p>Les relacions establertes entre GADEX&nbsp; i l\u2019Usuari es regiran pel que disposa la normativa vigent sobre la legislaci\u00f3 aplicable i la jurisdicci\u00f3 competent. No obstant aix\u00f2, per als casos en qu\u00e8 la normativa prevegi la possibilitat a les parts de sotmetre a un fur, GADEX&nbsp; i l\u2019Usuari, amb ren\u00fancia expressa a qualsevol altre fur que pogu\u00e9s correspondre\u2019ls,<br>se sotmeten als Jutjats i Tribunals de la ciutat de Sabadell.<\/p>\n\n<\/div>\n<\/div>","protected":false},"excerpt":{"rendered":"<p>GADEX, responsable del lloc web, d\u2019ara endavant RESPONSABLE, posa a disposici\u00f3 dels usuaris el present document, amb el qual pret\u00e9n donar compliment a les obligacions disposades en la Llei 34\/2002, de 11 de juliol, de Serveis de la Societat de la Informaci\u00f3 i de Comer\u00e7 Electr\u00f2nic (LSSICE), BOE N\u00ba 166, aix\u00ed com informar a tots &#8230; <a title=\"Avis Legal\" class=\"read-more\" href=\"https:\/\/gadex.es\/ca\/avis-legal\/\" aria-label=\"M\u00e9s informaci\u00f3 sobre Avis Legal\">Read More<\/a><\/p>\n","protected":false},"author":1,"featured_media":0,"parent":0,"menu_order":110,"comment_status":"closed","ping_status":"closed","template":"","meta":{"footnotes":""},"class_list":["post-8205","page","type-page","status-publish"],"_links":{"self":[{"href":"https:\/\/gadex.es\/ca\/wp-json\/wp\/v2\/pages\/8205","targetHints":{"allow":["GET"]}}],"collection":[{"href":"https:\/\/gadex.es\/ca\/wp-json\/wp\/v2\/pages"}],"about":[{"href":"https:\/\/gadex.es\/ca\/wp-json\/wp\/v2\/types\/page"}],"author":[{"embeddable":true,"href":"https:\/\/gadex.es\/ca\/wp-json\/wp\/v2\/users\/1"}],"replies":[{"embeddable":true,"href":"https:\/\/gadex.es\/ca\/wp-json\/wp\/v2\/comments?post=8205"}],"version-history":[{"count":1,"href":"https:\/\/gadex.es\/ca\/wp-json\/wp\/v2\/pages\/8205\/revisions"}],"predecessor-version":[{"id":8219,"href":"https:\/\/gadex.es\/ca\/wp-json\/wp\/v2\/pages\/8205\/revisions\/8219"}],"wp:attachment":[{"href":"https:\/\/gadex.es\/ca\/wp-json\/wp\/v2\/media?parent=8205"}],"curies":[{"name":"wp","href":"https:\/\/api.w.org\/{rel}","templated":true}]}}