{"id":8220,"date":"2025-02-04T11:47:18","date_gmt":"2025-02-04T10:47:18","guid":{"rendered":"https:\/\/gadex.es\/?page_id=8220"},"modified":"2025-04-30T20:28:37","modified_gmt":"2025-04-30T18:28:37","slug":"politica-de-privacitat","status":"publish","type":"page","link":"https:\/\/gadex.es\/ca\/politica-de-privacitat\/","title":{"rendered":"Pol\u00edtica de privacitat"},"content":{"rendered":"\n<h3 class=\"wp-block-heading\">1. INFORMACI\u00d3 A L\u2019USUARI<\/h3>\n\n\n\n<p>A GADEX, hem adaptat els nostres protocols i pol\u00edtiques de privacitat al Reglament Europeu de Protecci\u00f3 de Dades 679\/2916 (RGPD) at\u00e8s que ens preocupa la seguretat i la protecci\u00f3 de les dades que tractem.<\/p>\n\n\n\n<p>GADEX, \u00e9s el Responsable del tractament de les dades personals de l\u2019Usuari i l\u2019informa que aquestes dades seran tractades de conformitat amb el que disposen les normatives vigents en protecci\u00f3 de dades personals, el Reglament (UE) 2016\/679 de 27 d\u2019abril de 2016 (GDPR) relatiu a la protecci\u00f3 de les persones f\u00edsiques pel que fa al tractament de dades personals ia la lliure circulaci\u00f3 d\u2019aquestes dades, per la qual cosa li facilita la seg\u00fcent informaci\u00f3 del tractament.<\/p>\n\n\n\n<h3 class=\"wp-block-heading\">2.- PER A QU\u00c8 UTILITZEM LES SEVES DADES<\/h3>\n\n\n\n<h4 class=\"wp-block-heading\">Finalitat del tractament<\/h4>\n\n\n\n<p>A GADEX, tractem la informaci\u00f3 que ens faciliten les persones interessades per tal de mantenir una relaci\u00f3 professional amb l\u2019Usuari. Les operacions previstes per realitzar el tractament s\u00f3n:<\/p>\n\n\n\n<ul class=\"wp-block-list\">\n<li>Tramitar enc\u00e0rrecs de peticions o qualsevol tipus de petici\u00f3 que sigui realitzada per l\u2019usuari a trav\u00e9s de qualsevol de les formes de contacte que es posen a la seva disposici\u00f3.<\/li>\n\n\n\n<li>Remissi\u00f3 de comunicacions comercials publicit\u00e0ries, sempre que s\u2019hagi autoritzat pr\u00e8viament, per email, fax, SMS, MMS, comunitats socials o qualsevol altre mitj\u00e0 electr\u00f2nic o f\u00edsic, present o futur, que possibiliti realitzar comunicacions comercials. Aquestes comunicacions seran realitzades pel RESPONSABLE i relacionades sobre els seus productes i serveis, o dels seus col\u00b7laboradors o prove\u00efdors amb els que aquest hagi arribat a algun acord de promoci\u00f3. En aquest cas, els tercers mai tindran acc\u00e9s a les dades personals.<\/li>\n\n\n\n<li>Realitzar estudis estad\u00edstics.<\/li>\n\n\n\n<li>Remetre el butllet\u00ed de not\u00edcies de la p\u00e0gina web.<\/li>\n<\/ul>\n\n\n\n<p>Les categories de dades que es tracten s\u00f3n dades identificatives i no es tracten categories de dades especialment protegides.<\/p>\n\n\n\n<p>Dins de la p\u00e0gina web hi ha diferents sistemes de captura d\u2019informaci\u00f3 personal i tractament de la informaci\u00f3 que faciliten les persones interessades :<\/p>\n\n\n\n<p><strong>Formularis de contacte:<\/strong>&nbsp;Sol\u00b7licitem les seg\u00fcents dades personals: Nom, Email, Tel\u00e8fon i motiu de la consulta, per respondre als requeriments dels usuaris dels nostres llocs web<\/p>\n\n\n\n<p><strong>Formulari d\u2019alta per comentaris del bloc:<\/strong>&nbsp;Per comentar les publicacions del bloc es requereix que l\u2019usuari es doni d\u2019alta a trav\u00e9s d\u2019un formulari. En aquest cas, sol\u00b7licito les seg\u00fcents dades personals: nom, email, lloc web. Un cop donat d\u2019alta, l\u2019usuari podr\u00e0 realitzar tants comentaris com vulgueu i donar resposta sobre els anteriors.<\/p>\n\n\n\n<p>Tamb\u00e9 es recullen altres dades no identificatives que s\u2019obtenen mitjan\u00e7ant algunes galetes i que es detallen en la pol\u00edtica de cookies. En navegar per www.gadex.es i altres llocs web sota la titularitat de GADEX, es poden recollir dades no identificables, que poden incloure, adreces IP, ubicaci\u00f3 geogr\u00e0fica (aproximadament), un registre de com s\u2019utilitzen els serveis i llocs, i altres dades que no poden ser utilitzats per identificar l\u2019usuari. Entre les dades no identificatives estan tamb\u00e9 els relacionats als teus h\u00e0bits de navegaci\u00f3 a trav\u00e9s de serveis de tercers. Aquestes webs utilitzen els seg\u00fcents serveis d\u2019an\u00e0lisi de tercers:<\/p>\n\n\n\n<p>Google analytics i Google search console: un servei anal\u00edtic de web prestat per Google, Inc., una companyia de Delaware l\u2019oficina principal a 1600 Amphitheatre Parkway, Mountain View (Calif\u00f2rnia), CA 94043, Estats Units ( \u201cGoogle\u201d ). Google Analytics utilitza \u201ccookies\u201d, que s\u00f3n arxius de text ubicats al teu ordinador, per ajudar a www.gadex.es a analitzar l\u2019\u00fas que fan els usuaris del lloc web. La informaci\u00f3 que genera la cookie sobre el seu \u00fas de www.gadex.es (incloent la teva adre\u00e7a IP) ser\u00e0 directament transmesa i arxivada per Google en els seus servidors.<\/p>\n\n\n\n<p>Altres finalitats per la qual tractem les teves dades personals:<\/p>\n\n\n\n<p><strong>Gesti\u00f3 de&nbsp; les xarxes socials:<\/strong>&nbsp; El tractament de les dades que es dugui a terme de les persones que es facin seguidores a les xarxes socials de les p\u00e0gines oficials de GADEX es regir\u00e0 per aquest apartat. Aix\u00ed com per aquelles condicions d\u2019\u00fas, pol\u00edtiques de privacitat i normatives d\u2019acc\u00e9s que pertanyin a la xarxa social que procedeixi en cada cas i acceptades pr\u00e8viament per l\u2019usuari. GADEX, tractar\u00e0 les seves dades amb les finalitats d\u2019administrar correctament la seva pres\u00e8ncia a la xarxa social, informant d\u2019activitats, productes o serveis. Aix\u00ed com per a qualsevol altra finalitat que les normatives de les xarxes socials permeten. En cap cas utilitzarem els perfils de seguidors en xarxes socials per enviar publicitat de manera individual.<\/p>\n\n\n\n<h3 class=\"wp-block-heading\">3.- QUINA \u00c9S LA BASE LEGAL PER AL TRACTAMENT DE LES DADES<\/h3>\n\n\n\n<p>La utilitzaci\u00f3 de les dades que ens has facilitat, \u00e9s necess\u00e0ria per a la correcta gesti\u00f3 de les relacions amb els clients \/ Col\u00b7laboradors i, a m\u00e9s, poder complir amb les obligacions legals.<\/p>\n\n\n\n<p>Per contactar o fer comentaris en aquesta web es requereix l\u2019acceptaci\u00f3 d\u2019aquesta pol\u00edtica de privacitat.<\/p>\n\n\n\n<p>En qualsevol moment pot manifestar la seva oposici\u00f3 a l\u2019\u00fas de les seves dades i, per tant, deixar sense efecte qualsevol tipus de gesti\u00f3 amb els mateixos, quedant \u00fanicament les seves dades bloquejats durant el temps legalment previst. \u00danicament comunicar-li que el no consentiment pot comportar que els serveis siguin impossibles de prestar.<\/p>\n\n\n\n<h3 class=\"wp-block-heading\">4.- CAR\u00c0CTER OBLIGATORI O FACULTATIU DE LA INFORMACI\u00d3 FACILITADA PER L\u2019USUARI<\/h3>\n\n\n\n<p>Els Usuaris, mitjan\u00e7ant la marcaci\u00f3 de les caselles corresponents i entrada de dades en els camps, marcats amb un asterisc (*) en el formulari de contacte o presentats en formularis de desc\u00e0rrega, accepten expressament i de forma lliure i inequ\u00edvoca, que les seves dades s\u00f3n necess\u00e0ries per atendre la seva petici\u00f3, per part del prestador, sent volunt\u00e0ria la inclusi\u00f3 de dades en els camps restants. L\u2019Usuari garanteix que les dades personals facilitades&nbsp; s\u00f3n veraces i es fa responsable de comunicar qualsevol modificaci\u00f3 de les mateixes.<\/p>\n\n\n\n<p>Totes les dades sol\u00b7licitades a trav\u00e9s del lloc web s\u00f3n obligatoris, ja que s\u00f3n necessaris per a la prestaci\u00f3 d\u2019un servei \u00f2ptim a l\u2019usuari. En cas que no siguin facilitades totes les dades, no es garanteix que la informaci\u00f3 i serveis facilitats siguin completament ajustats a les seves necessitats.<\/p>\n\n\n\n<h3 class=\"wp-block-heading\">5.- CORREUS COMERCIALS<\/h3>\n\n\n\n<p>D\u2019acord amb la LSSICE, GADEX,&nbsp; no realitza pr\u00e0ctiques de SPAM, pel que no envia correus comercials per via electr\u00f2nica que no hagin estat pr\u00e8viament sol\u00b7licitats o autoritzats per l\u2019usuari. En conseq\u00fc\u00e8ncia, a cada un dels formularis que hi ha hagut a la web, l\u2019usuari t\u00e9 la possibilitat de donar el seu consentiment per rebre el butllet\u00ed, amb independ\u00e8ncia de la informaci\u00f3 comercial puntualment sol\u00b7licitada.<\/p>\n\n\n\n<p>D\u2019acord amb el que disposa la LSSICE, GADEX&nbsp; es compromet a no enviar comunicacions de car\u00e0cter comercial sense identificar-les degudament.<\/p>\n\n\n\n<h3 class=\"wp-block-heading\">&nbsp;6.- \u00c9S CEDIRAN LES DADES.<\/h3>\n\n\n\n<p>En principi no \u00e9s cediran dades excepte per obligaci\u00f3 legal.<\/p>\n\n\n\n<p>Ara b\u00e9, les seves dades podran ser cedides a professionals i \/ o prove\u00efdors d\u2019aquesta Entitat nom\u00e9s als efectes compliment contractual o b\u00e9, a prove\u00efdors del serveis d\u2019aquesta Entitat com s\u00f3n les assessories, serveis inform\u00e0tics, serveis d\u2019emmagatzematge en el n\u00favol , etc.<\/p>\n\n\n\n<p>Totes les utilitats ofertes per tercers s\u00f3n estrictament necess\u00e0ries per al desenvolupament dels serveis i han estat seleccionades atenent al compliment dels drets que es preserven en aquest web.<\/p>\n\n\n\n<h3 class=\"wp-block-heading\">7.- DURANT QUANT TEMPS CONSERVAREM LES SEVES DADES PERSONALS<\/h3>\n\n\n\n<h4 class=\"wp-block-heading\">Criteris de conservaci\u00f3 de les dades:<\/h4>\n\n\n\n<h5 class=\"wp-block-heading\">Visites a les nostres p\u00e0gines web:<\/h5>\n\n\n\n<p>L\u2019adre\u00e7a IP, identificador de galeta. Els arxius de registre, inclosa l\u2019adre\u00e7a IP, s\u2019eliminen autom\u00e0ticament en dos (2) mesos des de la seva obtenci\u00f3. No obstant aix\u00f2, abans d\u2019aix\u00f2, l\u2019adre\u00e7a IP es anonimiza i es guarda amb fins merament t\u00e8cnic-administratius.<\/p>\n\n\n\n<h5 class=\"wp-block-heading\">Sol\u00b7licituds comercials:<\/h5>\n\n\n\n<p>Les dades s\u2019emmagatzemen mentre que Vd. No exerceixi cap dels drets que facin que no puguem tractar les seves dades o durant un termini de 5 anys a partir de l\u2019\u00faltima confirmaci\u00f3 d\u2019inter\u00e8s. Les dades es suprimiran amb mesures de seguretat adequades per garantir la seudonimizaci\u00f3n de les dades o la destrucci\u00f3 total dels mateixos.<\/p>\n\n\n\n<h5 class=\"wp-block-heading\">Relacions comercials:<\/h5>\n\n\n\n<p>Les dades s\u2019emmagatzemen o s\u2019eliminen d\u2019acord amb els requisits comercials i fiscals, mentre hi hagi una relaci\u00f3 contractual o fins que se\u2019ns demani l\u2019eliminaci\u00f3 de les dades. Les dades es suprimiran amb mesures de seguretat adequades per garantir la seudonimizaci\u00f3n de les dades o la destrucci\u00f3 total dels mateixos.<\/p>\n\n\n\n<h3 class=\"wp-block-heading\">8.- MESURES DE SEGURETAT<\/h3>\n\n\n\n<p>De conformitat amb el que disposen les normatives vigents en protecci\u00f3 de dades personals, GADEX&nbsp; est\u00e0 complint amb totes les disposicions de les normatives GDPR per al tractament de les dades personals de la seva responsabilitat, i manifestament amb els principis descrits en l\u2019article 5 del GDPR, pels quals s\u00f3n tractats de manera l\u00edcita, lleial i transparent en relaci\u00f3 amb el interessat i adequades, pertinents i limitats al que \u00e9s necessari en relaci\u00f3 amb els fins per als quals s\u00f3n tractats.<\/p>\n\n\n\n<p>GADEX, garanteix que ha implementat pol\u00edtiques t\u00e8cniques i organitzatives apropiades per aplicar les mesures de seguretat que estableixen el GDPR per tal de protegir els drets i llibertats dels Usuaris i els ha comunicat la informaci\u00f3 adequada perqu\u00e8 puguin exercir-los.<\/p>\n\n\n\n<p>GADEX, no pot garantir l\u2019absoluta inexpugnabilitat de la xarxa Internet i per tant la violaci\u00f3 de les dades mitjan\u00e7ant accessos fraudulents a ells per part de tercers.<\/p>\n\n\n\n<p>Aquest web inclou un certificat SSL. Es tracta d\u2019un protocol de seguretat que fa que les teves dades viatgin de manera \u00edntegra i segura, \u00e9s a dir, la transmissi\u00f3 de les dades entre un servidor i usuari web, i en retroalimentaci\u00f3, \u00e9s totalment xifrada o encriptada.<\/p>\n\n\n\n<p>Pel que fa a la confidencialitat del processament, GADEX s\u2019ha d\u2019assegurar que qualsevol persona que estigui autoritzada&nbsp; per processar les dades dels usuaris (incl\u00f2s el seu personal, col\u00b7laboradors i prestadors), estar\u00e0 sota l\u2019obligaci\u00f3 apropiada de confidencialitat (ja sigui un deure contractual o legal).<\/p>\n\n\n\n<h3 class=\"wp-block-heading\">9.- COM PUC EXERCIR ELS MEUS DRETS<\/h3>\n\n\n\n<p>Com a titular de drets, Vd. T\u00e9 el control de les seves dades i, per tant, en qualsevol moment pot exercir els seus drets, enviant-nos un mail a info@gadex.es<\/p>\n\n\n\n<p>Els drets que pot exercitar s\u00f3n:<\/p>\n\n\n\n<ul class=\"wp-block-list\">\n<li>Dret a sol\u00b7licitar l\u2019acc\u00e9s a les dades personals relatives a l\u2019interessat<\/li>\n\n\n\n<li>Dret a sol\u00b7licitar la seva rectificaci\u00f3 o supressi\u00f3<\/li>\n\n\n\n<li>Dret a sol\u00b7licitar la limitaci\u00f3 del seu tractament i l\u2019oposici\u00f3 al seu tractament.<\/li>\n\n\n\n<li>Dret a oposar-se al tractament<\/li>\n\n\n\n<li>Dret a la portabilitat de les dades<\/li>\n<\/ul>\n\n\n\n<p>S\u2019informa als usuaris, que t\u00e9 dret a revocar el consentiment en qualsevol moment, sense que aix\u00f2 afecti la licitud del tractament basat en el consentiment previ a la seva retirada.<\/p>\n\n\n\n<p>Aix\u00ed mateix s\u2019informa als interessats que poden presentar una reclamaci\u00f3 davant l\u2019Autoritat de Control en mat\u00e8ria de protecci\u00f3 de dades competent, especialment quan no hagi obtingut satisfacci\u00f3 en l\u2019exercici dels seus drets.<\/p>\n\n\n\n<p>Per exerci&nbsp; els seus drets pot sol\u00b7licitar, indicant el seu nom i fent-nos arribar una fotoc\u00f2pia de la seva identificaci\u00f3 amb la sol\u00b7licitud.<\/p>\n\n\n\n<h4 class=\"wp-block-heading\">Dades de contacte per exercir els seus drets:<\/h4>\n\n\n\n<p>GADEX<\/p>\n\n\n\n<p><strong>Adre\u00e7a postal:<\/strong>&nbsp;Avd. Francesc Maci\u00e0 43, 1r 1a, 08206 Sabadell, Barcelona<\/p>\n\n\n\n<p><strong>Correu electr\u00f2nic:<\/strong>&nbsp;info@gadex.es<\/p>\n\n\n\n<h3 class=\"wp-block-heading\">10.- CANVIS EN LA POL\u00cdTICA DE PRIVACITAT<\/h3>\n\n\n\n<p>GADEX, es reserva el dret a modificar la present pol\u00edtica per adaptar-la a novetats legislatives o jurisprudencials.<\/p>\n\n\n\n<p><\/p>\n","protected":false},"excerpt":{"rendered":"<p>1. INFORMACI\u00d3 A L\u2019USUARI A GADEX, hem adaptat els nostres protocols i pol\u00edtiques de privacitat al Reglament Europeu de Protecci\u00f3 de Dades 679\/2916 (RGPD) at\u00e8s que ens preocupa la seguretat i la protecci\u00f3 de les dades que tractem. GADEX, \u00e9s el Responsable del tractament de les dades personals de l\u2019Usuari i l\u2019informa que aquestes dades &#8230; <a title=\"Pol\u00edtica de privacitat\" class=\"read-more\" href=\"https:\/\/gadex.es\/ca\/politica-de-privacitat\/\" aria-label=\"M\u00e9s informaci\u00f3 sobre Pol\u00edtica de privacitat\">Read More<\/a><\/p>\n","protected":false},"author":1,"featured_media":0,"parent":0,"menu_order":111,"comment_status":"closed","ping_status":"closed","template":"","meta":{"footnotes":""},"class_list":["post-8220","page","type-page","status-publish"],"_links":{"self":[{"href":"https:\/\/gadex.es\/ca\/wp-json\/wp\/v2\/pages\/8220","targetHints":{"allow":["GET"]}}],"collection":[{"href":"https:\/\/gadex.es\/ca\/wp-json\/wp\/v2\/pages"}],"about":[{"href":"https:\/\/gadex.es\/ca\/wp-json\/wp\/v2\/types\/page"}],"author":[{"embeddable":true,"href":"https:\/\/gadex.es\/ca\/wp-json\/wp\/v2\/users\/1"}],"replies":[{"embeddable":true,"href":"https:\/\/gadex.es\/ca\/wp-json\/wp\/v2\/comments?post=8220"}],"version-history":[{"count":1,"href":"https:\/\/gadex.es\/ca\/wp-json\/wp\/v2\/pages\/8220\/revisions"}],"predecessor-version":[{"id":8221,"href":"https:\/\/gadex.es\/ca\/wp-json\/wp\/v2\/pages\/8220\/revisions\/8221"}],"wp:attachment":[{"href":"https:\/\/gadex.es\/ca\/wp-json\/wp\/v2\/media?parent=8220"}],"curies":[{"name":"wp","href":"https:\/\/api.w.org\/{rel}","templated":true}]}}