{"id":8222,"date":"2025-02-04T13:01:44","date_gmt":"2025-02-04T12:01:44","guid":{"rendered":"https:\/\/gadex.es\/?page_id=8222"},"modified":"2025-04-30T20:28:54","modified_gmt":"2025-04-30T18:28:54","slug":"politica-de-cookies","status":"publish","type":"page","link":"https:\/\/gadex.es\/ca\/politica-de-cookies\/","title":{"rendered":"Pol\u00edtica de cookies"},"content":{"rendered":"\n<p>El nostre lloc web&nbsp;<a href=\"http:\/\/www.gadex.es\/\">www.gadex.es&nbsp;<\/a>la mateixa manera que fan la majoria dels llocs web, utilitza&nbsp;<em>galetes<\/em>&nbsp;per a demanar informaci\u00f3 de l\u2019\u00fas que els usuaris fan d\u2019ell i poder millorar i fer m\u00e9s c\u00f2moda la seva navegaci\u00f3.<\/p>\n\n\n\n<p>L\u2019informem que utilitzem&nbsp;<em>galetes<\/em>&nbsp;amb la finalitat de facilitar la seva navegaci\u00f3 a trav\u00e9s del lloc web, distingir-d\u2019altres usuaris i identificar problemes. Aix\u00ed mateix, en cas que presti el seu consentiment, utilitzarem&nbsp;<em>galetes<\/em>&nbsp;que ens permetin obtenir m\u00e9s informaci\u00f3 sobre les seves prefer\u00e8ncies i personalitzar el nostre lloc web d\u2019acord amb els seus interessos individuals.<\/p>\n\n\n\n<p>En el cas que desitgi demanar m\u00e9s informaci\u00f3 sobre les&nbsp;<em>galetes<\/em>&nbsp;que utilitzem, li preguem remeti un correu electr\u00f2nic a l\u2019adre\u00e7a&nbsp;<a href=\"mailto:info@gadex.es\">administracions @ finquesarba .com<\/a><\/p>\n\n\n\n<h3 class=\"wp-block-heading\">1.- Qu\u00e8 s\u00f3n les galetes<\/h3>\n\n\n\n<p>Una&nbsp;<em>galeta<\/em>&nbsp;\u00e9s un fitxer que es descarrega al seu terminal (ordinador, tauleta, tel\u00e8fon m\u00f2bil o un altre dispositiu) amb la finalitat d\u2019emmagatzemar dades que podran ser actualitzats i recuperats per l\u2019entitat responsable de la seva instal\u00b7laci\u00f3.<\/p>\n\n\n\n<p>La informaci\u00f3 recollida a trav\u00e9s de les&nbsp;<em>galetes<\/em>&nbsp;pot incloure la data i l\u2019hora de les visites al lloc web, les p\u00e0gines visionades, el temps que ha estat en ell i els llocs visitats just abans i despr\u00e9s.<\/p>\n\n\n\n<h3 class=\"wp-block-heading\">2.-COOKIES AFECTADES PER LA NORMATIVA I COOKIES EXCEPTUADES<\/h3>\n\n\n\n<p>Segons la directiva de la UE, les galetes que requereixen el consentiment informat per part de l\u2019usuari s\u00f3n les galetes d\u2019anal\u00edtica i les de publicitat i afiliaci\u00f3, quedant exceptuades les de car\u00e0cter t\u00e8cnic i les necess\u00e0ries per al funcionament del lloc web o la prestaci\u00f3 de serveis expressament sol\u00b7licitats per l\u2019usuari.<\/p>\n\n\n\n<h4 class=\"wp-block-heading\">QU\u00c8 TIPUS DE COOKIES HI HA?<\/h4>\n\n\n\n<p>Sobre els tipus de cookies, hi ha cinc grans grups:<\/p>\n\n\n\n<ul class=\"wp-block-list\">\n<li>Galetes anal\u00edtiques: recullen informaci\u00f3 de l\u2019\u00fas que es realitza del lloc web.<\/li>\n\n\n\n<li>Galetes socials: s\u00f3n aquelles necess\u00e0ries per a xarxes socials externes.<\/li>\n\n\n\n<li>Galetes d\u2019afiliats: permeten fer un seguiment de les visites procedents d\u2019altres webs, amb les que el lloc web estableix un contracte d\u2019afiliaci\u00f3 (empreses d\u2019afiliaci\u00f3).<\/li>\n\n\n\n<li>Galetes de publicitat i comportamentals: recullen informaci\u00f3 sobre les prefer\u00e8ncies i eleccions personals de l\u2019usuari (retargeting).<\/li>\n\n\n\n<li>Galetes t\u00e8cniques i funcionals: s\u00f3n les estrictament necess\u00e0ries per a l\u2019\u00fas del lloc web i per a la prestaci\u00f3 del servei contractat.<\/li>\n<\/ul>\n\n\n\n<h3 class=\"wp-block-heading\">2.1- Tipus de&nbsp;<em>galetes<\/em>&nbsp;que s\u2019usen en el Lloc Web<\/h3>\n\n\n\n<p>El nostre Lloc Web utilitza les&nbsp;<em>galetes<\/em>&nbsp;que es descriuen a continuaci\u00f3 en funci\u00f3 de finalitat:<\/p>\n\n\n\n<p><em>Galetes<\/em>&nbsp;<strong>de personalitzaci\u00f3 d\u2019interf\u00edcie d\u2019usuari<\/strong>: Aquesta p\u00e0gina web cont\u00e9 unes galetes de \u201cllengua de prefer\u00e8ncia\u201d que s\u2019utilitza per recordar la llengua seleccionada. Se sol utilitzar aquest tipus de cookies al portals de diverses lleng\u00fces.&nbsp;<em>Galetes t\u00e8cniques<\/em>: S\u00f3n aquelles que permeten a l\u2019usuari la navegaci\u00f3 a trav\u00e9s de la p\u00e0gina web o aplicaci\u00f3 i la utilitzaci\u00f3 de les diferents opcions o serveis que en ella existeixen. Per exemple, controlar el tr\u00e0nsit i la comunicaci\u00f3 de dades, identificar la sessi\u00f3, accedir a les parts web d\u2019acc\u00e9s restringit, recordar els elements que integren una comanda, realitzar la sol\u00b7licitud d\u2019inscripci\u00f3 o participaci\u00f3 en un esdeveniment, utilitzar elements de seguretat durant la navegaci\u00f3 i emmagatzemar continguts per a la difusi\u00f3 de v\u00eddeos o so o compartir continguts a trav\u00e9s de les xarxes socials.&nbsp;<em>galetes d\u2019an\u00e0lisi<\/em>: S\u00f3n aquelles que permeten al responsable de les mateixes, el seguiment i an\u00e0lisi del comportament dels usuaris dels llocs web als que estan vinculades. La informaci\u00f3 recollida mitjan\u00e7ant aquest tipus de galetes s\u2019utilitza en el mesurament de l\u2019activitat dels llocs web, aplicaci\u00f3 o plataforma i per a l\u2019elaboraci\u00f3 de perfils de navegaci\u00f3 dels usuaris d\u2019aquests llocs, aplicacions i plataformes, per tal d\u2019introduir millores en funci\u00f3 de l\u2019an\u00e0lisi de les dades d\u2019\u00fas que fan els usuaris del servei.<\/p>\n\n\n\n<p>El nostre Lloc Web utilitza les&nbsp;<em>galetes<\/em>&nbsp;que es descriuen a continuaci\u00f3 en funci\u00f3 de la seva titularitat:<\/p>\n\n\n\n<p><em>*&nbsp;<strong>Galetes pr\u00f2pies.<\/strong><\/em><\/p>\n\n\n\n<ul class=\"wp-block-list\">\n<li>PHPSESSID: galeta t\u00e8cnica i estrictament necess\u00e0ria que cont\u00e9 l\u2019identificador de la sessi\u00f3. S\u2019elimina al tancar el navegador.<\/li>\n\n\n\n<li>_lang: galeta t\u00e8cnica i estrictament necess\u00e0ria que cont\u00e9 l\u2019idioma de la sessi\u00f3. S\u2019elimina al tancar el navegador.<\/li>\n\n\n\n<li>ac_cookies: galeta t\u00e8cnica i estrictament necess\u00e0ria que cont\u00e9 el valor de si s\u2019ha acceptat la instal\u00b7laci\u00f3 de cookies. Caduca en 1 any des de l\u2019\u00faltima actualitzaci\u00f3.<\/li>\n<\/ul>\n\n\n\n<p><em>*&nbsp;<strong>Galetes<\/strong><\/em>&nbsp;<strong>de tercers<\/strong><\/p>\n\n\n\n<p>El plug-in Cartograf Cookie Filter genera una&nbsp;<em>galeta<\/em>&nbsp;anomenada&nbsp;<em>cg_cookie_accepted<\/em>, per tal de guardar les prefer\u00e8ncies dels usuaris respecte a l\u2019acceptaci\u00f3 de&nbsp;<em>galetes<\/em>.<\/p>\n\n\n\n<p>En el nostre lloc web fem servir Google Analytics, una eina d\u2019an\u00e0lisi web de Google que ens permet con\u00e8ixer com interactuen els usuaris del nostre lloc web. Aix\u00ed mateix, habilita&nbsp;<em>galetes<\/em>&nbsp;en el domini del lloc en el qual es troba l\u2019usuari i utilitza un conjunt de&nbsp;<em>galetes<\/em>&nbsp;denominades \u201c__utma\u201d i \u201c__utmz\u201d per recopilar informaci\u00f3 de forma an\u00f2nima i elaborar informes de tend\u00e8ncies del lloc web sense identificar usuaris individuals ni l\u2019adre\u00e7a postal des d\u2019on es connecten. La informaci\u00f3 que obt\u00e9 est\u00e0 relacionada amb el nombre de p\u00e0gines visitades, l\u2019idioma, xarxa social en la qual es publiquen les nostres not\u00edcies, la ciutat a la qual est\u00e0 assignada l\u2019adre\u00e7a IP des de la qual accedeixen els usuaris, el nombre d\u2019usuaris que ens visiten , la freq\u00fc\u00e8ncia i reincid\u00e8ncia de les visites, el temps de visita, el navegador que fan servir, l\u2019operador o tipus de terminal des del qual es realitza la visita. Gr\u00e0cies a elles obtenim una informaci\u00f3 que pot ajudar-nos a millorar la navegaci\u00f3 i donar un millor servei als usuaris i clients.<\/p>\n\n\n\n<p>Si interactua amb el contingut del nostre lloc web tamb\u00e9 es poden establir&nbsp;<em>galetes<\/em>&nbsp;de tercers (per exemple, en pr\u00e9mer botons m\u2019agrada o compartir a les xarxes socials). Les&nbsp;<em>galetes<\/em>&nbsp;de tercers s\u00f3n aquelles establertes per un domini diferent del nostre lloc web. No podem accedir a les dades emmagatzemades en les&nbsp;<em>galetes<\/em>&nbsp;d\u2019altres llocs web quan navegui en els esmentats llocs web.<\/p>\n\n\n\n<p>Incloem a continuaci\u00f3 l\u2019enlla\u00e7 al lloc web de Google on pot consultar la descripci\u00f3 del tipus de&nbsp;<em>galetes<\/em>&nbsp;que utilitza Google Analitycs i el seu per\u00edode d\u2019expiraci\u00f3:&nbsp;<a href=\"https:\/\/gadex.es\/ca\/politica-de-cookies\/%20\/\/%20developers.%20google.com\/analytics\/devguides\/collection\/analyticsjs\/cookie-usage?hl=es\">https:\/\/developers.google.com\/analytics\/devguides\/collection\/analyticsjs\/cookie-usage?hl=es&nbsp;<\/a>.<\/p>\n\n\n\n<p><strong>Relaci\u00f3 de les cookies que recopilem<\/strong><\/p>\n\n\n\n<p><strong>Tipus<\/strong><\/p>\n\n\n\n<p><strong>Clau<\/strong><\/p>\n\n\n\n<p><strong>Descripci\u00f3 (ES)<\/strong><\/p>\n\n\n\n<p><strong>Servidor<\/strong><\/p>\n\n\n\n<p>Google Analytics<\/p>\n\n\n\n<p>__ UTMA<\/p>\n\n\n\n<p>galeta de Google Analytics que registra la data de la primera i \u00faltima vegada que l\u2019usuari va vestir el lloc web. Caduca als 2 anys des de l\u2019\u00faltima actualitzaci\u00f3. Informaci\u00f3 de l\u2019tractament realitzat per Google Analytics a&nbsp;<a href=\"https:\/\/www.google.com\/intl\/es_ALL\/analytics\/learn\/privacy.html\" target=\"_blank\" rel=\"noreferrer noopener\">https:\/\/www.google. com \/ intl \/ es_ALL \/ analytics \/ learn \/ privacy.html<\/a><\/p>\n\n\n\n<p>Google Analytics<\/p>\n\n\n\n<p>__ UTMB<\/p>\n\n\n\n<p>S\u2019utilitza per determinar noves sessions \/ visites. La galeta es crea quan s\u2019executa la biblioteca de JavaScript i les galetes __utmb no existeixen. La galeta s\u2019actualitza cada vegada que les dades s\u2019envien a Google Analytics. Caduca als 30 minuts des de l\u2019\u00faltima actualitzaci\u00f3.<\/p>\n\n\n\n<p>Google Analytics<\/p>\n\n\n\n<p>__ utmc<\/p>\n\n\n\n<p>No s\u2019utilitza en ga.js. Ajust per a la interoperabilitat amb urchin.js. Hist\u00f2ricament, aquesta galeta operava en conjunt amb la galeta __ UTMB per determinar si l\u2019usuari estava en una nova sessi\u00f3 \/ visita. S\u2019elimina al tancar el navegador.<\/p>\n\n\n\n<p>Google Analytics<\/p>\n\n\n\n<p>_utmt:<\/p>\n\n\n\n<p>Cookie de Google Analytics. Aquesta galeta s\u2019utilitza per processar el tipus de sol\u00b7licitud demanada per l\u2019usuari. Caduca en finalitzar la sessi\u00f3.<\/p>\n\n\n\n<p>Google Analytics<\/p>\n\n\n\n<p>__ utmz<\/p>\n\n\n\n<p>Emmagatzema la font de tr\u00e0nsit o una campanya que explica com l\u2019usuari va arribar al seu lloc. Es crea la galeta quan s\u2019executa la biblioteca de JavaScript i s\u2019actualitza cada vegada que les dades s\u2019envien a Google Analytics. Caduca als 6 mesos des de l\u2019\u00faltima actualitzaci\u00f3.<\/p>\n\n\n\n<p>google.com<\/p>\n\n\n\n<p><strong>Relaci\u00f3 de les galetes de tercers<\/strong><\/p>\n\n\n\n<p>Google<\/p>\n\n\n\n<p>NID<\/p>\n\n\n\n<p>Aquestes cookies s\u00f3n utilitzades per Google per emmagatzemar les prefer\u00e8ncies de l\u2019usuari i la informaci\u00f3 durant la visualitzaci\u00f3 de les p\u00e0gines de Google Maps. Aquestes galetes contenen la informaci\u00f3 suficient per al seguiment.<\/p>\n\n\n\n<p>.google.com<\/p>\n\n\n\n<p>Google Analytics<\/p>\n\n\n\n<p><a href=\"http:\/\/www.google-analytics.com\/ga.js\" target=\"_blank\" rel=\"noopener\">http: \/\/ www. google-analytics.com\/ga.js<\/a><\/p>\n\n\n\n<p>Google Analytics<\/p>\n\n\n\n<p><a href=\"http:\/\/www.google-analytics.com\/...\" target=\"_blank\" rel=\"noopener\">http: \/\/www.google-analytics. com \/ \u2026<\/a><\/p>\n\n\n\n<h3 class=\"wp-block-heading\">3.- Consentiment<\/h3>\n\n\n\n<p>Pel sol fet de navegar i continuar en el nostre lloc web&nbsp;<a href=\"http:\/\/www.gadex.es\/\">www.gadex.es&nbsp;<\/a>i de manera impl\u00edcita estar\u00e0 consentint l\u2019\u00fas de les&nbsp;<em>galetes<\/em>&nbsp;abans enunciades, pels terminis assenyalats i en les condicions contingudes en la present Pol\u00edtica de&nbsp;<em>galetes.<\/em><\/p>\n\n\n\n<h3 class=\"wp-block-heading\">4.- Com desactivar i \/ o bloquejar les&nbsp;<em>galetes<\/em><\/h3>\n\n\n\n<p>Les&nbsp;<em>galetes<\/em>&nbsp;no s\u00f3n necess\u00e0ries per a l\u2019\u00fas del nostre lloc web, pel que pot bloquejar o deshabilitar activant la configuraci\u00f3 del seu navegador que li permet rebutjar la instal\u00b7laci\u00f3 de totes les&nbsp;<em>galetes<\/em>&nbsp;o d\u2019algunes d\u2019elles. La pr\u00e0ctica majoria dels navegadors permet advertir de la pres\u00e8ncia d \u2018<em>&nbsp;galetes<\/em>&nbsp;o rebutjar-les autom\u00e0ticament. Si les rebutja, podeu utilitzar el nostre lloc web, encara que l\u2019\u00fas d\u2019alguns dels seus serveis podria ser limitat i per tant la seva experi\u00e8ncia en el nostre lloc web menys satisfact\u00f2ria.<\/p>\n\n\n\n<h3 class=\"wp-block-heading\">5.- Retirada del seu consentiment<\/h3>\n\n\n\n<p>Si volgu\u00e9s retirar en qualsevol moment el seu consentiment relatiu a la present Pol\u00edtica de&nbsp;<em>Galetes<\/em>, haur\u00e0 d\u2019eliminar les&nbsp;<em>galetes<\/em>&nbsp;emmagatzemades en el seu equip (ordinador o dispositiu m\u00f2bil) a trav\u00e9s de els ajustos i configuracions del seu navegador d\u2019Internet.<\/p>\n\n\n\n<p>Si no \u00e9s que hagi ajustat la configuraci\u00f3 del seu navegador, el nostre sistema crear\u00e0&nbsp;<em>galetes<\/em>&nbsp;quant visiteu la nostra p\u00e0gina web. Tingueu present que tots els navegadors d\u2019Internet permeten el canvi d\u2019aquesta configuraci\u00f3. Per a m\u00e9s informaci\u00f3 sobre la forma d\u2019ajustar la configuraci\u00f3 de&nbsp;<em>galetes<\/em>&nbsp;en el vostre navegador, li remetem a continuaci\u00f3 als enlla\u00e7os pertinents.<\/p>\n\n\n\n<p><strong>Internet Explorer:<\/strong><\/p>\n\n\n\n<p><a href=\"http:\/\/support.microsoft.com\/kb\/196955\" target=\"_blank\" rel=\"noopener\">5 (<\/a><a href=\"http:\/\/support.microsoft.com\/kb\/196955\" target=\"_blank\" rel=\"noopener\">http:\/\/support.microsoft.com\/kb\/196955<\/a>)<a href=\"http:\/\/support.microsoft.com\/kb\/283185\" target=\"_blank\" rel=\"noopener\">6 (<\/a><a href=\"http:\/\/support.microsoft.com\/kb\/283185\" target=\"_blank\" rel=\"noopener\">http:\/\/support.microsoft.com\/kb\/283185<\/a>)<a href=\"http:\/\/www.allaboutcookies.org\/es\/administrar-las-cookies\/internet-explorer7-plus.html\" target=\"_blank\" rel=\"noopener\">7 (<\/a><a href=\"http:\/\/www.allaboutcookies.org\/es\/administrar-las-cookies\/internet-explorer7-plus.html\" target=\"_blank\" rel=\"noopener\">http:\/\/www.allaboutcookies.org\/es\/administrar-las-cookies\/internet-explo\u2026<\/a>)<a href=\"http:\/\/www.allaboutcookies.org\/es\/administrar-las-cookies\/internet-explorer8-plus.html\" target=\"_blank\" rel=\"noopener\">8 (<\/a><a href=\"http:\/\/www.allaboutcookies.org\/es\/administrar-las-cookies\/internet-explorer8-plus.html\" target=\"_blank\" rel=\"noopener\">http:\/\/www.allaboutcookies.org\/es\/administrar-las-cookies\/internet-explo\u2026<\/a>)<a href=\"http:\/\/windows.microsoft.com\/es-es\/windows7\/how-to-manage-cookies-in-internet-explorer-9\" target=\"_blank\" rel=\"noopener\">9 (<\/a><a href=\"http:\/\/windows.microsoft.com\/es-es\/windows7\/how-to-manage-cookies-in-internet-explorer-9\" target=\"_blank\" rel=\"noopener\">http:\/\/windows.microsoft.com\/es-es\/windows7\/how-to-manage-cookies-in-int\u2026<\/a>)<\/p>\n\n\n\n<p><strong>Firefox<\/strong><\/p>\n\n\n\n<p><a href=\"https:\/\/support.mozilla.org\/es\/kb\/cookies-informacion-que-los-sitios-web-guardan-en-?esab=a&amp;s=administrar+cookies&amp;r=0&amp;as=s#w_configurar-las-cookies\" target=\"_blank\" rel=\"noopener\">https:\/\/support.mozilla.org\/es\/kb\/cookies-informacion-que-los-sitios-web-guardan-en-?esab=a&amp;s=administrar+cookies&amp;r=0&amp;as=s#w_configurar-las-cookies<\/a><\/p>\n\n\n\n<p><strong>Chrome<\/strong><\/p>\n\n\n\n<p><a href=\"https:\/\/support.google.com\/chrome\/answer\/95647?hl=es\" target=\"_blank\" rel=\"noopener\">https:\/\/support.google.com\/chrome\/answer\/95647?hl=es<\/a><\/p>\n\n\n\n<p><strong>Safari<\/strong><\/p>\n\n\n\n<p><a href=\"http:\/\/www.allaboutcookies.org\/es\/administrar-las-cookies\/safari.html\" target=\"_blank\" rel=\"noopener\">http:\/\/www.allaboutcookies.org\/es\/administrar-las-cookies\/safari.html<\/a>&nbsp;(and for iOS \u2013<a href=\"http:\/\/support.apple.com\/kb\/HT1677?viewlocale=es_ES&amp;locale=en_US\" target=\"_blank\" rel=\"noopener\">http:\/\/support.apple.com\/kb\/HT1677?viewlocale=es_ES&amp;locale=en_US<\/a>)<\/p>\n","protected":false},"excerpt":{"rendered":"<p>El nostre lloc web&nbsp;www.gadex.es&nbsp;la mateixa manera que fan la majoria dels llocs web, utilitza&nbsp;galetes&nbsp;per a demanar informaci\u00f3 de l\u2019\u00fas que els usuaris fan d\u2019ell i poder millorar i fer m\u00e9s c\u00f2moda la seva navegaci\u00f3. L\u2019informem que utilitzem&nbsp;galetes&nbsp;amb la finalitat de facilitar la seva navegaci\u00f3 a trav\u00e9s del lloc web, distingir-d\u2019altres usuaris i identificar problemes. Aix\u00ed &#8230; <a title=\"Pol\u00edtica de cookies\" class=\"read-more\" href=\"https:\/\/gadex.es\/ca\/politica-de-cookies\/\" aria-label=\"M\u00e9s informaci\u00f3 sobre Pol\u00edtica de cookies\">Read More<\/a><\/p>\n","protected":false},"author":1,"featured_media":0,"parent":0,"menu_order":112,"comment_status":"closed","ping_status":"closed","template":"","meta":{"footnotes":""},"class_list":["post-8222","page","type-page","status-publish"],"_links":{"self":[{"href":"https:\/\/gadex.es\/ca\/wp-json\/wp\/v2\/pages\/8222","targetHints":{"allow":["GET"]}}],"collection":[{"href":"https:\/\/gadex.es\/ca\/wp-json\/wp\/v2\/pages"}],"about":[{"href":"https:\/\/gadex.es\/ca\/wp-json\/wp\/v2\/types\/page"}],"author":[{"embeddable":true,"href":"https:\/\/gadex.es\/ca\/wp-json\/wp\/v2\/users\/1"}],"replies":[{"embeddable":true,"href":"https:\/\/gadex.es\/ca\/wp-json\/wp\/v2\/comments?post=8222"}],"version-history":[{"count":2,"href":"https:\/\/gadex.es\/ca\/wp-json\/wp\/v2\/pages\/8222\/revisions"}],"predecessor-version":[{"id":8224,"href":"https:\/\/gadex.es\/ca\/wp-json\/wp\/v2\/pages\/8222\/revisions\/8224"}],"wp:attachment":[{"href":"https:\/\/gadex.es\/ca\/wp-json\/wp\/v2\/media?parent=8222"}],"curies":[{"name":"wp","href":"https:\/\/api.w.org\/{rel}","templated":true}]}}