{"id":8230,"date":"2025-05-01T09:54:26","date_gmt":"2025-05-01T07:54:26","guid":{"rendered":"https:\/\/gadex.es\/?page_id=8230"},"modified":"2026-01-15T12:26:32","modified_gmt":"2026-01-15T11:26:32","slug":"terapia-online","status":"publish","type":"page","link":"https:\/\/gadex.es\/ca\/terapia-online\/","title":{"rendered":"Ter\u00e0pia online"},"content":{"rendered":"<style>.kb-row-layout-wrap.wp-block-kadence-rowlayout.kb-row-layout-id8230_a837c4-07{margin-bottom:0px;}.kb-row-layout-id8230_a837c4-07 > .kt-row-column-wrap{align-content:start;}:where(.kb-row-layout-id8230_a837c4-07 > .kt-row-column-wrap) > .wp-block-kadence-column{justify-content:start;}.kb-row-layout-id8230_a837c4-07 > .kt-row-column-wrap{column-gap:var(--global-kb-gap-md, 2rem);row-gap:var(--global-kb-gap-md, 2rem);max-width:1200px;padding-top:var(--global-kb-spacing-xl, 4rem);padding-bottom:var(--global-kb-spacing-md, 2rem);grid-template-columns:repeat(2, minmax(0, 1fr));}.kb-row-layout-id8230_a837c4-07 > .kt-row-layout-overlay{opacity:0.30;}@media all and (max-width: 1024px){.kb-row-layout-id8230_a837c4-07 > .kt-row-column-wrap{grid-template-columns:repeat(2, minmax(0, 1fr));}}@media all and (max-width: 767px){.kb-row-layout-id8230_a837c4-07 > .kt-row-column-wrap{grid-template-columns:minmax(0, 1fr);}}<\/style><div class=\"kb-row-layout-wrap kb-row-layout-id8230_a837c4-07 alignfull wp-block-kadence-rowlayout\"><div class=\"kt-row-column-wrap kt-has-2-columns kt-row-layout-equal kt-tab-layout-inherit kt-mobile-layout-row kt-row-valign-top kb-theme-content-width\">\n<style>.kadence-column8230_bca2fb-20 > .kt-inside-inner-col,.kadence-column8230_bca2fb-20 > .kt-inside-inner-col:before{border-top-left-radius:0px;border-top-right-radius:0px;border-bottom-right-radius:0px;border-bottom-left-radius:0px;}.kadence-column8230_bca2fb-20 > .kt-inside-inner-col{column-gap:var(--global-kb-gap-sm, 1rem);}.kadence-column8230_bca2fb-20 > .kt-inside-inner-col{flex-direction:column;}.kadence-column8230_bca2fb-20 > .kt-inside-inner-col > .aligncenter{width:100%;}.kadence-column8230_bca2fb-20 > .kt-inside-inner-col:before{opacity:0.3;}.kadence-column8230_bca2fb-20{position:relative;}@media all and (max-width: 1024px){.kadence-column8230_bca2fb-20 > .kt-inside-inner-col{flex-direction:column;justify-content:center;}}@media all and (max-width: 767px){.kadence-column8230_bca2fb-20 > .kt-inside-inner-col{flex-direction:column;justify-content:center;}}<\/style>\n<div class=\"wp-block-kadence-column kadence-column8230_bca2fb-20\"><div class=\"kt-inside-inner-col\">\n<p><strong>Ter\u00e0pia en l\u00ednia<\/strong> \u00e9s b\u00e0sicament la<strong> versi\u00f3 a dist\u00e0ncia de la psicoter\u00e0pia de sempre, utilitzant els avantatges i els recursos d&#8217;Internet.<\/strong><\/p>\n\n\n\n<p>La<strong> psicoterapia online<\/strong> \u00e9s una modalitat <strong>d&#8217;intervenci\u00f3 psicol\u00f2gica<\/strong> que s&#8217;adapta al potencial de les noves eines desenvolupades al m\u00f3n digital, i aprofita la seva capacitat per flexibilitzar el tipus de servei ofert.<\/p>\n\n\n\n<p>Gr\u00e0cies a aquesta modalitat, no viure a la mateixa zona o ciutat que el centre terap\u00e8utic o professional no resulta un impediment important.<\/p>\n<\/div><\/div>\n\n\n<style>.kadence-column8230_19f65d-ee > .kt-inside-inner-col,.kadence-column8230_19f65d-ee > .kt-inside-inner-col:before{border-top-left-radius:0px;border-top-right-radius:0px;border-bottom-right-radius:0px;border-bottom-left-radius:0px;}.kadence-column8230_19f65d-ee > .kt-inside-inner-col{column-gap:var(--global-kb-gap-sm, 1rem);}.kadence-column8230_19f65d-ee > .kt-inside-inner-col{flex-direction:column;}.kadence-column8230_19f65d-ee > .kt-inside-inner-col > .aligncenter{width:100%;}.kadence-column8230_19f65d-ee > .kt-inside-inner-col:before{opacity:0.3;}.kadence-column8230_19f65d-ee{position:relative;}@media all and (max-width: 1024px){.kadence-column8230_19f65d-ee > .kt-inside-inner-col{flex-direction:column;justify-content:center;}}@media all and (max-width: 767px){.kadence-column8230_19f65d-ee > .kt-inside-inner-col{flex-direction:column;justify-content:center;}}<\/style>\n<div class=\"wp-block-kadence-column kadence-column8230_19f65d-ee\"><div class=\"kt-inside-inner-col\"><style>.kb-image8230_08ccf9-50 .kb-image-has-overlay:after{opacity:0.3;}<\/style>\n<figure class=\"wp-block-kadence-image kb-image8230_08ccf9-50 size-large\"><img decoding=\"async\" src=\"https:\/\/gadex.es\/wp-content\/uploads\/2026\/01\/gadex-terapia-online-psicologos-sabadell-1-1024x684.jpg\" alt=\"GADEX, terapia psicol\u00f3gica online\" class=\"kb-img wp-image-8999 no-visual-search-edge\"\/><\/figure>\n<\/div><\/div>\n\n<\/div><\/div>\n\n<style>.kb-row-layout-wrap.wp-block-kadence-rowlayout.kb-row-layout-id8230_3221b4-82{margin-bottom:0px;}.kb-row-layout-id8230_3221b4-82 > .kt-row-column-wrap{align-content:start;}:where(.kb-row-layout-id8230_3221b4-82 > .kt-row-column-wrap) > .wp-block-kadence-column{justify-content:start;}.kb-row-layout-id8230_3221b4-82 > .kt-row-column-wrap{column-gap:var(--global-kb-gap-md, 2rem);row-gap:var(--global-kb-gap-md, 2rem);max-width:1200px;padding-top:0px;grid-template-columns:repeat(2, minmax(0, 1fr));}.kb-row-layout-id8230_3221b4-82 > .kt-row-layout-overlay{opacity:0.30;}@media all and (max-width: 1024px){.kb-row-layout-id8230_3221b4-82 > .kt-row-column-wrap{grid-template-columns:repeat(2, minmax(0, 1fr));}}@media all and (max-width: 767px){.kb-row-layout-id8230_3221b4-82 > .kt-row-column-wrap{grid-template-columns:minmax(0, 1fr);}}<\/style><div class=\"kb-row-layout-wrap kb-row-layout-id8230_3221b4-82 alignfull has-base-2-background-color kt-row-has-bg wp-block-kadence-rowlayout\"><div class=\"kt-row-column-wrap kt-has-2-columns kt-row-layout-equal kt-tab-layout-inherit kt-mobile-layout-row kt-row-valign-top kb-theme-content-width\">\n<style>.kadence-column8230_1f2939-4c > .kt-inside-inner-col{padding-top:var(--global-kb-spacing-md, 2rem);padding-bottom:var(--global-kb-spacing-md, 2rem);}.kadence-column8230_1f2939-4c > .kt-inside-inner-col,.kadence-column8230_1f2939-4c > .kt-inside-inner-col:before{border-top-left-radius:0px;border-top-right-radius:0px;border-bottom-right-radius:0px;border-bottom-left-radius:0px;}.kadence-column8230_1f2939-4c > .kt-inside-inner-col{column-gap:var(--global-kb-gap-sm, 1rem);}.kadence-column8230_1f2939-4c > .kt-inside-inner-col{flex-direction:column;}.kadence-column8230_1f2939-4c > .kt-inside-inner-col > .aligncenter{width:100%;}.kadence-column8230_1f2939-4c > .kt-inside-inner-col:before{opacity:0.3;}.kadence-column8230_1f2939-4c{position:relative;}.kadence-column8230_1f2939-4c, .kt-inside-inner-col > .kadence-column8230_1f2939-4c:not(.specificity){margin-right:0px;margin-left:0px;}@media all and (max-width: 1024px){.kadence-column8230_1f2939-4c > .kt-inside-inner-col{flex-direction:column;justify-content:center;}}@media all and (max-width: 767px){.kadence-column8230_1f2939-4c > .kt-inside-inner-col{flex-direction:column;justify-content:center;}}<\/style>\n<div class=\"wp-block-kadence-column kadence-column8230_1f2939-4c\"><div class=\"kt-inside-inner-col\"><style>.wp-block-kadence-advancedheading.kt-adv-heading8230_73158c-2d, .wp-block-kadence-advancedheading.kt-adv-heading8230_73158c-2d[data-kb-block=\"kb-adv-heading8230_73158c-2d\"]{font-size:var(--global-kb-font-size-lg, 2rem);font-style:normal;}.wp-block-kadence-advancedheading.kt-adv-heading8230_73158c-2d mark.kt-highlight, .wp-block-kadence-advancedheading.kt-adv-heading8230_73158c-2d[data-kb-block=\"kb-adv-heading8230_73158c-2d\"] mark.kt-highlight{font-style:normal;color:#f76a0c;-webkit-box-decoration-break:clone;box-decoration-break:clone;padding-top:0px;padding-right:0px;padding-bottom:0px;padding-left:0px;}.wp-block-kadence-advancedheading.kt-adv-heading8230_73158c-2d img.kb-inline-image, .wp-block-kadence-advancedheading.kt-adv-heading8230_73158c-2d[data-kb-block=\"kb-adv-heading8230_73158c-2d\"] img.kb-inline-image{width:150px;vertical-align:baseline;}<\/style>\n<h3 class=\"kt-adv-heading8230_73158c-2d wp-block-kadence-advancedheading\" data-kb-block=\"kb-adv-heading8230_73158c-2d\">A qui va dirigida principalment:<\/h3>\n\n\n\n<p><strong>Persones que tenen dificultats per poder-se despla\u00e7ar, per motius personals, familiars, professionals, circumstancials\u2026<\/strong><\/p>\n\n\n\n<p>La&nbsp;<strong>ter\u00e0pia online<\/strong>&nbsp;no intenta substituir la consulta tradicional, sin\u00f3 m\u00e9s aviat, \u00e9s una alternativa per a aquelles persones que per diverses raons no poden assistir per realitzar una ter\u00e0pia presencial.<\/p>\n\n\n\n<p>En tots aquests casos la ter\u00e0pia en l\u00ednia, adaptant i tenint en compte les necessitats i limitacions que puguin existir, pot ser una t\u00e8cnica ideal, que permet realitzar el mateix proc\u00e9s que es realitza en format presencial.<\/p>\n\n\n\n<p><strong>Per poder utilitzar aquest servei, cal disposar d&#8217;una connexi\u00f3 a internet, un compte de correu electr\u00f2nic i c\u00e0mera web per poder fer videoconfer\u00e8ncies.<\/strong><\/p>\n\n\n\n<p>El servei psicol\u00f2gic&nbsp;<strong>online&nbsp;<\/strong>es realitza normalment a trav\u00e9s d&#8217;alguna aplicaci\u00f3 inform\u00e0tica,<strong>&nbsp;Meet,&nbsp;Zoom<\/strong>,\u2026 gratu\u00efta i f\u00e0cil de manejar, que permet una comunicaci\u00f3 visual i auditiva de bona qualitat.<\/p>\n\n\n\n<p>MEET, ZOOM, mitjan\u00e7ant VIDEOCONFER\u00c8NCIA<\/p>\n<\/div><\/div>\n\n\n<style>.kadence-column8230_233d1d-0e > .kt-inside-inner-col{display:flex;}.kadence-column8230_233d1d-0e > .kt-inside-inner-col{min-height:698px;}.kadence-column8230_233d1d-0e > .kt-inside-inner-col,.kadence-column8230_233d1d-0e > .kt-inside-inner-col:before{border-top-left-radius:0px;border-top-right-radius:0px;border-bottom-right-radius:0px;border-bottom-left-radius:0px;}.kadence-column8230_233d1d-0e > .kt-inside-inner-col{column-gap:var(--global-kb-gap-sm, 1rem);}.kadence-column8230_233d1d-0e > .kt-inside-inner-col{flex-direction:column;justify-content:center;}.kadence-column8230_233d1d-0e > .kt-inside-inner-col > .aligncenter{width:100%;}.kt-row-column-wrap > .kadence-column8230_233d1d-0e{align-self:center;}.kt-inner-column-height-full:not(.kt-has-1-columns) > .wp-block-kadence-column.kadence-column8230_233d1d-0e{align-self:auto;}.kt-inner-column-height-full:not(.kt-has-1-columns) > .wp-block-kadence-column.kadence-column8230_233d1d-0e > .kt-inside-inner-col{flex-direction:column;justify-content:center;}.kadence-column8230_233d1d-0e > .kt-inside-inner-col{background-image:url('https:\/\/gadex.con2webs.es\/wp-content\/uploads\/2025\/11\/personas-mayores-haciendo-una-videollamada.jpg');background-size:cover;background-position:18% 45%;background-attachment:scroll;background-repeat:no-repeat;}.kadence-column8230_233d1d-0e > .kt-inside-inner-col:before{opacity:0.3;}.kadence-column8230_233d1d-0e{position:relative;}@media all and (max-width: 1024px){.kt-row-column-wrap > .kadence-column8230_233d1d-0e{align-self:center;}}@media all and (max-width: 1024px){.kt-inner-column-height-full:not(.kt-has-1-columns) > .wp-block-kadence-column.kadence-column8230_233d1d-0e{align-self:auto;}}@media all and (max-width: 1024px){.kt-inner-column-height-full:not(.kt-has-1-columns) > .wp-block-kadence-column.kadence-column8230_233d1d-0e > .kt-inside-inner-col{flex-direction:column;justify-content:center;}}@media all and (max-width: 1024px){.kadence-column8230_233d1d-0e > .kt-inside-inner-col{flex-direction:column;justify-content:center;}}@media all and (max-width: 767px){.kt-row-column-wrap > .kadence-column8230_233d1d-0e{align-self:center;}.kt-inner-column-height-full:not(.kt-has-1-columns) > .wp-block-kadence-column.kadence-column8230_233d1d-0e{align-self:auto;}.kt-inner-column-height-full:not(.kt-has-1-columns) > .wp-block-kadence-column.kadence-column8230_233d1d-0e > .kt-inside-inner-col{flex-direction:column;justify-content:center;}.kadence-column8230_233d1d-0e > .kt-inside-inner-col{flex-direction:column;justify-content:center;}}<\/style>\n<div class=\"wp-block-kadence-column kadence-column8230_233d1d-0e\"><div class=\"kt-inside-inner-col\"><style>.kb-image8230_5f80cc-1d .kb-image-has-overlay:after{opacity:0.3;}<\/style>\n<figure class=\"wp-block-kadence-image kb-image8230_5f80cc-1d\"><img decoding=\"async\" src=\"https:\/\/gadex.es\/wp-content\/uploads\/2026\/01\/gadex-terapia-online-psicologos-sabadell-2.jpg\" alt=\"GADEX, terapia psicol\u00f3gica online\" class=\"kb-img wp-image-9000 no-visual-search-edge\"\/><\/figure>\n<\/div><\/div>\n\n<\/div><\/div>\n\n<style>.kb-row-layout-wrap.wp-block-kadence-rowlayout.kb-row-layout-id8230_5a3f31-e6{margin-bottom:0px;}.kb-row-layout-id8230_5a3f31-e6 > .kt-row-column-wrap{align-content:start;}:where(.kb-row-layout-id8230_5a3f31-e6 > .kt-row-column-wrap) > .wp-block-kadence-column{justify-content:start;}.kb-row-layout-id8230_5a3f31-e6 > .kt-row-column-wrap{column-gap:200px;row-gap:var(--global-kb-gap-md, 2rem);max-width:1200px;padding-top:var(--global-kb-spacing-lg, 3rem);padding-bottom:var(--global-kb-spacing-3xl, 6.5rem);grid-template-columns:minmax(0, calc(50% - ((200px * 1 )\/2)))minmax(0, calc(50% - ((200px * 1 )\/2)));}.kb-row-layout-id8230_5a3f31-e6 > .kt-row-layout-overlay{opacity:0.30;}@media all and (max-width: 1024px){.kb-row-layout-id8230_5a3f31-e6 > .kt-row-column-wrap{grid-template-columns:repeat(2, minmax(0, 1fr));}}@media all and (max-width: 767px){.kb-row-layout-id8230_5a3f31-e6 > .kt-row-column-wrap{grid-template-columns:minmax(0, 1fr);}}<\/style><div class=\"kb-row-layout-wrap kb-row-layout-id8230_5a3f31-e6 alignfull wp-block-kadence-rowlayout\"><div class=\"kt-row-column-wrap kt-has-2-columns kt-row-layout-equal kt-tab-layout-inherit kt-mobile-layout-row kt-row-valign-top kb-theme-content-width\">\n<style>.kadence-column8230_e39afb-77 > .kt-inside-inner-col{padding-top:var(--global-kb-spacing-md, 2rem);padding-bottom:0px;}.kadence-column8230_e39afb-77 > .kt-inside-inner-col,.kadence-column8230_e39afb-77 > .kt-inside-inner-col:before{border-top-left-radius:0px;border-top-right-radius:0px;border-bottom-right-radius:0px;border-bottom-left-radius:0px;}.kadence-column8230_e39afb-77 > .kt-inside-inner-col{column-gap:var(--global-kb-gap-sm, 1rem);}.kadence-column8230_e39afb-77 > .kt-inside-inner-col{flex-direction:column;}.kadence-column8230_e39afb-77 > .kt-inside-inner-col > .aligncenter{width:100%;}.kadence-column8230_e39afb-77 > .kt-inside-inner-col:before{opacity:0.3;}.kadence-column8230_e39afb-77{position:relative;}.kadence-column8230_e39afb-77, .kt-inside-inner-col > .kadence-column8230_e39afb-77:not(.specificity){margin-right:0px;margin-left:0px;}@media all and (max-width: 1024px){.kadence-column8230_e39afb-77 > .kt-inside-inner-col{flex-direction:column;justify-content:center;}}@media all and (max-width: 767px){.kadence-column8230_e39afb-77 > .kt-inside-inner-col{flex-direction:column;justify-content:center;}}<\/style>\n<div class=\"wp-block-kadence-column kadence-column8230_e39afb-77\"><div class=\"kt-inside-inner-col\"><style>.wp-block-kadence-advancedheading.kt-adv-heading8230_ddda44-e8, .wp-block-kadence-advancedheading.kt-adv-heading8230_ddda44-e8[data-kb-block=\"kb-adv-heading8230_ddda44-e8\"]{font-size:var(--global-kb-font-size-lg, 2rem);font-style:normal;}.wp-block-kadence-advancedheading.kt-adv-heading8230_ddda44-e8 mark.kt-highlight, .wp-block-kadence-advancedheading.kt-adv-heading8230_ddda44-e8[data-kb-block=\"kb-adv-heading8230_ddda44-e8\"] mark.kt-highlight{font-style:normal;color:#f76a0c;-webkit-box-decoration-break:clone;box-decoration-break:clone;padding-top:0px;padding-right:0px;padding-bottom:0px;padding-left:0px;}.wp-block-kadence-advancedheading.kt-adv-heading8230_ddda44-e8 img.kb-inline-image, .wp-block-kadence-advancedheading.kt-adv-heading8230_ddda44-e8[data-kb-block=\"kb-adv-heading8230_ddda44-e8\"] img.kb-inline-image{width:150px;vertical-align:baseline;}<\/style>\n<h3 class=\"kt-adv-heading8230_ddda44-e8 wp-block-kadence-advancedheading\" data-kb-block=\"kb-adv-heading8230_ddda44-e8\">Com funciona la nostra ter\u00e0pia en l\u00ednia?<\/h3>\n\n\n\n<p><strong>Sol\u00b7licitar hora de visita trucant per tel\u00e8fon:<\/strong><\/p>\n\n\n<style>.wp-block-kadence-advancedheading.kt-adv-heading8230_08e003-da, .wp-block-kadence-advancedheading.kt-adv-heading8230_08e003-da[data-kb-block=\"kb-adv-heading8230_08e003-da\"]{font-style:normal;}.wp-block-kadence-advancedheading.kt-adv-heading8230_08e003-da[data-kb-block=\"kb-adv-heading8230_08e003-da\"]{display:flex;gap:0.25em;align-items:center;}.wp-block-kadence-advancedheading.kt-adv-heading8230_08e003-da[data-kb-block=\"kb-adv-heading8230_08e003-da\"] .kb-adv-heading-icon svg{width:1em;height:1em;}.wp-block-kadence-advancedheading.kt-adv-heading8230_08e003-da[data-kb-block=\"kb-adv-heading8230_08e003-da\"] .kb-adv-heading-icon{color:var(--global-palette1, #3182CE);}.wp-block-kadence-advancedheading.kt-adv-heading8230_08e003-da mark.kt-highlight, .wp-block-kadence-advancedheading.kt-adv-heading8230_08e003-da[data-kb-block=\"kb-adv-heading8230_08e003-da\"] mark.kt-highlight{font-style:normal;color:#f76a0c;-webkit-box-decoration-break:clone;box-decoration-break:clone;padding-top:0px;padding-right:0px;padding-bottom:0px;padding-left:0px;}.wp-block-kadence-advancedheading.kt-adv-heading8230_08e003-da img.kb-inline-image, .wp-block-kadence-advancedheading.kt-adv-heading8230_08e003-da[data-kb-block=\"kb-adv-heading8230_08e003-da\"] img.kb-inline-image{width:150px;vertical-align:baseline;}.wp-block-kadence-advancedheading.kt-adv-heading8230_08e003-da[data-kb-block=\"kb-adv-heading8230_08e003-da\"] a, .kt-adv-heading-link8230_08e003-da, .kt-adv-heading-link8230_08e003-da .kt-adv-heading8230_08e003-da[data-kb-block=\"kb-adv-heading8230_08e003-da\"]{color:var(--global-palette6, #718096);}.wp-block-kadence-advancedheading.kt-adv-heading8230_08e003-da[data-kb-block=\"kb-adv-heading8230_08e003-da\"] a:hover, .kt-adv-heading-link8230_08e003-da:hover, .kt-adv-heading-link8230_08e003-da:hover .kt-adv-heading8230_08e003-da[data-kb-block=\"kb-adv-heading8230_08e003-da\"]{color:var(--global-palette1, #3182CE);}.wp-block-kadence-advancedheading.kt-adv-heading8230_08e003-da[data-kb-block=\"kb-adv-heading8230_08e003-da\"] a, a.kb-advanced-heading-link.kt-adv-heading-link8230_08e003-da{text-decoration:none;}.wp-block-kadence-advancedheading.kt-adv-heading8230_08e003-da[data-kb-block=\"kb-adv-heading8230_08e003-da\"] a:hover, a.kb-advanced-heading-link.kt-adv-heading-link8230_08e003-da:hover{text-decoration:underline;}<\/style><p class=\"kt-adv-heading8230_08e003-da wp-block-kadence-advancedheading kt-adv-heading-has-icon\" data-kb-block=\"kb-adv-heading8230_08e003-da\"><span class=\"kb-svg-icon-wrap kb-adv-heading-icon kb-svg-icon-fe_phone kb-adv-heading-icon-side-left\"><svg viewBox=\"0 0 24 24\"  fill=\"none\" stroke=\"currentColor\" stroke-width=\"2\" stroke-linecap=\"round\" stroke-linejoin=\"round\" xmlns=\"http:\/\/www.w3.org\/2000\/svg\"  aria-hidden=\"true\"><path d=\"M22 16.92v3a2 2 0 0 1-2.18 2 19.79 19.79 0 0 1-8.63-3.07 19.5 19.5 0 0 1-6-6 19.79 19.79 0 0 1-3.07-8.67A2 2 0 0 1 4.11 2h3a2 2 0 0 1 2 1.72 12.84 12.84 0 0 0 .7 2.81 2 2 0 0 1-.45 2.11L8.09 9.91a16 16 0 0 0 6 6l1.27-1.27a2 2 0 0 1 2.11-.45 12.84 12.84 0 0 0 2.81.7A2 2 0 0 1 22 16.92z\"\/><\/svg><\/span><span class=\"kb-adv-text-inner\">&nbsp;<strong><a href=\"tel:+34937172652\" data-type=\"tel\" data-id=\"tel:+34937172652\">93 717 26 52<\/a><\/strong> \u2013<strong> <a href=\"tel:+34616439024\" data-type=\"tel\" data-id=\"tel:+34616439024\">616 43 90 24<\/a><\/strong><\/span><\/p>\n\n<style>.wp-block-kadence-advancedheading.kt-adv-heading8230_971119-9a, .wp-block-kadence-advancedheading.kt-adv-heading8230_971119-9a[data-kb-block=\"kb-adv-heading8230_971119-9a\"]{font-style:normal;}.wp-block-kadence-advancedheading.kt-adv-heading8230_971119-9a mark.kt-highlight, .wp-block-kadence-advancedheading.kt-adv-heading8230_971119-9a[data-kb-block=\"kb-adv-heading8230_971119-9a\"] mark.kt-highlight{font-style:normal;color:#f76a0c;-webkit-box-decoration-break:clone;box-decoration-break:clone;padding-top:0px;padding-right:0px;padding-bottom:0px;padding-left:0px;}.wp-block-kadence-advancedheading.kt-adv-heading8230_971119-9a img.kb-inline-image, .wp-block-kadence-advancedheading.kt-adv-heading8230_971119-9a[data-kb-block=\"kb-adv-heading8230_971119-9a\"] img.kb-inline-image{width:150px;vertical-align:baseline;}.wp-block-kadence-advancedheading.kt-adv-heading8230_971119-9a[data-kb-block=\"kb-adv-heading8230_971119-9a\"] a, .kt-adv-heading-link8230_971119-9a, .kt-adv-heading-link8230_971119-9a .kt-adv-heading8230_971119-9a[data-kb-block=\"kb-adv-heading8230_971119-9a\"]{color:var(--global-palette6, #718096);}.wp-block-kadence-advancedheading.kt-adv-heading8230_971119-9a[data-kb-block=\"kb-adv-heading8230_971119-9a\"] a:hover, .kt-adv-heading-link8230_971119-9a:hover, .kt-adv-heading-link8230_971119-9a:hover .kt-adv-heading8230_971119-9a[data-kb-block=\"kb-adv-heading8230_971119-9a\"]{color:var(--global-palette1, #3182CE);}.wp-block-kadence-advancedheading.kt-adv-heading8230_971119-9a[data-kb-block=\"kb-adv-heading8230_971119-9a\"] a, a.kb-advanced-heading-link.kt-adv-heading-link8230_971119-9a{text-decoration:none;}.wp-block-kadence-advancedheading.kt-adv-heading8230_971119-9a[data-kb-block=\"kb-adv-heading8230_971119-9a\"] a:hover, a.kb-advanced-heading-link.kt-adv-heading-link8230_971119-9a:hover{text-decoration:underline;}<\/style>\n<p class=\"kt-adv-heading8230_971119-9a wp-block-kadence-advancedheading hls-hover_underline\" data-kb-block=\"kb-adv-heading8230_971119-9a\"><strong>Enviant un Email a: <a href=\"mailto:info@gadex.es\">info@gadex.es<\/a><\/strong><\/p>\n\n\n\n<p>Facilitant les vostres dades:&nbsp;Nom, Tel. Email; indicant el motiu de la consulta, dia i hora de la cita.<\/p>\n\n\n\n<p><strong>Nosaltres ens posarem en contacte per concretar la visita.<\/strong><\/p>\n<\/div><\/div>\n\n\n<style>.kadence-column8230_705be4-cf > .kt-inside-inner-col{padding-top:var(--global-kb-spacing-3xl, 6.5rem);}.kadence-column8230_705be4-cf > .kt-inside-inner-col,.kadence-column8230_705be4-cf > .kt-inside-inner-col:before{border-top-left-radius:0px;border-top-right-radius:0px;border-bottom-right-radius:0px;border-bottom-left-radius:0px;}.kadence-column8230_705be4-cf > .kt-inside-inner-col{column-gap:var(--global-kb-gap-sm, 1rem);}.kadence-column8230_705be4-cf > .kt-inside-inner-col{flex-direction:column;}.kadence-column8230_705be4-cf > .kt-inside-inner-col > .aligncenter{width:100%;}.kadence-column8230_705be4-cf > .kt-inside-inner-col:before{opacity:0.3;}.kadence-column8230_705be4-cf{position:relative;}@media all and (max-width: 1024px){.kadence-column8230_705be4-cf > .kt-inside-inner-col{flex-direction:column;justify-content:center;}}@media all and (max-width: 767px){.kadence-column8230_705be4-cf > .kt-inside-inner-col{flex-direction:column;justify-content:center;}}<\/style>\n<div class=\"wp-block-kadence-column kadence-column8230_705be4-cf\"><div class=\"kt-inside-inner-col\"><style>.wp-block-kadence-advancedheading.kt-adv-heading8230_81df4d-55, .wp-block-kadence-advancedheading.kt-adv-heading8230_81df4d-55[data-kb-block=\"kb-adv-heading8230_81df4d-55\"]{font-style:normal;}.wp-block-kadence-advancedheading.kt-adv-heading8230_81df4d-55 mark.kt-highlight, .wp-block-kadence-advancedheading.kt-adv-heading8230_81df4d-55[data-kb-block=\"kb-adv-heading8230_81df4d-55\"] mark.kt-highlight{font-style:normal;color:#f76a0c;-webkit-box-decoration-break:clone;box-decoration-break:clone;padding-top:0px;padding-right:0px;padding-bottom:0px;padding-left:0px;}.wp-block-kadence-advancedheading.kt-adv-heading8230_81df4d-55 img.kb-inline-image, .wp-block-kadence-advancedheading.kt-adv-heading8230_81df4d-55[data-kb-block=\"kb-adv-heading8230_81df4d-55\"] img.kb-inline-image{width:150px;vertical-align:baseline;}<\/style>\n<h6 class=\"kt-adv-heading8230_81df4d-55 wp-block-kadence-advancedheading\" data-kb-block=\"kb-adv-heading8230_81df4d-55\"><strong>M\u00c8TODES DE PAGAMENT<\/strong><\/h6>\n\n\n\n<p><strong>Sessions de ter\u00e0pia online<\/strong><\/p>\n\n\n\n<p>Podr\u00e0 abonar els imports mitjan\u00e7ant<\/p>\n\n\n\n<ul class=\"wp-block-list\">\n<li>Transfer\u00e8ncia banc\u00e0ria<\/li>\n\n\n\n<li>Bizum<\/li>\n<\/ul>\n\n\n\n<p>Contacti amb nosaltres per comen\u00e7ar la seva ter\u00e0pia online<br>Nosaltres us assessorarem!<\/p>\n<\/div><\/div>\n\n<\/div><\/div>","protected":false},"excerpt":{"rendered":"<p>Ter\u00e0pia en l\u00ednia \u00e9s b\u00e0sicament la versi\u00f3 a dist\u00e0ncia de la psicoter\u00e0pia de sempre, utilitzant els avantatges i els recursos d&#8217;Internet. La psicoterapia online \u00e9s una modalitat d&#8217;intervenci\u00f3 psicol\u00f2gica que s&#8217;adapta al potencial de les noves eines desenvolupades al m\u00f3n digital, i aprofita la seva capacitat per flexibilitzar el tipus de servei ofert. Gr\u00e0cies a &#8230; <a title=\"Ter\u00e0pia online\" class=\"read-more\" href=\"https:\/\/gadex.es\/ca\/terapia-online\/\" aria-label=\"M\u00e9s informaci\u00f3 sobre Ter\u00e0pia online\">Read More<\/a><\/p>\n","protected":false},"author":1,"featured_media":0,"parent":0,"menu_order":99,"comment_status":"closed","ping_status":"closed","template":"","meta":{"footnotes":""},"class_list":["post-8230","page","type-page","status-publish"],"_links":{"self":[{"href":"https:\/\/gadex.es\/ca\/wp-json\/wp\/v2\/pages\/8230","targetHints":{"allow":["GET"]}}],"collection":[{"href":"https:\/\/gadex.es\/ca\/wp-json\/wp\/v2\/pages"}],"about":[{"href":"https:\/\/gadex.es\/ca\/wp-json\/wp\/v2\/types\/page"}],"author":[{"embeddable":true,"href":"https:\/\/gadex.es\/ca\/wp-json\/wp\/v2\/users\/1"}],"replies":[{"embeddable":true,"href":"https:\/\/gadex.es\/ca\/wp-json\/wp\/v2\/comments?post=8230"}],"version-history":[{"count":4,"href":"https:\/\/gadex.es\/ca\/wp-json\/wp\/v2\/pages\/8230\/revisions"}],"predecessor-version":[{"id":9001,"href":"https:\/\/gadex.es\/ca\/wp-json\/wp\/v2\/pages\/8230\/revisions\/9001"}],"wp:attachment":[{"href":"https:\/\/gadex.es\/ca\/wp-json\/wp\/v2\/media?parent=8230"}],"curies":[{"name":"wp","href":"https:\/\/api.w.org\/{rel}","templated":true}]}}