{"id":8234,"date":"2025-04-04T03:10:23","date_gmt":"2025-04-04T01:10:23","guid":{"rendered":"https:\/\/gadex.es\/?page_id=8234"},"modified":"2025-05-01T17:40:29","modified_gmt":"2025-05-01T15:40:29","slug":"addiccio-al-sexe","status":"publish","type":"page","link":"https:\/\/gadex.es\/ca\/tractaments-psicologics\/psicologia-clinica\/addiccio-al-sexe\/","title":{"rendered":"Addicci\u00f3 al Sexe"},"content":{"rendered":"\n<p><strong>El sexe o la sexualitat \u00e9s un \u00e0mbit que ocupa la vida quotidiana de la persona i que sol estar vinculat a l\u2019amor i a la tendresa<\/strong>. En l\u2019addicci\u00f3, el sexe passa a convertir-se en una obsessi\u00f3 per la persona, de la que no pot desenganxar-se i que afecta greument a la seva vida.<\/p>\n\n\n\n<p>La difer\u00e8ncia amb la sexualitat normal, \u00e9s que&nbsp;<strong>en l\u2019addicci\u00f3 al sexe, l\u2019encontre sexual no sempre t\u00e9 la funci\u00f3 de generar plaer i, l\u2019objectiu \u00e9s m\u00e9s la reducci\u00f3 de malestar i d\u2019un alleugeriment momentani.&nbsp;<\/strong>Aix\u00ed,<strong>&nbsp;el sexe passa a ser un remei per a que l\u2019ansietat disminueixi.<\/strong><\/p>\n\n\n\n<p>En aquesta addicci\u00f3, es d\u00f3na el mateix que en totes les depend\u00e8ncies: falta de control i abs\u00e8ncia de l\u00edmits, arribant a ser dependent d\u2019una cosa que quasi sempre est\u00e0 fora de la persona. Aquesta conducta no nom\u00e9s produeix plaer, sin\u00f3 que pot complir altres funcions com la d\u2019evitar i escapar d\u2019estats d\u2019\u00e0nim desagradables i reduir la tensi\u00f3 i el malestar.<\/p>\n\n\n\n<h2 class=\"wp-block-heading\"><em>Caracter\u00edstiques<\/em><\/h2>\n\n\n\n<p>Algunes de les caracter\u00edstiques que defineixen l\u2019<strong>addicci\u00f3 al sexe&nbsp;<\/strong>s\u00f3n:<\/p>\n\n\n\n<ol class=\"wp-block-list\">\n<li>Existeix un exc\u00e9s de desitjos, fantasies i conductes sexuals no controlades, allunyades de la relaci\u00f3 de parella.<\/li>\n\n\n\n<li>L\u2019activitat sexual va obsessionant la vida de la persona, la conducta comen\u00e7a a ser menys satisfact\u00f2ria i, s\u2019acaba convertint en una cosa repetitiva, precipitada i amb pensaments i fantasies obsessives.<\/li>\n\n\n\n<li>La conducta es transforma en ansiosa, apareix la tensi\u00f3, la preocupaci\u00f3, la irritabilitat i els primers esfor\u00e7os per reduir o controlar l\u2019activitat, que acaben per fracassar.<\/li>\n\n\n\n<li>La conducta sexual s\u2019acaba convertint en una mera urg\u00e8ncia biol\u00f2gica irreprimible, amb un \u00fanic objectiu de penetraci\u00f3\/ejaculaci\u00f3. Aix\u00ed, la percepci\u00f3 de plaer disminueix<\/li>\n\n\n\n<li>Els encontres sexuals solen ser m\u00faltiples, r\u00e0pids i casuals, sense espai per a la comunicaci\u00f3 i la tendresa.<\/li>\n\n\n\n<li>Habitualment es freq\u00fcenten prost\u00edbuls, s\u2019utilitzen l\u00ednies er\u00f2tiques, etc. (sexualitat comprada).<\/li>\n\n\n\n<li>Apareixen les mentides i l\u2019allunyament dels seus \u00e9ssers estimats.<\/li>\n\n\n\n<li>La seva conducta els sol provocar culpa i remordiments i la seva vida sexual la solen mantenir en secret i amb culpa.<\/li>\n\n\n\n<li>Son incapa\u00e7os de controlar els seu comportament, tot i que els perjudiqui.<\/li>\n\n\n\n<li>La seva depend\u00e8ncia pot portar a que abandonin les obligacions familiars, socials i laborals.<\/li>\n<\/ol>\n\n\n\n<p><em><strong>Conductes<\/strong><\/em><\/p>\n\n\n\n<p>En les persones que pateixen d\u2019aquesta addicci\u00f3, es poden observar diverses conductes:<\/p>\n\n\n\n<ul class=\"wp-block-list\">\n<li>\n<ul class=\"wp-block-list\">\n<li>Masturbaci\u00f3 compulsiva (autoerotisme compulsiu)<\/li>\n\n\n\n<li>Recerca ansiosa de relacions successives amb m\u00faltiples amants<\/li>\n\n\n\n<li>Freq\u00fcentaci\u00f3 habitual de prost\u00edbuls<\/li>\n\n\n\n<li>Consum abusiu de tel\u00e8fons er\u00f2tics<\/li>\n\n\n\n<li>Trucades telef\u00f2niques obscenes o recurs irrefrenables a les p\u00e0gines d\u2019Internet dedicades al sexe de tota \u00edndole<\/li>\n\n\n\n<li>Conducta hipersexual i obsessiva amb una relaci\u00f3<\/li>\n<\/ul>\n<\/li>\n<\/ul>\n\n\n\n<p>Aquest comportament&nbsp;<strong>interfereix greument en la vida quotidiana<\/strong>&nbsp;de la persona, produint conseq\u00fc\u00e8ncies negatives a:<\/p>\n\n\n\n<p><strong>Nivell f\u00edsic<\/strong>: malalties de transmissi\u00f3 sexual, s\u00edndrome d\u2019abstin\u00e8ncia (mals de cap, tremolors, insomni, nerviosisme\u2026), etc.<\/p>\n\n\n\n<p><strong>Nivell psicol\u00f2gic<\/strong>: experimenten sentiments de culpa i vergonya, solitud, patiment, l\u2019autoestima disminueix, etc.<\/p>\n\n\n\n<p><strong>Nivell familiar i conjugal<\/strong>: p\u00e8rdua de la fam\u00edlia, incapacitat per mantenir una relaci\u00f3 afectiva duradora, solen haver ruptures matrimonials, etc.<\/p>\n\n\n\n<p><strong>Nivell social<\/strong>: poden perdre el treball, el seu estatus socioecon\u00f2mic pot disminuir, etc.<\/p>\n\n\n\n<h2 class=\"wp-block-heading\"><em>Causes de l\u2019addicci\u00f3 al sexe<\/em><\/h2>\n\n\n\n<p>Tot i que l\u2019origen d\u2019aquesta addicci\u00f3 no es coneix, existeixen diferents hip\u00f2tesis. Algunes de les causes que semblen exercir un paper important s\u00f3n:<\/p>\n\n\n\n<p>La pres\u00e8ncia de&nbsp;<strong>certs trets de personalitat<\/strong>: impulsivitat, baixa autoestima, etc.<\/p>\n\n\n\n<p><strong>Antecedents en la inf\u00e0ncia<\/strong>: abusos o traumes sexuals<\/p>\n\n\n\n<p><strong>Variables de la situaci\u00f3 actual<\/strong>: sentiments de buit o solitud, relaci\u00f3 de parella insatisfact\u00f2ria\u2026<\/p>\n\n\n\n<p><strong>Desajustament ps\u00edquic<\/strong><\/p>\n\n\n\n<p><strong>Ambient familiar, educatiu o social problem\u00e0tic<\/strong><\/p>\n\n\n\n<h2 class=\"wp-block-heading\"><em>Conseq\u00fcencies i s\u00edmtomes associats<\/em><\/h2>\n\n\n\n<ul class=\"wp-block-list\">\n<li>\n<ul class=\"wp-block-list\">\n<li>\n<ul class=\"wp-block-list\">\n<li>Toler\u00e0ncia: cada cop es viu m\u00e9s obsessionat pel sexe, per tenir una nova conquista\u2026<\/li>\n\n\n\n<li>S\u00edndrome d\u2019abstin\u00e8ncia: nerviosisme, irritabilitat, mals de cap, temblors, insomni, inquietud, n\u00e0usees\u2026<\/li>\n\n\n\n<li>Experimenten sentiments de culpa, vergonya, auto-retrets, impressions de buidor, inseguretat, tenen idees autol\u00edtiques\u2026<\/li>\n\n\n\n<li>Personalitat t\u00edmida, acomplexats i molt solitaris<\/li>\n\n\n\n<li>Problemes de parella<\/li>\n\n\n\n<li>Consum abusiu d\u2019alcohol o de drogues<\/li>\n\n\n\n<li>Trastorns d\u2019ansietat Tratorns depressius<\/li>\n<\/ul>\n<\/li>\n<\/ul>\n<\/li>\n<\/ul>\n\n\n\n<p><em>La depressi\u00f3, incl\u00fas amb idees de su\u00efcidi, est\u00e0 molt associada a aquest tipus de conductes.<\/em><\/p>\n\n\n\n<p><strong><em>Epidemiologia<\/em><\/strong><\/p>\n\n\n\n<ul class=\"wp-block-list\">\n<li>\n<ul class=\"wp-block-list\">\n<li>\u00c9s m\u00e9s freq\u00fcent en homes<\/li>\n\n\n\n<li>En el cas de les dones afectades, aquestes pateixen una doble sensaci\u00f3 de vergonya, i la seva autoestima es veu exageradament afectada<\/li>\n\n\n\n<li>L\u2019inici sol estar en entorn els 20 anys d\u2019edat<\/li>\n<\/ul>\n<\/li>\n<\/ul>\n\n\n\n<p>En els casos d\u2019addicci\u00f3 al sexe (NCSA, 2003):<\/p>\n\n\n\n<ul class=\"wp-block-list\">\n<li>\n<ul class=\"wp-block-list\">\n<li>El 40% perden a la seva parella<\/li>\n\n\n\n<li>El 73% ha tingut idees obsessives i recurrents de su\u00efcidi<\/li>\n\n\n\n<li>El 68% est\u00e0 en risc de contraure el sida o altres malalties<\/li>\n<\/ul>\n<\/li>\n<\/ul>\n\n\n\n<h2 class=\"wp-block-heading\">Intervenci\u00f3<\/h2>\n\n\n\n<p>TRACTAMENT ADEQUAT A CADA PERSONA<\/p>\n\n\n\n<p>Buscar ajuda especialitzada \u00e9s el primer pas per poder realitzar el canvi<\/p>\n\n\n\n<p>Ajudar a la persona a&nbsp;<strong>adonar-se<\/strong><strong>&nbsp;del que li passa<\/strong>, de les condicions concretes, de les conductes i de les emocions derivades de la seva personalitat i de les pr\u00f2pies del seu jo sexual.<\/p>\n\n\n\n<p>Ajudar al pacient a fer-se conscient del seu conflicte,&nbsp;<strong>a con\u00e8ixer que \u00e9s all\u00f2 que amaga i\/o compensa<\/strong>, a expressar-ho, disputar-ho, aceptar-ho i integrar-ho, i a crear noves metes i interessos, en definitiva a descubrir-se a ell mateix, les seves potencialitats internes i prendre ell mateix les regnes de la seva vida.&nbsp;<strong>No es tractra de viure sense sexe sin\u00f3 de reconduir-lo i organitzar-lo de forma adequada a la sexualitat.<\/strong><\/p>\n\n\n\n<p>Tractaments psicofarmacol\u00f2gics:<br><strong>Inhibidors de la serotonina, ansiol\u00edtics, o bloquejadors de la testosterona i antidepressius.<\/strong><\/p>\n\n\n\n<p><strong>Educaci\u00f3 integradora i prevenci\u00f3<\/strong><br><strong>Psicoter\u00e0pia&nbsp; ( anal\u00edtica, cognitivo-conductual\u2026)<\/strong><\/p>\n","protected":false},"excerpt":{"rendered":"<p>El sexe o la sexualitat \u00e9s un \u00e0mbit que ocupa la vida quotidiana de la persona i que sol estar vinculat a l\u2019amor i a la tendresa. En l\u2019addicci\u00f3, el sexe passa a convertir-se en una obsessi\u00f3 per la persona, de la que no pot desenganxar-se i que afecta greument a la seva vida. La &#8230; <a title=\"Addicci\u00f3 al Sexe\" class=\"read-more\" href=\"https:\/\/gadex.es\/ca\/tractaments-psicologics\/psicologia-clinica\/addiccio-al-sexe\/\" aria-label=\"M\u00e9s informaci\u00f3 sobre Addicci\u00f3 al Sexe\">Read More<\/a><\/p>\n","protected":false},"author":1,"featured_media":0,"parent":8195,"menu_order":4,"comment_status":"closed","ping_status":"closed","template":"","meta":{"footnotes":""},"class_list":["post-8234","page","type-page","status-publish"],"_links":{"self":[{"href":"https:\/\/gadex.es\/ca\/wp-json\/wp\/v2\/pages\/8234","targetHints":{"allow":["GET"]}}],"collection":[{"href":"https:\/\/gadex.es\/ca\/wp-json\/wp\/v2\/pages"}],"about":[{"href":"https:\/\/gadex.es\/ca\/wp-json\/wp\/v2\/types\/page"}],"author":[{"embeddable":true,"href":"https:\/\/gadex.es\/ca\/wp-json\/wp\/v2\/users\/1"}],"replies":[{"embeddable":true,"href":"https:\/\/gadex.es\/ca\/wp-json\/wp\/v2\/comments?post=8234"}],"version-history":[{"count":1,"href":"https:\/\/gadex.es\/ca\/wp-json\/wp\/v2\/pages\/8234\/revisions"}],"predecessor-version":[{"id":8239,"href":"https:\/\/gadex.es\/ca\/wp-json\/wp\/v2\/pages\/8234\/revisions\/8239"}],"up":[{"embeddable":true,"href":"https:\/\/gadex.es\/ca\/wp-json\/wp\/v2\/pages\/8195"}],"wp:attachment":[{"href":"https:\/\/gadex.es\/ca\/wp-json\/wp\/v2\/media?parent=8234"}],"curies":[{"name":"wp","href":"https:\/\/api.w.org\/{rel}","templated":true}]}}