{"id":8246,"date":"2025-04-04T04:06:09","date_gmt":"2025-04-04T02:06:09","guid":{"rendered":"https:\/\/gadex.es\/?page_id=8246"},"modified":"2025-12-16T16:07:46","modified_gmt":"2025-12-16T15:07:46","slug":"ansietat","status":"publish","type":"page","link":"https:\/\/gadex.es\/ca\/tractaments-psicologics\/psicologia-clinica\/ansietat\/","title":{"rendered":"Ansietat"},"content":{"rendered":"\n<h2 class=\"wp-block-heading\">Tractament de l\u2019ansietat. Crisi d\u2019ansietat<\/h2>\n\n\n\n<p><strong>L\u2019ansietat \u00e9s una emoci\u00f3 que sorgeix de forma autom\u00e0tica en situacions d\u2019amena\u00e7a o perill, per preparar-nos per&nbsp; a lluitar o fugir.<\/strong><\/p>\n\n\n\n<p><strong>Podem definir aquestes respostes, com reaccions defensives i instant\u00e0nies davant el perill<\/strong>. Aquestes respostes, davant de situacions que comprometen la seguretat del subjecte, s\u00f3n adaptatives per l\u2019esp\u00e8cie humana. Significa aix\u00f2 que exerceixen una funci\u00f3 protectora dels \u00e9ssers humans.<\/p>\n\n\n\n<p>L\u2019\u00e9sser hum\u00e0 durant milers d\u2019anys s\u2019ha hagut d\u2019enfrontar a infinitat de perills, quan aquests es presentaven, les respostes m\u00e9s eficaces per a preservar la integritat del subjecte eren dues:&nbsp;<strong>LA FUGIDA O<\/strong><strong>&nbsp;LA LLUITA.<\/strong><\/p>\n\n\n\n<p>Els mecanismes psicofisiol\u00f2gics humans que preparen per a la fugida o la lluita (respostes d\u2019ansietat) han complert un efica\u00e7 paper al llarg dels temps.<\/p>\n\n\n\n<p>El problema, \u00e9s que l\u2019\u00e9sser hum\u00e0 ja no ha d\u2019enfrontar-se amb animals que corren darrere d\u2019ell. Tanmateix, molts altres agents estressants l\u2019envolten i l\u2019acompanyen al llarg de la seva exist\u00e8ncia, fent que el fantasma del perill aparegui darrera de qualsevol situaci\u00f3 inofensiva.<\/p>\n\n\n\n<p>En les societats avan\u00e7ades modernes, aquesta caracter\u00edstica innata de l\u2019home s\u2019ha desenvolupat de forma patol\u00f2gica conformant, en alguns casos, quadres simptom\u00e0tics que constitueixen els trastorns d\u2019ansietat, que tenen conseq\u00fc\u00e8ncies negatives i molt desagradables per a les persones que els pateixen.<\/p>\n\n\n\n<h2 class=\"wp-block-heading\">Trastorns d\u2019ansietat:<\/h2>\n\n\n\n<p>Es troben&nbsp;<strong>les f\u00f2bies, el trastorn obsessiu-compulsiu, el trastorn de p\u00e0nic, l\u2019agoraf\u00f2bia, el trastorn per estr\u00e8s post-traum\u00e0tic, el trastorn d\u2019ansietat generalitzada, etc.<\/strong><\/p>\n\n\n\n<p><strong>En el cas del trastorn d\u2019ansietat generalitzada, per exemple, l\u2019ansietat patol\u00f2gica es viu com una sensaci\u00f3 difusa d\u2019angoixa, por i desig de fugir, sense que, qui la pateix pugui identificar clarament el perill o la causa d\u2019aquest sentiment.<\/strong><\/p>\n\n\n\n<p>Aquesta ansietat patol\u00f2gica \u00e9s el resultat dels problemes de diversos tipus a qu\u00e8 s\u2019enfronta la persona en la seva vida quotidiana, i sobretot de la forma en que interioritza i pensa sobre els seus problemes. L\u2019ansietat \u00e9s la m\u00e9s comuna i universal de les emocions. Reacci\u00f3 de tensi\u00f3 sense causa aparent, m\u00e9s difusa i menys focalitzada que les pors i les f\u00f2bies.<\/p>\n\n\n\n<p>Cal matisar,&nbsp;<strong>que l\u2019ansietat en si no \u00e9s quelcom patol\u00f2gic<\/strong>,&nbsp;<strong>el que genera problemes \u00e9s la resposta incorrecta d\u2019aquesta emoci\u00f3 de manera cr\u00f2nica, davant de determinades situacions o est\u00edmuls que resulta desadaptativa per a l\u2019individu.<\/strong><\/p>\n\n\n\n<p><strong>La reacci\u00f3 emocional davant un perill o amena\u00e7a es manifesta mitjan\u00e7ant un conjunt de respostes:<\/strong><\/p>\n\n\n\n<h2 class=\"wp-block-heading\">COGNITIVES, FISIOL\u00d2GIQUES I CONDUCTUALS<\/h2>\n\n\n\n<p>S\u00cdMPTOMES COGNITIUS:<\/p>\n\n\n\n<ul class=\"wp-block-list\">\n<li><strong>Preocupaci\u00f3.<\/strong><\/li>\n\n\n\n<li><strong>Inseguretat.<\/strong><\/li>\n\n\n\n<li><strong>Por o temor.<\/strong><\/li>\n\n\n\n<li><strong>Aprensi\u00f3.<\/strong><\/li>\n\n\n\n<li><strong>Pensaments negatius d\u2019inferioritat, incapacitat\u2026<\/strong><\/li>\n\n\n\n<li><strong>Anticipaci\u00f3 del perill o amena\u00e7a.<\/strong><\/li>\n\n\n\n<li><strong>Dificultat de concentraci\u00f3.<\/strong><\/li>\n\n\n\n<li><strong>Dificultat per prendre decisions.<\/strong><\/li>\n\n\n\n<li><strong>Sensaci\u00f3 de desorganitzaci\u00f3 o p\u00e8rdua de control vers l\u2019entorn.<\/strong><\/li>\n<\/ul>\n\n\n\n<p>S\u00cdMPTOMES MOTORS:<\/p>\n\n\n\n<ul class=\"wp-block-list\">\n<li><strong>Hiperactivitat.<\/strong><\/li>\n\n\n\n<li><strong>Paralitzaci\u00f3 motora.<\/strong><\/li>\n\n\n\n<li><strong>Moviments maldestres i desorganitzats.<\/strong><\/li>\n\n\n\n<li><strong>Tartamudeig i altres dificultats d\u2019expressi\u00f3 verbal.<\/strong><\/li>\n\n\n\n<li><strong>Conductes d\u2019evitaci\u00f3.<\/strong><\/li>\n<\/ul>\n\n\n\n<p>S\u00cdMPTOMES FISIOL\u00d2GICS:<\/p>\n\n\n\n<ul class=\"wp-block-list\">\n<li><strong>Cardiovasculars<\/strong>: Palpitacions, pols r\u00e0pid, tensi\u00f3 arterial alta, accessos de calor.<\/li>\n\n\n\n<li><strong>Respiratoris<\/strong>: Sensaci\u00f3 de sufocacions, ofec, respiraci\u00f3 r\u00e0pida i superficial, opressi\u00f3 tor\u00e0cica.<\/li>\n\n\n\n<li><strong>Gastrointestinals<\/strong>: N\u00e0usees, v\u00f2mits, diarrea, aeorofagia, mol\u00e8sties digestives.<\/li>\n\n\n\n<li><strong>Genitourinaris<\/strong>: Miccions freq\u00fcents, enuresi, ejaculaci\u00f3 preco\u00e7, frigidesa, impot\u00e8ncia.<\/li>\n\n\n\n<li><strong>Neuromusculars<\/strong>: Tensi\u00f3 muscular, tremolor, formigueig, mal de cap tensional, fatiga excessiva.<\/li>\n\n\n\n<li><strong>Neurovegetatius<\/strong>: Sequedat de boca, sudoraci\u00f3 excessiva, marejos.<\/li>\n<\/ul>\n\n\n\n<h2 class=\"wp-block-heading\">CLASSIFICACI\u00d3 DELS TRASTORNS D\u2019ANSIETAT (DSM IV):<\/h2>\n\n\n\n<ul class=\"wp-block-list\">\n<li>Angoixa sense agoraf\u00f2bia<\/li>\n\n\n\n<li>Angoixa amb agoraf\u00f2bia<\/li>\n\n\n\n<li>Agoraf\u00f2bia<\/li>\n\n\n\n<li>F\u00f2bia espec\u00edfica<\/li>\n\n\n\n<li>F\u00f2bia social<\/li>\n\n\n\n<li>Estr\u00e8s posttraum\u00e0tic<\/li>\n\n\n\n<li>Trastorns:<\/li>\n\n\n\n<li>obsessiu compulsiu<\/li>\n\n\n\n<li>A causa de malaltia m\u00e8dica<\/li>\n\n\n\n<li>Estr\u00e8s agut<\/li>\n\n\n\n<li>Ansietat generalitzat<\/li>\n\n\n\n<li>Indu\u00eft per subst\u00e0ncies<\/li>\n\n\n\n<li>Trastorn no espec\u00edfic<\/li>\n<\/ul>\n\n\n\n<h2 class=\"wp-block-heading\">CONTROL DE L\u2019ANSIETAT<\/h2>\n\n\n\n<p>Si som capa\u00e7os de controlar la situaci\u00f3 en qu\u00e8 tenim ansietat, ja est\u00e0 solucionat el problema, si no som capa\u00e7os, el s\u00edmptoma reapareixer\u00e0. Si es generalitza el problema pot apar\u00e8ixer una sensaci\u00f3 de p\u00e8rdua de control.<\/p>\n\n\n\n<h2 class=\"wp-block-heading\">ASSERTIVITAT<\/h2>\n\n\n\n<p>L\u2019assertivitat&nbsp; \u00e9s l\u2019habilitat d\u2019expressar els nostres desitjos d\u2019una manera amable, franca, oberta, directa i adequada, aconseguint dir el que volem sense atemptar contra els altres. Negociant amb ells el seu compliment.<\/p>\n\n\n\n<p>A m\u00e9s cal tenir en compte el lloc, l\u2019oportunitat, la intensitat, les caracter\u00edstiques de l\u2019interlocutor i el llenguatge no verbal per a que la comunicaci\u00f3 assertiva sigui apropiada.<\/p>\n\n\n\n<p>Es tracta de saber demanar, saber negar, negociar i ser flexible per poder aconseguir el que es vol i sobretot expressar els sentiments. Tamb\u00e9 en fer i rebre compliments, i fer i acceptar queixes.<\/p>\n\n\n\n<h2 class=\"wp-block-heading\">T\u00c8CNIQUES TERAP\u00c8UTIQUES<\/h2>\n\n\n\n<ul class=\"wp-block-list\">\n<li><strong>Ter\u00e0pies cognitiu-conductuals, ter\u00e0pies anal\u00edtiques, etc. acompanyades de medicaci\u00f3 si fos necessari.<\/strong><\/li>\n\n\n\n<li><strong>Acceptaci\u00f3 de sensacions.<\/strong><\/li>\n\n\n\n<li><strong>Desensibilitzaci\u00f3 sistem\u00e0tica.<\/strong><\/li>\n\n\n\n<li><strong>Exposici\u00f3.<\/strong><\/li>\n\n\n\n<li><strong>Entrenament en assertivitat<\/strong><\/li>\n<\/ul>\n","protected":false},"excerpt":{"rendered":"<p>Tractament de l\u2019ansietat. Crisi d\u2019ansietat L\u2019ansietat \u00e9s una emoci\u00f3 que sorgeix de forma autom\u00e0tica en situacions d\u2019amena\u00e7a o perill, per preparar-nos per&nbsp; a lluitar o fugir. Podem definir aquestes respostes, com reaccions defensives i instant\u00e0nies davant el perill. Aquestes respostes, davant de situacions que comprometen la seguretat del subjecte, s\u00f3n adaptatives per l\u2019esp\u00e8cie humana. Significa &#8230; <a title=\"Ansietat\" class=\"read-more\" href=\"https:\/\/gadex.es\/ca\/tractaments-psicologics\/psicologia-clinica\/ansietat\/\" aria-label=\"M\u00e9s informaci\u00f3 sobre Ansietat\">Read More<\/a><\/p>\n","protected":false},"author":1,"featured_media":0,"parent":8195,"menu_order":7,"comment_status":"closed","ping_status":"closed","template":"","meta":{"footnotes":""},"class_list":["post-8246","page","type-page","status-publish"],"_links":{"self":[{"href":"https:\/\/gadex.es\/ca\/wp-json\/wp\/v2\/pages\/8246","targetHints":{"allow":["GET"]}}],"collection":[{"href":"https:\/\/gadex.es\/ca\/wp-json\/wp\/v2\/pages"}],"about":[{"href":"https:\/\/gadex.es\/ca\/wp-json\/wp\/v2\/types\/page"}],"author":[{"embeddable":true,"href":"https:\/\/gadex.es\/ca\/wp-json\/wp\/v2\/users\/1"}],"replies":[{"embeddable":true,"href":"https:\/\/gadex.es\/ca\/wp-json\/wp\/v2\/comments?post=8246"}],"version-history":[{"count":1,"href":"https:\/\/gadex.es\/ca\/wp-json\/wp\/v2\/pages\/8246\/revisions"}],"predecessor-version":[{"id":8249,"href":"https:\/\/gadex.es\/ca\/wp-json\/wp\/v2\/pages\/8246\/revisions\/8249"}],"up":[{"embeddable":true,"href":"https:\/\/gadex.es\/ca\/wp-json\/wp\/v2\/pages\/8195"}],"wp:attachment":[{"href":"https:\/\/gadex.es\/ca\/wp-json\/wp\/v2\/media?parent=8246"}],"curies":[{"name":"wp","href":"https:\/\/api.w.org\/{rel}","templated":true}]}}