{"id":8252,"date":"2025-04-04T04:22:53","date_gmt":"2025-04-04T02:22:53","guid":{"rendered":"https:\/\/gadex.es\/?page_id=8252"},"modified":"2025-12-16T16:12:04","modified_gmt":"2025-12-16T15:12:04","slug":"depressio","status":"publish","type":"page","link":"https:\/\/gadex.es\/ca\/tractaments-psicologics\/psicologia-clinica\/depressio\/","title":{"rendered":"Depressi\u00f3"},"content":{"rendered":"\n<h2 class=\"wp-block-heading\">Dist\u00edmia<\/h2>\n\n\n\n<p><strong>Depressi\u00f3 (del llat\u00ed depressus, que significa \u201cabatut\u201d, \u201cenderrocat\u201d) \u00e9s un trastorns emocional que en termes col\u00b7loquials es presenta com un estat<br>d\u2019abatiment i infelicitat que pot ser transitori o permanent.<\/strong><\/p>\n\n\n\n<p>El terme m\u00e8dic fa refer\u00e8ncia a una s\u00edndrome o conjunt de s\u00edmptomes que afecten principalment a l\u2019esfera afectiva: la tristesa patol\u00f2gica, el deca\u00efment, la irritabilitat o un trastorn de l\u2019humor que pot&nbsp; disminuir el rendiment en el treball o limitar l\u2019activitat vital habitual, independentment que la seva causa sigui coneguda o desconeguda.<\/p>\n\n\n\n<p>Encara que aquest \u00e9s el nucli principal de s\u00edmptomes,&nbsp;<strong>la depressi\u00f3 tamb\u00e9 pot expressar-se a trav\u00e9s d\u2019afeccions de tipus cognitiu, volitiu o fins i tot som\u00e0tic.<\/strong><\/p>\n\n\n\n<p>En la major part dels casos, el diagn\u00f2stic \u00e9s cl\u00ednic, encara que ha de diferenciar-se de quadres d\u2019expressi\u00f3 semblant, com els trastorns d\u2019ansietat. La persona afectada de depressi\u00f3 pot no vivenciar tristesa, sin\u00f3 p\u00e8rdua d\u2019inter\u00e8s i incapacitat per gaudir les activitats l\u00fadiques habituals, aix\u00ed com una viv\u00e8ncia poc motivadora i m\u00e9s lenta del transcurs del temps.<\/p>\n\n\n\n<p><strong>El seu origen \u00e9s multifactorial, encara que cal destacar com a factors desencadenants l\u2019estr\u00e8s i sentiments (derivats d\u2019una decepci\u00f3 sentimental, la contemplaci\u00f3 o viv\u00e8ncia d\u2019un accident,&nbsp; trag\u00e8dies, el trastorn per males not\u00edcies, pena, i l\u2019haver travessat una experi\u00e8ncia propera a la mort)<\/strong>.<\/p>\n\n\n\n<p>Tamb\u00e9 hi ha altres or\u00edgens, com una inadequada elaboraci\u00f3 del dol (per la mort d\u2019un \u00e9sser estimat) o fins i tot el consum de determinades subst\u00e0ncies (ab\u00fas d\u2019alcohol o d\u2019altres subst\u00e0ncies t\u00f2xiques) i de factors com la predisposici\u00f3 gen\u00e8tica o un condicionament educatiu patern.<\/p>\n\n\n\n<p><strong>La depressi\u00f3 pot tenir importants conseq\u00fc\u00e8ncies socials i personals, des de la incapacitat laboral fins el su\u00efcidi.<\/strong><\/p>\n\n\n\n<h2 class=\"wp-block-heading\">S\u00edmptomes de la depressi\u00f3<\/h2>\n\n\n\n<p>No totes les persones que estan en fases depressives o man\u00edaques pateixen de tots els s\u00edmptomes. Algunes pateixen d\u2019uns pocs s\u00edmptomes, altres en tenen molts. La gravetat dels s\u00edmptomes varia segons la persona i tamb\u00e9 pot variar amb el temps.<\/p>\n\n\n\n<ul class=\"wp-block-list\">\n<li>Estat d\u2019\u00e0nim trist, ansi\u00f3s o \u201cbuit\u201d en forma persistent.<\/li>\n\n\n\n<li>Sentiments de desesperan\u00e7a i pessimisme.<\/li>\n\n\n\n<li>Sentiments de culpa, inutilitat i desemparament.<\/li>\n\n\n\n<li>P\u00e8rdua d\u2019inter\u00e8s o plaer en passatemps i activitats que abans es gaudien, incloent l\u2019activitat sexual.<\/li>\n\n\n\n<li>Disminuci\u00f3 d\u2019energia, fatiga, esgotament, sensaci\u00f3 d\u2019estar \u201ca c\u00e0mera lenta\u201d.<\/li>\n\n\n\n<li>Dificultat per concentrar-se, recordar i prendre decisions.<\/li>\n\n\n\n<li>Insomni, despertar-se m\u00e9s aviat o dormir m\u00e9s del compte.<\/li>\n\n\n\n<li>P\u00e8rdua de pes, gana o ambd\u00f3s, o pel contrari menjar m\u00e9s del compte i augment de pes.\u00a0<strong>\u00a0<\/strong><\/li>\n\n\n\n<li>Pensaments de mort o su\u00efcidi, intents de su\u00efcidi.\u00a0Inquietud, irritabilitat.<\/li>\n\n\n\n<li>S\u00edmptomes f\u00edsics persistents que no responen al tractament m\u00e8dic, com mals de cap, trastorns digestius i altres mals cr\u00f2nics.<\/li>\n<\/ul>\n\n\n\n<h2 class=\"wp-block-heading\">Avaluaci\u00f3 diagn\u00f2stica i tractament<\/h2>\n\n\n\n<p>La selecci\u00f3 del tractament dependr\u00e0 del resultat de l\u2019avaluaci\u00f3. Existeix una gran varietat de medicaments antidepressius i psicoter\u00e0pies que es poden utilitzar per tractar els trastorns depressius.<\/p>\n\n\n\n<p>La psicoter\u00e0pia sola \u00e9s efectiva en algunes persones amb formes m\u00e9s lleus de depressi\u00f3.<\/p>\n\n\n\n<p>La majoria obtenen un resultat \u00f2ptim amb un tractament combinat de medicaments per obtenir un alleujament relativament r\u00e0pid dels s\u00edmptomes i psicoter\u00e0pia per aprendre a enfrontar millor els problemes de la vida, incloent la depressi\u00f3.<\/p>\n","protected":false},"excerpt":{"rendered":"<p>Dist\u00edmia Depressi\u00f3 (del llat\u00ed depressus, que significa \u201cabatut\u201d, \u201cenderrocat\u201d) \u00e9s un trastorns emocional que en termes col\u00b7loquials es presenta com un estatd\u2019abatiment i infelicitat que pot ser transitori o permanent. El terme m\u00e8dic fa refer\u00e8ncia a una s\u00edndrome o conjunt de s\u00edmptomes que afecten principalment a l\u2019esfera afectiva: la tristesa patol\u00f2gica, el deca\u00efment, la irritabilitat &#8230; <a title=\"Depressi\u00f3\" class=\"read-more\" href=\"https:\/\/gadex.es\/ca\/tractaments-psicologics\/psicologia-clinica\/depressio\/\" aria-label=\"M\u00e9s informaci\u00f3 sobre Depressi\u00f3\">Read More<\/a><\/p>\n","protected":false},"author":1,"featured_media":0,"parent":8195,"menu_order":10,"comment_status":"closed","ping_status":"closed","template":"","meta":{"footnotes":""},"class_list":["post-8252","page","type-page","status-publish"],"_links":{"self":[{"href":"https:\/\/gadex.es\/ca\/wp-json\/wp\/v2\/pages\/8252","targetHints":{"allow":["GET"]}}],"collection":[{"href":"https:\/\/gadex.es\/ca\/wp-json\/wp\/v2\/pages"}],"about":[{"href":"https:\/\/gadex.es\/ca\/wp-json\/wp\/v2\/types\/page"}],"author":[{"embeddable":true,"href":"https:\/\/gadex.es\/ca\/wp-json\/wp\/v2\/users\/1"}],"replies":[{"embeddable":true,"href":"https:\/\/gadex.es\/ca\/wp-json\/wp\/v2\/comments?post=8252"}],"version-history":[{"count":1,"href":"https:\/\/gadex.es\/ca\/wp-json\/wp\/v2\/pages\/8252\/revisions"}],"predecessor-version":[{"id":8253,"href":"https:\/\/gadex.es\/ca\/wp-json\/wp\/v2\/pages\/8252\/revisions\/8253"}],"up":[{"embeddable":true,"href":"https:\/\/gadex.es\/ca\/wp-json\/wp\/v2\/pages\/8195"}],"wp:attachment":[{"href":"https:\/\/gadex.es\/ca\/wp-json\/wp\/v2\/media?parent=8252"}],"curies":[{"name":"wp","href":"https:\/\/api.w.org\/{rel}","templated":true}]}}