{"id":8255,"date":"2025-04-04T04:43:01","date_gmt":"2025-04-04T02:43:01","guid":{"rendered":"https:\/\/gadex.es\/?page_id=8255"},"modified":"2025-05-01T17:46:28","modified_gmt":"2025-05-01T15:46:28","slug":"ludopatia-joc-patologic","status":"publish","type":"page","link":"https:\/\/gadex.es\/ca\/tractaments-psicologics\/psicologia-clinica\/ludopatia-joc-patologic\/","title":{"rendered":"Ludopatia. Addicci\u00f3 al Joc (Joc Patol\u00f2gic)"},"content":{"rendered":"\n<ol class=\"wp-block-list\">\n<li>Qu\u00e8 \u00e9s la ludopatia \/ joc patol\u00f2gic?<\/li>\n\n\n\n<li>Com afecta a altres \u00e0rees?<\/li>\n\n\n\n<li>Epidemiologia<\/li>\n\n\n\n<li>S\u00edmptomes i trastorns associats<\/li>\n\n\n\n<li>Tipus de jugadors<\/li>\n\n\n\n<li>Els motius del jugador<\/li>\n\n\n\n<li>Avaluaci\u00f3<\/li>\n\n\n\n<li>Intervenci\u00f3<\/li>\n<\/ol>\n\n\n\n<h2 class=\"wp-block-heading\">&nbsp;1. QU\u00c8 \u00c9S EL JOC PATOL\u00d2GIC?<\/h2>\n\n\n\n<p><strong>Ludopatia joc patol\u00f2gic. En el moment que el joc d\u2019atzar (jugar a canvi d\u2019alguna cosa) deixa de ser un passatemps per convertir-se en una necessitat, \u00e9s quan comen\u00e7a el llarg i dolor\u00f3s proc\u00e9s d\u2019aquesta malaltia. El joc es converteix en el centre de la vida de la persona.<\/strong><\/p>\n\n\n\n<p>D\u2019un mode general, el joc patol\u00f2gic o ludopatia es caracteritza per la p\u00e8rdua de control, la depend\u00e8ncia emocional respecte al joc i, per l\u2019alteraci\u00f3 greu que es produeix en la vida quotidiana i en les relacions familiars i socials de la persona. M\u00e9s espec\u00edficament, altres dels trets comuns son:<\/p>\n\n\n\n<p>-La ludopatia pot entendre\u2019s com un\u00a0<strong>addicci\u00f3<\/strong>, ja que pot convertir-se,\u00a0<strong>com passa amb l\u2019alcohol o la coca\u00efna, en una conducta adictiva, de manera que els jugadors es descontrolen, sent incapa\u00e7os de deixar de jugar<\/strong>, tenint la necessitat d\u2019augmentar la freq\u00fc\u00e8ncia o el nombre d\u2019hores jugant, patint intranquil\u00b7litat en el cas de no estar jugant, fent esfor\u00e7os per deixar de jugar, etc.<\/p>\n\n\n\n<p>-Per altre part, una de les caracter\u00edstiques m\u00e9s freq\u00fcents \u00e9s que els jugadors patol\u00f2gics tenen tend\u00e8ncia a anar augmentant les seves apostes de diners (m\u00e9s de lo que havien planejat); un cop comencen a tenir p\u00e8rdues i freq\u00fcents deutes, intenten recuperar els diners a trav\u00e9s del joc, tot i que lo que aconsegueixen \u00e9s tenir deutes majors.<\/p>\n\n\n\n<p>-Tamb\u00e9, cal destacar que lo m\u00e9s com\u00fa \u00e9s que les persones de l\u2019entorn del jugador son les primeres en adonar-se de que hi ha un problema, mentre que aquest seguir\u00e0 negant que alg\u00fa vagi malament.<\/p>\n\n\n\n<h2 class=\"wp-block-heading\">Criteris diagn\u00f2stics de la Ludopatia\u00a0 joc patol\u00f2gic segons el DSM-IV<\/h2>\n\n\n\n<ol class=\"wp-block-list\">\n<li>Comportament de joc desadaptatiu, persistent i recurrent, com indiquen almenys cinc (o m\u00e9s) dels seg\u00fcents \u00edtems:<\/li>\n\n\n\n<li>Preocupaci\u00f3 pel joc (p.ex., preocupaci\u00f3 per reviure experi\u00e8ncies passades de joc, compensar avantatges entre competidors o planificar la pr\u00f2xima aventura, o pensar formes d\u2019aconseguir diners amb els que jugar).<\/li>\n\n\n\n<li>Necessitat de jugar amb quantitats creixents de diners per aconseguir el grau d\u2019excitaci\u00f3 desitjat.<\/li>\n\n\n\n<li>Frac\u00e0s repetit dels esfor\u00e7os per controlar, interrompre o detindr\u00e9 el joc.<\/li>\n\n\n\n<li>Inquietud o irritabilitat quan intenta interrompre o detindr\u00e9 el joc.<\/li>\n\n\n\n<li>El joc s\u2019utilitza com estrat\u00e8gia per escapar dels problemes o per alleujar la disf\u00f2ria (p.ex., sentiments de desesperan\u00e7a, culpa, ansietat, depressi\u00f3).<\/li>\n\n\n\n<li>Despr\u00e9s de perdre diners en el joc, es torna un altre dia per intentar recuperar-ho (tractant de ?ca\u00e7ar? les pr\u00f2pies p\u00e8rdues).<\/li>\n\n\n\n<li>S\u2019enganya als membres de la fam\u00edlia, terapeutes o altres persones per ocultar el grau d\u2019implicaci\u00f3 amb el joc.<\/li>\n\n\n\n<li>Es cometen, per finan\u00e7ar el joc, actes il\u00b7legals, com falsificaci\u00f3, frau, robatori, o ab\u00fas de confian\u00e7a.<\/li>\n\n\n\n<li>S\u2019han arriscat o perdut relacions interpersonals significatives, treball i oportunitats educatives o professionals degut al joc.<\/li>\n\n\n\n<li>Es confia en que els dem\u00e9s proporcionin diners que alleugerin la desesperada situaci\u00f3 financera provocada pel joc.<\/li>\n\n\n\n<li>El comportament del joc no s\u2019explica millor por la pres\u00e8ncia d\u2019un episodi man\u00edac.<\/li>\n<\/ol>\n\n\n\n<h2 class=\"wp-block-heading\">2. COM AFECTA L&#8217;ADDICCI\u00d3 AL JOC A ALTRES \u00c0REES?<\/h2>\n\n\n\n<p>A part dels problemes relacionats amb el control del joc, altres complicacions s\u2019associen a aquest problema. Aix\u00ed, les conseq\u00fc\u00e8ncies poden manifestar-se en diferents \u00e0rees de la persona:<\/p>\n\n\n\n<p><strong>Personal<\/strong>: una persona que ha perdut el control i ha gastat molts diners no est\u00e0 b\u00e9, aix\u00ed com tampoc es sent b\u00e9 ocultant i tenint que fer front als deutes. Aix\u00ed, la majoria acaben mentint a les seves parelles, a la fam\u00edlia o als amics per amagar el problema. Aix\u00f2 els fa sentir-se trists, angoixats, amb un autoconcepte pobre i deteriorat i, la \u00fanica manera en que es senten b\u00e9 \u00e9s jugant.<\/p>\n\n\n\n<p><strong>Econ\u00f2mic<\/strong>: quan el joc est\u00e0 fora de control, es perden molts diners m\u00e9s r\u00e0pidament de lo que es guanya. La seva situaci\u00f3 econ\u00f2mica ser\u00e0 molt apurada i els deutes poden ser molt quantiosos. Demanant diners prestats l\u2019\u00fanic que s\u2019aconsegueix \u00e9s agreujar el problema. \u00c9s m\u00e9s, quan una persona addicta t\u00e9 l\u2019impuls de jugar \u00e9s capa\u00e7 de fer qualsevol cosa per aconseguir diners. Pot ser que robi, tot i que s\u2019enganyi dient-se que ho pren prestat i que ho tornar\u00e0 quan guanyi diners en el joc. Tamb\u00e9, pot oc\u00f3rrer que vengui el cotxe o que la fam\u00edlia passi per pen\u00faries econ\u00f2miques degut a la ludopatia.<\/p>\n\n\n\n<p><strong>Treball<\/strong>: el seu rendiment disminueix. No pot concentrar-se en el treball diari perqu\u00e8 pensa constantment en el joc i en com obtenir diners per jugar. Pot ser que tamb\u00e9 hagi faltat al treball o que arribi tard per haver estat jugant o, incl\u00fas que l\u2019hagin fet fora de l\u2019empresa per haver robat. Tot aix\u00f2 posa en perill la seva situaci\u00f3 laboral.<\/p>\n\n\n\n<p><strong>Fam\u00edlia<\/strong>: la seva fam\u00edlia est\u00e0 farta de deixar-li diners sense que els torni. Pot ser que el seu matrimoni estigui a punt de trencar-se o que la seva parella de tota la vida l\u2019abandoni. Presta menys atenci\u00f3 a la parella i als fills. Viure amb un jugador \u00e9s molt dur, i no tothom est\u00e0 disposat a aguantar. Els familiars volen ajudar al jugador per a que no es perjudiqui m\u00e9s perdent el seu treball, tenint problemes amb la just\u00edcia, etc. No obstant, estan farts de la situaci\u00f3 per la que estan passant.<\/p>\n\n\n\n<p><strong>Vida social<\/strong>: tenen poc temps per les relacions socials. Quan juga no vol saber res dels seus amics, perqu\u00e8 nom\u00e9s voldr\u00e0 estar en els llocs de joc. A m\u00e9s, probablement degui diners als amics. \u00c9s habitual que aquests i, incl\u00fas els ve\u00efns i companys de treball li donin l\u2019esquena al jugador, que acaba per estar sol davant la situaci\u00f3. Tot aix\u00f2 augmentar\u00e0 els seus sentiments de tristesa.<\/p>\n\n\n\n<p><strong>Just\u00edcia<\/strong>: si el seu joc \u00e9s molt greu pot ser que arribi a tenir problemes amb la just\u00edcia. Rec\u00f3rrer a la falsificaci\u00f3 de xecs o a xecs sense fons o no pagar el lloguer de la seva casa estan penats per la llei.<\/p>\n\n\n\n<h2 class=\"wp-block-heading\">3. EPIDEMIOLOGIA<\/h2>\n\n\n\n<p>\u00a0-La taxa de\u00a0<strong>prevalen\u00e7a<\/strong>\u00a0de la ludopatia oscil\u00b7la entre el\u00a0<strong>2%<\/strong>\u00a0y el\u00a0<strong>3%<\/strong>\u00a0de la poblaci\u00f3 adulta.<\/p>\n\n\n\n<p>-L\u2019<strong>edat&nbsp;<\/strong>d\u2019<strong>inici<\/strong>&nbsp;sol ser en l\u2019adolesc\u00e8ncia o en adults joves (en homes), i en el cas de les dones, sol ser una mica m\u00e9s tard.<\/p>\n\n\n\n<p>-La&nbsp;<strong>freq\u00fc\u00e8ncia<\/strong>&nbsp;\u00e9s major entre els homes.<\/p>\n\n\n\n<h2 class=\"wp-block-heading\">4. S\u00cdMPTOMES I TRASTORNS ASSOCIATS<\/h2>\n\n\n\n<p>En el joc patol\u00f2gic existeix una freq\u00fcent associaci\u00f3 amb altres trastorns, com:<\/p>\n\n\n\n<p>-Trastorns afectius (quadres depressius, hipomania, mania, dist\u00edmia, etc.). -Trastorns d\u2019ansietat -Ab\u00fas d\u2019alcohol -Ab\u00fas d\u2019altres subst\u00e0ncies -Inquietud -Inestabilitat -Sentiments de culpa<\/p>\n\n\n\n<p>Tamb\u00e9, poden experimentar alguns dels s\u00edmptomes del\u00a0<strong>s\u00edndrome d\u2019abstin\u00e8ncia<\/strong>:\u00a0<em>s\u00edmptomes f\u00edsics<\/em>\u00a0com: tremolor, malsons, obsessions, ansietat, p\u00e8rdua de gana, sudoraci\u00f3, inquietud, malestar, n\u00e0usees, v\u00f2mits, irritabilitat, cancans, impot\u00e8ncia, etc. i\u00a0<em>s\u00edmptomes ps\u00edquics<\/em>: alteracions de l\u2019humor, de l\u2019\u00e0nim, agitaci\u00f3, insomni, mals de cap, etc.<\/p>\n\n\n\n<h2 class=\"wp-block-heading\">5. TIPUS DE JUGADORS<\/h2>\n\n\n\n<p><strong>Jugadors socials<\/strong>: en aquests casos, el joc representa un entreteniment, plaer o sociabilitat. Les p\u00e8rdues de diners solen ser acceptables i predeterminades. Son persones que poden decidir deixar de jugar en qualsevol moment.<\/p>\n\n\n\n<p><strong>Jugadors problema<\/strong>: son aquells que juguen en exc\u00e9s, per\u00f2 mantenen un cert control sobre la conducta de joc, no tenen greus problemes.<\/p>\n\n\n\n<p><strong>Jugadors patol\u00f2gics<\/strong>: son aquells que han perdut el control o no tenen habilitats per deixar de jugar. El resultat \u00e9s un joc descontrolat amb greus conseq\u00fc\u00e8ncies.<\/p>\n\n\n\n<p><strong>Jugadors professionals<\/strong>: son jugadors que solen viure del joc, \u00e9s a dir, el joc \u00e9s una professi\u00f3, una forma de vida. Solen participar en aquells en els que \u00e9s important alguna habilitat o fan trampes per poder guanyar. Aquestes persones no aposten deixant-se portar per la passi\u00f3, sin\u00f3 que ho fan despr\u00e9s de realitzar un c\u00e0lcul ponderat.<\/p>\n\n\n\n<h2 class=\"wp-block-heading\">6. ELS MOTIUS DEL JUGADOR<\/h2>\n\n\n\n<p>-Superar l\u2019avorriment o tenir relacions socials: a vegades son persones que no tenen molts interessos o a\u00efllats socialment i, el joc pot suplir aquestes funcions.<\/p>\n\n\n\n<p>-Guanyar diners: el joc no \u00e9s un bon cam\u00ed per guanyar diners, perqu\u00e8 tot i que a vegades es guanya, els jugadors patol\u00f2gics a la llarga solen perdre.<\/p>\n\n\n\n<p>-Oblidar els problemes: el joc tendeix a augmentar-los.<\/p>\n\n\n\n<p>-Aconseguir nivells alts d\u2019excitaci\u00f3.<\/p>\n\n\n\n<p>-Ser fidels a un h\u00e0bit adquirit: la costum pot fer que una persona no abandoni una rutina que li est\u00e0 comen\u00e7ant a crear problemes.<\/p>\n\n\n\n<h2 class=\"wp-block-heading\">7. AVALUACI\u00d3<\/h2>\n\n\n\n<p>En l\u2019avaluaci\u00f3 del joc patol\u00f2gic, son moltes les \u00e0rees que s\u2019han de tenir en compte per obtenir una valoraci\u00f3 precisa de la gravetat del problema. Aix\u00ed, l\u2019avaluaci\u00f3 s\u2019ent\u00e9n de forma \u00e0mplia, ja que el joc suposa una alteraci\u00f3 de l\u2019adaptaci\u00f3 familiar, laboral, econ\u00f2mica i social de la persona, aix\u00ed com es relaciona amb altres trastorns psicopatol\u00f2gics. D\u2019aquesta manera, \u00e9s imprescindible l\u2019an\u00e0lisi conjunt de tots els \u00e0mbits, sense limitar-se exclusivament a les conductes de joc.<\/p>\n\n\n\n<ul class=\"wp-block-list\">\n<li>Avaluaci\u00f3 dels criteris diagn\u00f2stics del joc patol\u00f2gic.<\/li>\n\n\n\n<li>Avaluaci\u00f3 dels trastorns psicol\u00f2gics associats al joc patol\u00f2gic: consum d\u2019alcohol i\/o subst\u00e0ncies psicoactives, ansietat, depressi\u00f3, relaci\u00f3 de parella, personalitat, etc.<\/li>\n\n\n\n<li>Avaluaci\u00f3 de les conseq\u00fc\u00e8ncies en l\u2019\u00e0mbit familiar, laboral, social i econ\u00f2mic, aix\u00ed com les possibles implicacions legals.<\/li>\n\n\n\n<li>Avaluaci\u00f3 de la motivaci\u00f3 i expectatives de canvi que t\u00e9 el jugador quan acut a tractament.<\/li>\n<\/ul>\n\n\n\n<p>En l\u2019avaluaci\u00f3 es poden utilitzar diferents&nbsp;<strong>t\u00e8cniques<\/strong>&nbsp;com:<\/p>\n\n\n\n<ul class=\"wp-block-list\">\n<li>Entrevistes (estructurades o semiestructurades)<\/li>\n\n\n\n<li>Autoinformes<\/li>\n\n\n\n<li>Autorregistres<\/li>\n\n\n\n<li>T\u00e8cniques d\u2019observaci\u00f3<\/li>\n\n\n\n<li>Registres psicofisiol\u00f2gics<\/li>\n<\/ul>\n\n\n\n<h2 class=\"wp-block-heading\">8. INTERVENCI\u00d3<\/h2>\n\n\n\n<p>Entres les diferents tipologies d\u2019intervenci\u00f3, podem destacar:<\/p>\n\n\n\n<p><strong>-T\u00e8cniques de modificaci\u00f3 de conducta<\/strong>: t\u00e8cniques assertives, t\u00e8cniques reductores de l\u2019ansietat (dessensibilitzaci\u00f3 imaginada o entrenament en relaxaci\u00f3), t\u00e8cniques de control d\u2019est\u00edmuls i t\u00e8cniques d\u2019exposici\u00f3 en viu amb prevenci\u00f3 de resposta.<\/p>\n\n\n\n<p><strong>-T\u00e8cniques cognitives<\/strong>: entrenament en resoluci\u00f3 de problemes, entrenament en habilitats socials, prevenci\u00f3 de recaigudes.<\/p>\n\n\n\n<p><strong>-T\u00e8cniques de grup<\/strong>: grups d\u2019autoajuda o ter\u00e0pia de grup cognitiu-conductual.<\/p>\n\n\n\n<p><strong>-Programes de tractament multimodal.<\/strong><\/p>\n\n\n\n<p><strong>-Tractament psicofarmacol\u00f2gic.<\/strong><\/p>\n\n\n\n<p>Per altre part, cal destacar que una de les prioritats del tractament \u00e9s la&nbsp;<strong>prevenci\u00f3 de recaigudes<\/strong>:<\/p>\n\n\n\n<ul class=\"wp-block-list\">\n<li>S\u2019informa sobre el risc de recaigudes com una part de l\u2019evoluci\u00f3 natural del trastorn.<\/li>\n\n\n\n<li>S\u2019ajuda al pacient a identificar situacions d\u2019alt risc que poden afavorir en cada cas la probabilitat de que es produeixi una recaiguda.<\/li>\n\n\n\n<li>S\u2019ensenyen estrat\u00e8gies que poden posar en marxa quan es troba en situacions de risc i\/o problem\u00e0tiques.<\/li>\n\n\n\n<li>S\u2019estimula al pacient per a que realitzi canvis en els seus h\u00e0bits i en l\u2019estil de vida.<\/li>\n\n\n\n<li>S\u2019indueix la idea de que la recaiguda pot succeir en qualsevol moment, tot i que hagin passat anys.<\/li>\n<\/ul>\n","protected":false},"excerpt":{"rendered":"<p>&nbsp;1. QU\u00c8 \u00c9S EL JOC PATOL\u00d2GIC? Ludopatia joc patol\u00f2gic. En el moment que el joc d\u2019atzar (jugar a canvi d\u2019alguna cosa) deixa de ser un passatemps per convertir-se en una necessitat, \u00e9s quan comen\u00e7a el llarg i dolor\u00f3s proc\u00e9s d\u2019aquesta malaltia. El joc es converteix en el centre de la vida de la persona. D\u2019un &#8230; <a title=\"Ludopatia. Addicci\u00f3 al Joc (Joc Patol\u00f2gic)\" class=\"read-more\" href=\"https:\/\/gadex.es\/ca\/tractaments-psicologics\/psicologia-clinica\/ludopatia-joc-patologic\/\" aria-label=\"M\u00e9s informaci\u00f3 sobre Ludopatia. Addicci\u00f3 al Joc (Joc Patol\u00f2gic)\">Read More<\/a><\/p>\n","protected":false},"author":1,"featured_media":0,"parent":8195,"menu_order":12,"comment_status":"closed","ping_status":"closed","template":"","meta":{"footnotes":""},"class_list":["post-8255","page","type-page","status-publish"],"_links":{"self":[{"href":"https:\/\/gadex.es\/ca\/wp-json\/wp\/v2\/pages\/8255","targetHints":{"allow":["GET"]}}],"collection":[{"href":"https:\/\/gadex.es\/ca\/wp-json\/wp\/v2\/pages"}],"about":[{"href":"https:\/\/gadex.es\/ca\/wp-json\/wp\/v2\/types\/page"}],"author":[{"embeddable":true,"href":"https:\/\/gadex.es\/ca\/wp-json\/wp\/v2\/users\/1"}],"replies":[{"embeddable":true,"href":"https:\/\/gadex.es\/ca\/wp-json\/wp\/v2\/comments?post=8255"}],"version-history":[{"count":1,"href":"https:\/\/gadex.es\/ca\/wp-json\/wp\/v2\/pages\/8255\/revisions"}],"predecessor-version":[{"id":8259,"href":"https:\/\/gadex.es\/ca\/wp-json\/wp\/v2\/pages\/8255\/revisions\/8259"}],"up":[{"embeddable":true,"href":"https:\/\/gadex.es\/ca\/wp-json\/wp\/v2\/pages\/8195"}],"wp:attachment":[{"href":"https:\/\/gadex.es\/ca\/wp-json\/wp\/v2\/media?parent=8255"}],"curies":[{"name":"wp","href":"https:\/\/api.w.org\/{rel}","templated":true}]}}