{"id":8256,"date":"2025-04-04T20:50:47","date_gmt":"2025-04-04T18:50:47","guid":{"rendered":"https:\/\/gadex.es\/?page_id=8256"},"modified":"2025-12-16T16:17:58","modified_gmt":"2025-12-16T15:17:58","slug":"obsessions-compulsions","status":"publish","type":"page","link":"https:\/\/gadex.es\/ca\/tractaments-psicologics\/psicologia-clinica\/obsessions-compulsions\/","title":{"rendered":"Obsessions \u2013 Compulsions"},"content":{"rendered":"\n<h2 class=\"wp-block-heading\">TRASTORN OBSESSIU-COMPULSIUS (T.O.C.)<\/h2>\n\n\n\n<p><strong>Les obsessions compulsions s\u00f3n idees persistents, pensaments, impulsos o imatges que s\u00f3n experimentades com intrusives i inapropiades i que causen marcada angoixa o ansietat.<\/strong><\/p>\n\n\n\n<p>Les caracter\u00edstiques d\u2019intrusi\u00f3 i inapropietat de les obsessions han estat descrits com&nbsp;<strong>\u201cego dist\u00f3niques\u201d<\/strong>. Aix\u00f2 es refereix a la sensaci\u00f3 de l\u2019individu que el contingut de l\u2019obsessi\u00f3 li \u00e9s estrany, no est\u00e0 dins del seu control i no \u00e9s la classe de pensament que esperaria tenir.<\/p>\n\n\n\n<p>De qualsevol manera, l\u2019individu \u00e9s capa\u00e7 de recon\u00e8ixer que les obsessions s\u00f3n producte de la seva pr\u00f2pia ment i que no s\u00f3n imposades des de fora (com en la inducci\u00f3 de pensament).<\/p>\n\n\n\n<h2 class=\"wp-block-heading\">Compulsi\u00f3<\/h2>\n\n\n\n<p><strong>L\u2019individu amb obsessions generalment tracta d\u2019ignorar, eliminar cada pensament o impuls o de neutralitzar amb un altre pensament o acci\u00f3 (una compulsi\u00f3)<\/strong>. Per exemple, el subjecte ple de dubtes sobre si ha tancat el gas intenta neutralitzar comprovant repetidament per assegurar-se que est\u00e0 apagat.<\/p>\n\n\n\n<p>No s\u00f3n pocs els qui dubten sistem\u00e0ticament si han tancat b\u00e9 la porta, desconnectat el gas, apagat la llum \u2026 i tornen una i altra vegada a confirmar que, efectivament, s\u00ed que ho havien fet. Altres persones ritualitzen la seva vida quotidiana amb manies com comptar les rajoles de les cuines o els graons de les escales, no trepitjar les ratlles del s\u00f2l, retenir les matr\u00edcules dels cotxes, ocupar siempre el mateix seient en les reunions o menjars, portar un objecte in\u00fatil a la butxaca \u2026<\/p>\n\n\n\n<p>Per\u00f2 aix\u00f2 no s\u00f3n sin\u00f3 manifestacions gaireb\u00e9 anecd\u00f2tiques d\u2019uns costums que es poden convertir en un veritable problema psicol\u00f2gic. Tots tenim h\u00e0bits que, malgrat que mereixin el calificatiu de manies, considerem normals. Per\u00f2 quan aquests pensaments o manies fan patir ens trobem amb els trastorns obsessiu-compulsius. Les obsessions s\u00f3n pensaments que es repeteixen de manera insistent malgrat la voluntat de l\u2019individu, i que escapen al seu control.<\/p>\n\n\n\n<p><strong>Si els pensaments obsessius es converteixen en gestos de conducta gaireb\u00e9 autom\u00e0tica, esdevenen en compulsions, accions o manies que la persona es veu for\u00e7ada a executar per sentir-se b\u00e9 o, almenys, tranquil.<\/strong>&nbsp;\u00c9s conscient de com en s\u00f3n d\u2019absurdes i irracionals, per\u00f2 se sent incapa\u00e7 d\u2019eludir-les.&nbsp;<strong>Quan les compulsions s\u2019associen entre si, formant una cadena, es converteixen en rituals patol\u00f2gics.<\/strong><\/p>\n\n\n\n<h2 class=\"wp-block-heading\">Cat\u00e0leg de rituals obsessius<\/h2>\n\n\n\n<p><strong>Sovint el contingut estan relacionats amb:<\/strong><\/p>\n\n\n\n<p><strong>La neteja<\/strong>. Els qui els pateixen tenen por en quedar contaminats amb el que toquen o freguen i es renten repetidament les mans. Fins i tot arriben a evitar donar la m\u00e0 o qualsevol contacte f\u00edsic en les salutacions. Una mota de pols en un moble els sembla una cosa horrible.<\/p>\n\n\n\n<p><strong>L\u2019ordre<\/strong>&nbsp;no suporten que alguna cosa es trobi, ni tan sols temporalment, fora del seu lloc. Fins i tot si ocupen el seu lloc ha de ser en simetria o en conformitat amb els angles de la taula. Tampoc suporten que els altres no compleixin amb aquests canons de l\u2019ordre compulsiu i les persones que conviuen a la casa, siguin adults o no, hauran de complir estrictament amb les normes d\u2019ordre i neteja imposades per l\u2019afectat per aquesta mania.<\/p>\n\n\n\n<p><strong>Comportaments indecisos<\/strong>. Per exemple, comproven una i altra vegada com est\u00e0 la casa abans de tancar la porta. I tot i aix\u00ed, tornen a entrar despr\u00e9s d\u2019haver tancat. Davant qualsevol decisi\u00f3, per nimia que sigui, la pensaran durant mesos. I, una vegada adoptada, dubtaran si va ser encertada. I reflexionaran sobre si han fet b\u00e9, o consultaran amb altres fonts.<\/p>\n\n\n\n<p><strong>Els pensaments negatius<\/strong><\/p>\n\n\n\n<p>El pensament, en general, \u00e9s un di\u00e0leg amb nosaltres mateixos en el qual acabem fent afirmacions sobre determinades situacions. Poden ser positius si ens fan sentir b\u00e9 i ens ajuden; o negatius, si ens originen emocions negatives o ens fan patir. Seran racionals si es corresponen amb el que passa objectivament en la realitat, i irracionals si s\u2019allunyen del que passa.<\/p>\n\n\n\n<p>Els pensaments que causen m\u00e9s patiment s\u00f3n els irracionals i negatius.<\/p>\n\n\n\n<h2 class=\"wp-block-heading\">En descriurem alguns:<\/h2>\n\n\n\n<ul class=\"wp-block-list\">\n<li><strong>Pensament filtrant<\/strong>. Es prenen els detalls negatius i es magnifiquen, sense filtrar els aspectes positius de la situaci\u00f3.<\/li>\n\n\n\n<li><strong>Pensament polaritzat<\/strong>. El maniqueisme: les coses s\u00f3n blanques o negres. La persona ha de ser perfecta, si no, \u00e9s un fracassat. No hi ha terme mig.<\/li>\n\n\n\n<li><strong>Sobregeneralitzaci\u00f3 del pensament<\/strong>. S\u2019extreu una conclusi\u00f3 general d\u2019un simple incident. Si passa una cosa dolenta en una ocasi\u00f3, s\u2019esperar\u00e0 que passi una i altra vegada.<\/li>\n\n\n\n<li><strong>Interpretaci\u00f3 del pensament<\/strong>. Creiem saber qu\u00e8 senten els altres i per qu\u00e8 es comporten com ho fan. Ens veiem capa\u00e7os d\u2019endevinar el que senten els altres sobre nosaltres.<\/li>\n\n\n\n<li><strong>Visi\u00f3 catastrofista<\/strong>. Es vaticina, s\u2019espera i es tem irracionalment, el desastre. L\u2019individu s\u2019assabenta d\u2019un problema i comen\u00e7a a dir \u201ci si passa que \u2026?\u00bb,\u00ab \u00bfi si em passa a mi?\u00bb<\/li>\n\n\n\n<li><strong>Personalitzaci\u00f3<\/strong>. Creiem que tot el que la gent fa o diu \u00e9s una forma de reacci\u00f3 cap a nosaltres. I ens comparem amb els altres, intentant determinar qui \u00e9s m\u00e9s elegant, qui \u00e9s m\u00e9s brillant, qui t\u00e9 aspecte m\u00e9s saludable.<\/li>\n\n\n\n<li><strong>Culpabilitat<\/strong>. Mant\u00e9 que els altres s\u00f3n responsables del seu patiment o adopta el punt de vista oposat i es culpa a si mateix dels problemes aliens.<\/li>\n<\/ul>\n\n\n\n<h2 class=\"wp-block-heading\"><strong>Com actuar davant els pensaments irracionals negatius<\/strong><\/h2>\n\n\n\n<p>Siguem conscients de la influ\u00e8ncia que tenen sobre la nostra conducta i emocions. Els pensaments s\u00f3n aquests mon\u00f2legs que mantenim amb nosaltres mateixos interpretant la realitat que ens envolta. Per\u00f2 s\u00f3n nom\u00e9s una hip\u00f2tesi a demostrar.<\/p>\n\n\n\n<p>Identificar els pensaments, determinar en quina mesura s\u00f3n objectives aquestes interpretacions de la realitat, fins a quin punt s\u00f3n racionals. I fins a quin punt s\u00f3n polissons que s\u2019han colat sense el nostre perm\u00eds i ens fan patir sense ra\u00f3.<\/p>\n\n\n\n<p>L\u2019alarma salta quan ens produeixen emocions negatives com por, angoixa o tristesa. Desemmascarem aleshores el poliss\u00f3 i examinem-lo sobre la racionalitat i l\u2019adequaci\u00f3 amb la realitat. Analitzar, partint de coses que s\u00f3n nom\u00e9s una hip\u00f2tesi i demostrar que pensar alguna cosa no significa que sigui cert.<\/p>\n\n\n\n<p><strong>Com analitzar si els pensaments s\u2019ajusten a la realitat<\/strong><\/p>\n\n\n\n<p>Quines dades objectives de la realitat recolzen i invaliden aquest pensament. Amb quins arguments es defensaria aquest pensament davant d\u2019una altra persona. Quina probabilitat existeix que passi el que es pensa. Si ho tingu\u00e9s una altra persona, qu\u00e8 li diria jo per demostrar que est\u00e0 en un error. \u00c9s aquesta l\u2019\u00fanica forma d\u2019interpretar la situaci\u00f3 o n\u2019existeixen d\u2019altres.<\/p>\n\n\n\n<h2 class=\"wp-block-heading\">Com analitzar si influeixen en els estats emocionals i en les conductes<\/h2>\n\n\n\n<ul class=\"wp-block-list\">\n<li>M\u2019ajuda a aconseguir els meus objectius?<\/li>\n\n\n\n<li>Em fa b\u00e9 o em fa mal?<\/li>\n\n\n\n<li>Com influeix en el meu estat d\u2019\u00e0nim?<\/li>\n\n\n\n<li>Com influeix en la meva conducta?<\/li>\n\n\n\n<li>Com analitzar qu\u00e8 passaria si el que es pensa fos cert?<\/li>\n\n\n\n<li>Fins i tot si el que penso \u00e9s correcte \u00e9s realment una cat\u00e0strofe?<\/li>\n\n\n\n<li>Quines conseq\u00fc\u00e8ncies reals tindria per a mi si pass\u00e9s?<\/li>\n\n\n\n<li>Si \u00e9s aix\u00ed, est\u00e0 justificat que em descomposi tant?<\/li>\n\n\n\n<li>Si all\u00f2 que \u00e9s dolent passa, ser\u00e0 definitivament o es tractar\u00e0 d\u2019una cosa temporal?<\/li>\n<\/ul>\n\n\n\n<p>Tots tenim manies, preocupacions o pensaments repetits.&nbsp;<strong>Per\u00f2 si l\u2019obsessi\u00f3 arriba a dificultar o impedir les relacions socials, si la persona perd llibertat \u2026 ens trobem davant un trastorn obsessiu compulsiu que pot requerir de la intervenci\u00f3 d\u2019un especialista.<\/strong><\/p>\n\n\n\n<p>Resultaria interminable enumerar les conseq\u00fc\u00e8ncies que poden comportar els pensaments irracionals en els qui els pateixen i en els qui conviuen amb aquestes persones. El cat\u00e0leg \u00e9s molt ampli, des dels inconvenients m\u00e9s trivials fins als desenlla\u00e7os m\u00e9s dram\u00e0tics. I tot aix\u00f2 nom\u00e9s per haver interpretat distorsionadament la realitat.<\/p>\n\n\n\n<p><strong>Ja en el segle I, Epictet, un fil\u00f2sof estoic, afirmava que \u00abels homes no es pertorben per causa de les coses, sin\u00f3 per la interpretaci\u00f3 que en fan\u00bb<\/strong>.<\/p>\n\n\n\n<p>En qualsevol cas, all\u00f2 interessant \u00e9s saber com alliberar-se de les obsessions i fer front a aquests pensaments irracionals i distorsionats. I, conseq\u00fcentment, com aconseguir v\u00e8ncer les conductes compulsives.<\/p>\n\n\n\n<p><strong>La psicologia cient\u00edfica, de la m\u00e0 d\u2019autors com Ellis, Beck, Mahoney o Golfried, ha enllumenat la Reestructuraci\u00f3 Cognitiva,<\/strong><\/p>\n\n\n\n<p>Una t\u00e8cnica psicol\u00f2gica l\u2019objectiu de la qual \u00e9s identificar, analitzar i modificar les interpretacions o pensaments erronis que les persones experimenten en determinades situacions o tenen sobre d\u2019altres persones.<\/p>\n","protected":false},"excerpt":{"rendered":"<p>TRASTORN OBSESSIU-COMPULSIUS (T.O.C.) Les obsessions compulsions s\u00f3n idees persistents, pensaments, impulsos o imatges que s\u00f3n experimentades com intrusives i inapropiades i que causen marcada angoixa o ansietat. Les caracter\u00edstiques d\u2019intrusi\u00f3 i inapropietat de les obsessions han estat descrits com&nbsp;\u201cego dist\u00f3niques\u201d. Aix\u00f2 es refereix a la sensaci\u00f3 de l\u2019individu que el contingut de l\u2019obsessi\u00f3 li \u00e9s &#8230; <a title=\"Obsessions \u2013 Compulsions\" class=\"read-more\" href=\"https:\/\/gadex.es\/ca\/tractaments-psicologics\/psicologia-clinica\/obsessions-compulsions\/\" aria-label=\"M\u00e9s informaci\u00f3 sobre Obsessions \u2013 Compulsions\">Read More<\/a><\/p>\n","protected":false},"author":1,"featured_media":0,"parent":8195,"menu_order":13,"comment_status":"closed","ping_status":"closed","template":"","meta":{"footnotes":""},"class_list":["post-8256","page","type-page","status-publish"],"_links":{"self":[{"href":"https:\/\/gadex.es\/ca\/wp-json\/wp\/v2\/pages\/8256","targetHints":{"allow":["GET"]}}],"collection":[{"href":"https:\/\/gadex.es\/ca\/wp-json\/wp\/v2\/pages"}],"about":[{"href":"https:\/\/gadex.es\/ca\/wp-json\/wp\/v2\/types\/page"}],"author":[{"embeddable":true,"href":"https:\/\/gadex.es\/ca\/wp-json\/wp\/v2\/users\/1"}],"replies":[{"embeddable":true,"href":"https:\/\/gadex.es\/ca\/wp-json\/wp\/v2\/comments?post=8256"}],"version-history":[{"count":1,"href":"https:\/\/gadex.es\/ca\/wp-json\/wp\/v2\/pages\/8256\/revisions"}],"predecessor-version":[{"id":8260,"href":"https:\/\/gadex.es\/ca\/wp-json\/wp\/v2\/pages\/8256\/revisions\/8260"}],"up":[{"embeddable":true,"href":"https:\/\/gadex.es\/ca\/wp-json\/wp\/v2\/pages\/8195"}],"wp:attachment":[{"href":"https:\/\/gadex.es\/ca\/wp-json\/wp\/v2\/media?parent=8256"}],"curies":[{"name":"wp","href":"https:\/\/api.w.org\/{rel}","templated":true}]}}