{"id":8265,"date":"2025-04-04T21:00:36","date_gmt":"2025-04-04T19:00:36","guid":{"rendered":"https:\/\/gadex.es\/?page_id=8265"},"modified":"2025-12-16T16:23:22","modified_gmt":"2025-12-16T15:23:22","slug":"terapia-de-familia","status":"publish","type":"page","link":"https:\/\/gadex.es\/ca\/tractaments-psicologics\/psicologia-clinica\/terapia-de-familia\/","title":{"rendered":"Ter\u00e0pia de Fam\u00edlia"},"content":{"rendered":"\n<h2 class=\"wp-block-heading\">Problemes de Familia. Crisis Familiar<\/h2>\n\n\n\n<p><strong>\u00cdndex<\/strong><\/p>\n\n\n\n<ul class=\"wp-block-list\">\n<li><ul><li>Objectiu<\/li><li>Problemes m\u00e9s freq\u00fcents en ter\u00e0pia de fam\u00edlia<\/li><\/ul><ul><li>Avaluaci\u00f3<\/li><\/ul>\n<ul class=\"wp-block-list\">\n<li>Intervenci\u00f3 i tractament<\/li>\n<\/ul>\n<\/li>\n<\/ul>\n\n\n\n<h2 class=\"wp-block-heading\">1. Objectiu<\/h2>\n\n\n\n<p>&nbsp;<strong>La Ter\u00e0pia de fam\u00edlia,&nbsp; t\u00e9 com a objectiu:<\/strong><\/p>\n\n\n\n<p><strong>Avaluar de forma adequada les dificultats i conflictes familiars.<\/strong><\/p>\n\n\n\n<p>Oferir un nou context en el que la comunicaci\u00f3 es desenvolupi d\u2019un mode diferent i, en el que es puguin exposar les necessitats de cada un.<\/p>\n\n\n\n<p>Abordar i resoldre els conflictes familiars i relacionals (entre pares i fills, entre germans, amb la fam\u00edlia extensa, etc.).<\/p>\n\n\n\n<p>Col\u00b7laborar amb la fam\u00edlia en el maneig de situacions que resulten desbordants i trobar solucions alternatives per atenuar els conflictes.<\/p>\n\n\n\n<p>Buscar pautes m\u00e9s efectives d\u2019interacci\u00f3 entre els membres de la fam\u00edlia, millorar la comunicaci\u00f3.<\/p>\n\n\n\n<p>Fomentar el desenvolupament i creixement tant individual com de la fam\u00edlia, a trav\u00e9s de certes estrat\u00e8gies i t\u00e8cniques que facilitin una major comprensi\u00f3 de l\u2019organitzaci\u00f3 familiar.<\/p>\n\n\n\n<p>Dissenyar un programa terap\u00e8utic amb la finalitat de intervenir en l\u2019estructura i el funcionament de la fam\u00edlia, procurant un augment de la capacitat per afrontar i resoldre les situacions complexes.<\/p>\n\n\n\n<p><strong><em>A qui va dirigida?&nbsp;<\/em><\/strong>La ter\u00e0pia&nbsp; de fam\u00edlia pot aplicar-se a qualsevol tipus de fam\u00edlia: fam\u00edlia extensa, fam\u00edlia conjugal o nuclear (parella casada i els fills), fam\u00edlies mixtes o reconstitu\u00efdes, fam\u00edlies d\u2019uni\u00f3 de fet, fam\u00edlies de pare \u00fanic o monoparental, fam\u00edlies de parella homosexual, etc.<\/p>\n\n\n\n<h2 class=\"wp-block-heading\">2. Problemes m\u00e9s freq\u00fcents en ter\u00e0pia de fam\u00edlia<\/h2>\n\n\n\n<p>Existeixen multitud de factors, tan personals com de l\u2019entorn, que poden influenciar en la din\u00e0mica familiar creant situacions conflictives i de crisis. En ocasions, els conflictes poden ser actuals determinant crisis en la fam\u00edlia i altres cops, poden ser conflictes cr\u00f2nics d\u2019anys d\u2019evoluci\u00f3.<\/p>\n\n\n\n<p>Entre els principals motius de consulta destaquen:<\/p>\n\n\n\n<p><strong>Situacions de crisis familiars<\/strong>: son esdeveniments sobtats o inesperats que alteren el desenvolupament normal i funcionament de la vida familiar o d\u2019algun dels seus membres, impedint la seva evoluci\u00f3.<\/p>\n\n\n\n<p><strong>Situacions d\u2019estr\u00e8s<\/strong>: les fam\u00edlies poden experimentar estr\u00e8s quan no son capaces de fer front als canvis, lo que pot alterar el context familiar.<\/p>\n\n\n\n<p>De manera espec\u00edfica, aquestes situacions poden ser desencadenades per:<\/p>\n\n\n\n<p><strong>Esdeveniments vitals estressants<\/strong>: son aquells que afecten amb major o menor intensitat al desenvolupament de la fam\u00edlia o als seus membres, reclamant un nou mode de funcionar i l\u2019establiment de noves pautes o normes per la seva superaci\u00f3.<\/p>\n\n\n\n<p><strong>Desequilibris en l\u2019estructura familiar<\/strong>: manca de jerarquitzaci\u00f3 en la fam\u00edlia.<\/p>\n\n\n\n<p><strong>Dificultat per ajustar-se a les transicions del cicle vital<\/strong>: el pas d\u2019una etapa a un altre sol anar marcat per un succ\u00e9s rellevant. Aquestes transicions, que solen produir canvis, no es resolen igual en totes les fam\u00edlies. Per algunes constitueixen una font de conflictes.<\/p>\n\n\n\n<p><strong>Dificultats de comunicaci\u00f3<\/strong>.<\/p>\n\n\n\n<p><strong>Dificultat en la resoluci\u00f3 de problemes<\/strong>.<\/p>\n\n\n\n<p><strong>Dificultat en el maneig de conductes de nens i adolescents<\/strong>.<\/p>\n\n\n\n<p><strong>Agressivitat en la fam\u00edlia<\/strong>.<\/p>\n\n\n\n<p><strong>Pres\u00e8ncia de psicopatologia en un o m\u00e9s membres de la fam\u00edlia: depressi\u00f3, ansietat, trastorns de conducta, etc<\/strong>.<\/p>\n\n\n\n<p><strong>Processos de dol no resolts<\/strong>.<\/p>\n\n\n\n<p><strong>Problemes emocionals i de sobrec\u00e0rrega<\/strong>: degut a l\u2019atenci\u00f3 de familiars amb malalties mentals greus (esquizofr\u00e8nia, depressi\u00f3, etc.), dem\u00e8ncies (alzheimer, parkinson, etc.) i altres malalties f\u00edsiques cr\u00f2niques i incapacitants com el c\u00e0ncer, la esclerosis m\u00faltiples o d\u2019altres.<\/p>\n\n\n\n<h2 class=\"wp-block-heading\">3. Avaluaci\u00f3<\/h2>\n\n\n\n<p>L\u2019avaluaci\u00f3 \u00e9s un proc\u00e9s continu i simultani al tractament, que possibilita obtenir informaci\u00f3 fonamental per comprendre, con\u00e8ixer i intervenir en la fam\u00edlia. Tamb\u00e9, t\u00e9 la finalitat de que la fam\u00edlia prengui consci\u00e8ncia, reconegui i manifesti les seves necessitats i dificultats que estan afectant al seu desenvolupament com a persones i com a fam\u00edlia.<\/p>\n\n\n\n<p>El proc\u00e9s es centra en el&nbsp;<strong>funcionament actual de la fam\u00edlia<\/strong>. Tamb\u00e9 es pot recollir informaci\u00f3 sobre la genealogia familiar o sobre esdeveniments passats.<\/p>\n\n\n\n<p>Els aspectes que s\u2019avaluen en el context familiar son:<\/p>\n\n\n\n<p><strong>La interacci\u00f3 conjugal i familiar.<\/strong><\/p>\n\n\n\n<p><strong>La intimidat i els&nbsp; valors familiars.<\/strong><\/p>\n\n\n\n<p><strong>Els rols i la distribuci\u00f3 de poder en la fam\u00edlia.<\/strong><\/p>\n\n\n\n<p><strong>L\u2019ajustament conjugal i familiar.<\/strong>&nbsp;<strong>Comunicaci\u00f3.<\/strong><\/p>\n\n\n\n<p><strong>Adaptabilitat als canvis.<\/strong>&nbsp;<strong>Processos de negociaci\u00f3.<\/strong><\/p>\n\n\n\n<p><strong>Rutines familiars, ambient en la llar.<\/strong><\/p>\n\n\n\n<p><strong>Clima emocional de la fam\u00edlia.<\/strong><\/p>\n\n\n\n<p><strong>Comprom\u00eds i responsabilitat familiar.<\/strong><\/p>\n\n\n\n<p><strong>Relacions maritals i satisfacci\u00f3.&nbsp;<\/strong><strong>Estr\u00e8s familiar.<\/strong><strong><em>&nbsp;<\/em><\/strong><\/p>\n\n\n\n<p><strong><em>Procediments d\u2019avaluaci\u00f3:<\/em><\/strong><\/p>\n\n\n\n<p>Entrevista conjunta familiar: per obtenir informaci\u00f3 sobre aspectes de la fam\u00edlia.<\/p>\n\n\n\n<p>Administraci\u00f3 d\u2019inventaris i q\u00fcestionaris d\u2019avaluaci\u00f3: per avaluar variables de la interacci\u00f3 i funcionament familiar.<\/p>\n\n\n\n<p>Autoinformes i mesures observacionals<\/p>\n\n\n\n<p>Entrevistes individuals: es poden fer amb algun\/s dels membres de la fam\u00edlia per poder desenvolupar una conceptualitzaci\u00f3 de com la persona veu els conflictes.<\/p>\n\n\n\n<h2 class=\"wp-block-heading\">4. Intervenci\u00f3 i tractament<\/h2>\n\n\n\n<p>En el proc\u00e9s d\u2019intervenci\u00f3 s\u2019estableix un programa de tractament seleccionant t\u00e8cniques espec\u00edfiques que poden permetre el canvi.<\/p>\n\n\n\n<p>Considerant els problemes existents, les necessitats i els recursos disponibles s\u2019estructura el nombre de sessions i el curs de la ter\u00e0pia.<\/p>\n\n\n\n<p>Generalment, el&nbsp;<strong>nombre de sessions oscil\u00b7la entre 10 i 12<\/strong>, amb una freq\u00fc\u00e8ncia setmanal, quinzenal o mensual, per\u00f2 depenent de cada fam\u00edlia i les seves necessitats pot ser m\u00e9s breu o distanciar-se en el temps.<\/p>\n\n\n\n<p>Els principals&nbsp;<strong>objectius d\u2019intervenci\u00f3<\/strong>&nbsp;son:<\/p>\n\n\n\n<p><strong>Intervenci\u00f3 en problemes ja existents.<\/strong><\/p>\n\n\n\n<p><strong>Prevenci\u00f3 de possibles problemes.<\/strong><\/p>\n\n\n\n<p><strong>Desenvolupament de la potencialitat de la fam\u00edlia<\/strong>.<\/p>\n\n\n\n<p><strong>Tipologies de tractament<\/strong><\/p>\n\n\n\n<p>La ter\u00e0pia familiar admet diferents&nbsp;<strong>variants d\u2019intervenci\u00f3<\/strong>:<\/p>\n\n\n\n<p>Tractament conjunt amb tots els membres de la fam\u00edlia. Tractament conjunt amb alguns membres de la fam\u00edlia. Intervenci\u00f3 individual i familiar de forma combinada. Intervenci\u00f3 amb els pares. Intervenci\u00f3 amb els fills.<\/p>\n\n\n\n<p>Independentment del tipus d\u2019intervenci\u00f3, sempre es tenen present les relacions que s\u2019estableixen amb l\u2019entorn familiar i es treballa sobre aix\u00f2.<\/p>\n\n\n\n<p><strong><em>Sessions de suport i seguiment<\/em><\/strong><\/p>\n\n\n\n<p>Per poder fer una prevenci\u00f3 de recaigudes, en les \u00faltimes sessions de ter\u00e0pia el terapeuta i la fam\u00edlia poden revisar les estrat\u00e8gies apreses i els passos de resoluci\u00f3 de problemes per millorar futures dificultats. En aquest cas, es poden plantejar en ter\u00e0pia v\u00e0ries situacions problem\u00e0tiques similars a les tractades i demanar que s\u2019expliqui o es mostri com les tractarien i manejarien sols.<\/p>\n\n\n\n<p>Tamb\u00e9, es poden fixar&nbsp;<strong>sessions de seguiment<\/strong>&nbsp;per mantenir aquells aspectes assolits. Aix\u00ed, es convida a la fam\u00edlia o alguns dels seus membres a assistir a una o m\u00e9s sessions en els sis mesos posteriors a la finalitzaci\u00f3 de la ter\u00e0pia per revisar alguns aspectes. Aquestes sessions, tamb\u00e9 poden servir per respondre a preguntes i resoldre problemes que no s\u2019hagin pogut solucionar.<\/p>\n\n\n\n<p><strong><em>Modalitats d\u2019intervenci\u00f3<\/em><\/strong><\/p>\n\n\n\n<p>Les principals modalitats o orientacions d\u2019intervenci\u00f3 son:<\/p>\n\n\n\n<p><strong>Ter\u00e0pia familiar&nbsp;<\/strong><\/p>\n\n\n\n<p><strong>Ter\u00e0pia familiar cognitivo-conductual<\/strong><\/p>\n\n\n\n<p><strong>Intervenci\u00f3 psicoeducativa<\/strong><\/p>\n\n\n\n<p><strong>Orientaci\u00f3 i assessorament familiar<\/strong><\/p>\n","protected":false},"excerpt":{"rendered":"<p>Problemes de Familia. Crisis Familiar \u00cdndex 1. Objectiu &nbsp;La Ter\u00e0pia de fam\u00edlia,&nbsp; t\u00e9 com a objectiu: Avaluar de forma adequada les dificultats i conflictes familiars. Oferir un nou context en el que la comunicaci\u00f3 es desenvolupi d\u2019un mode diferent i, en el que es puguin exposar les necessitats de cada un. Abordar i resoldre els &#8230; <a title=\"Ter\u00e0pia de Fam\u00edlia\" class=\"read-more\" href=\"https:\/\/gadex.es\/ca\/tractaments-psicologics\/psicologia-clinica\/terapia-de-familia\/\" aria-label=\"M\u00e9s informaci\u00f3 sobre Ter\u00e0pia de Fam\u00edlia\">Read More<\/a><\/p>\n","protected":false},"author":1,"featured_media":0,"parent":8195,"menu_order":15,"comment_status":"closed","ping_status":"closed","template":"","meta":{"footnotes":""},"class_list":["post-8265","page","type-page","status-publish"],"_links":{"self":[{"href":"https:\/\/gadex.es\/ca\/wp-json\/wp\/v2\/pages\/8265","targetHints":{"allow":["GET"]}}],"collection":[{"href":"https:\/\/gadex.es\/ca\/wp-json\/wp\/v2\/pages"}],"about":[{"href":"https:\/\/gadex.es\/ca\/wp-json\/wp\/v2\/types\/page"}],"author":[{"embeddable":true,"href":"https:\/\/gadex.es\/ca\/wp-json\/wp\/v2\/users\/1"}],"replies":[{"embeddable":true,"href":"https:\/\/gadex.es\/ca\/wp-json\/wp\/v2\/comments?post=8265"}],"version-history":[{"count":1,"href":"https:\/\/gadex.es\/ca\/wp-json\/wp\/v2\/pages\/8265\/revisions"}],"predecessor-version":[{"id":8270,"href":"https:\/\/gadex.es\/ca\/wp-json\/wp\/v2\/pages\/8265\/revisions\/8270"}],"up":[{"embeddable":true,"href":"https:\/\/gadex.es\/ca\/wp-json\/wp\/v2\/pages\/8195"}],"wp:attachment":[{"href":"https:\/\/gadex.es\/ca\/wp-json\/wp\/v2\/media?parent=8265"}],"curies":[{"name":"wp","href":"https:\/\/api.w.org\/{rel}","templated":true}]}}