{"id":8267,"date":"2025-04-04T21:09:54","date_gmt":"2025-04-04T19:09:54","guid":{"rendered":"https:\/\/gadex.es\/?page_id=8267"},"modified":"2025-12-16T16:29:22","modified_gmt":"2025-12-16T15:29:22","slug":"trastorns-de-la-personalitat","status":"publish","type":"page","link":"https:\/\/gadex.es\/ca\/tractaments-psicologics\/psicologia-clinica\/trastorns-de-la-personalitat\/","title":{"rendered":"Trastorns de la Personalitat"},"content":{"rendered":"\n<p>Les persones amb&nbsp;<strong>trastorns de personalitat<\/strong>&nbsp;es caracteritzen per presentar un conjunt de&nbsp;<strong>trets<\/strong>&nbsp;inflexibles i desadaptatius. Un tret \u00e9s una forma de pensar, sentir i comportar-se estable en el temps, \u00e9s el que anomenem el car\u00e0cter.<\/p>\n\n\n\n<p>Aquests trets per ser funcionals han de permetre&nbsp;<strong>certa flexibilitat i variabilitat<\/strong>, en funci\u00f3 de les circumst\u00e0ncies i han de possibilitar un cert grau d\u2019adaptaci\u00f3 en funci\u00f3 de la situaci\u00f3 que es viu, per tant, \u00e9s necessari que existeixi la capacitat&nbsp;<strong>d\u2019adaptar-se i de ser flexibles.<\/strong><\/p>\n\n\n\n<p>Aquest conjunt de trets estables i de llarga durada, se solen iniciar en l\u2019adolesc\u00e8ncia i s\u2019est\u00e9nen a una \u00e0mplia gamma de situacions personals i socials, fet que pot provocar un malestar cl\u00ednicament significatiu, deteriorament laboral, social i d\u2019altres en \u00e0rees importants de la vida de les persones.<\/p>\n\n\n\n<h2 class=\"wp-block-heading\">Trastorn Paranoide de la personalitat:<\/h2>\n\n\n\n<p>Patr\u00f3 de desconfian\u00e7a, suspic\u00e0cia, ressentiment i hostilitat, que fa que s\u2019interpretin maliciosament les intencions dels altres. Tenen escasses relacions socials degut a la seva desconfian\u00e7a, per\u00f2 tamb\u00e9 solen provocar un rebuig en els dem\u00e9s per la seva conducta hostil.<\/p>\n\n\n\n<h2 class=\"wp-block-heading\">Trastorn Esquizoide de la personalitat:<\/h2>\n\n\n\n<p>Les persones que ho pateixen es caracteritzen per la falta d\u2019inter\u00e8s en relacionar-se socialment i per una restricci\u00f3 de l\u2019expressi\u00f3 emocional que provoca una desconnexi\u00f3 de les relacions socials amb prefer\u00e8ncia per les activitats solit\u00e0ries i una escassa o nul\u00b7la experi\u00e8ncia de plaer acompanyada de manca d\u2019amistats \u00edntimes.<\/p>\n\n\n\n<h2 class=\"wp-block-heading\">Trastorn Esquizot\u00edpic de la personalitat:<\/h2>\n\n\n\n<p>Les persones que el pateixen presenten un patr\u00f3 de d\u00e8ficit social o interpersonal amb una gran disminuci\u00f3 de la capacitat per a les relacions personals, que els provoca malestar intens amb ansietat social excessiva, acompanyat de distorsions perceptives i conductes exc\u00e8ntriques i aparen\u00e7a peculiar o estranya.<\/p>\n\n\n\n<h2 class=\"wp-block-heading\">Trastorn Antisocial de la personalitat:<\/h2>\n\n\n\n<p>Tamb\u00e9 denominat psicopatia o sociopatia. Patr\u00f3 de menyspreu, violaci\u00f3 dels drets dels altres, i no acceptaci\u00f3 de les normes socials, es caracteritza per ser fals i impulsiu, amb una conducta agressiva i irritable, a m\u00e9s de indifer\u00e8ncia o falta de remordiment de les seves conductes.<\/p>\n\n\n\n<h2 class=\"wp-block-heading\">Trastorn L\u00edmit de la personalitat:<\/h2>\n\n\n\n<p>Dificultat en regular les propies emocions i els pensaments, comportament impulsiu i imprudent i una inestabilitat en les relacions interpersonals, l\u2019autoimatge i l\u2019afectivitat, a m\u00e9s de sentiments cr\u00f2nics de buit. Les relacions socials s\u00f3n intenses i extremes, amb grans esfor\u00e7os per evitar l\u2019aband\u00f3, podent arribar a rec\u00f3rrer a amenaces d\u2019autolesi\u00f3 o su\u00efcidi.<\/p>\n\n\n\n<h2 class=\"wp-block-heading\">Trastorn Histri\u00f2nic de la personalitat:<\/h2>\n\n\n\n<p>Es manifesta per una emotivitat excessiva i per la necessitat de cridar cont\u00ednuament l\u2019atenci\u00f3 a trav\u00e9s de comportaments inapropiats per la situaci\u00f3. La interacci\u00f3 amb els altres \u00e9s teatral i inadequadament provocativa o seductora, i sovint creu que les relacions s\u00f3n m\u00e9s \u00edntimes del que s\u00f3n realment.<\/p>\n\n\n\n<h2 class=\"wp-block-heading\">Trastorn Narcisista de la personalitat:<\/h2>\n\n\n\n<p>Pauta generalitzada de grandiositat, necessitat d\u2019admiraci\u00f3 i falta d\u2019empatia. Preocupaci\u00f3 constant per l\u2019\u00e8xit, el poder, la bellesa o l\u2019amor ideal, creient que \u00e9s especial o \u00fanic i que per tant solament pot relacionar-se amb persones d\u2019alt nivell.<\/p>\n\n\n\n<h2 class=\"wp-block-heading\">Trastorns de la personalitat per Evitaci\u00f3:<\/h2>\n\n\n\n<p>Patr\u00f3 d\u2019inhibici\u00f3 social, \u00e9s a dir restricci\u00f3 de les relacions socials, degut a una alta hipersensibilitat a l\u2019avaluaci\u00f3 negativa per part dels altres i por a ser avergonyit o ridiculitzat, que li fa evitar les activitats que suposen un contacte interpersonal per por de la cr\u00edtica o de fer el rid\u00edcul.<\/p>\n\n\n\n<h2 class=\"wp-block-heading\">Trastorn de personalitat per Depend\u00e8ncia:<\/h2>\n\n\n\n<p>Es caracteritza per un patr\u00f3 de comportament subm\u00eds relacionat amb l\u2019excessiva necessitat de ser cuidat per un altre. Pors a la separaci\u00f3 o a l\u2019aband\u00f3, dificultats en prendre iniciatives per ell mateix, a m\u00e9s d\u2019una dificultat per prendre decisions pr\u00f2pies i assumir responsabilitats del dia a dia.<\/p>\n\n\n\n<h2 class=\"wp-block-heading\">Trastorn de personalitat Obsessiu-Compulsiu:<\/h2>\n\n\n\n<p>Preocupaci\u00f3 excessiva per l\u2019ordre i el perfeccionisme, que pot arribar a interferir amb la finalitzaci\u00f3 de tasques. Conducta inflexible i sense espontane\u00eftat, acompanyada de necessitat de control propi i dels altres.<\/p>\n","protected":false},"excerpt":{"rendered":"<p>Les persones amb&nbsp;trastorns de personalitat&nbsp;es caracteritzen per presentar un conjunt de&nbsp;trets&nbsp;inflexibles i desadaptatius. Un tret \u00e9s una forma de pensar, sentir i comportar-se estable en el temps, \u00e9s el que anomenem el car\u00e0cter. Aquests trets per ser funcionals han de permetre&nbsp;certa flexibilitat i variabilitat, en funci\u00f3 de les circumst\u00e0ncies i han de possibilitar un cert &#8230; <a title=\"Trastorns de la Personalitat\" class=\"read-more\" href=\"https:\/\/gadex.es\/ca\/tractaments-psicologics\/psicologia-clinica\/trastorns-de-la-personalitat\/\" aria-label=\"M\u00e9s informaci\u00f3 sobre Trastorns de la Personalitat\">Read More<\/a><\/p>\n","protected":false},"author":1,"featured_media":0,"parent":8195,"menu_order":17,"comment_status":"closed","ping_status":"closed","template":"","meta":{"footnotes":""},"class_list":["post-8267","page","type-page","status-publish"],"_links":{"self":[{"href":"https:\/\/gadex.es\/ca\/wp-json\/wp\/v2\/pages\/8267","targetHints":{"allow":["GET"]}}],"collection":[{"href":"https:\/\/gadex.es\/ca\/wp-json\/wp\/v2\/pages"}],"about":[{"href":"https:\/\/gadex.es\/ca\/wp-json\/wp\/v2\/types\/page"}],"author":[{"embeddable":true,"href":"https:\/\/gadex.es\/ca\/wp-json\/wp\/v2\/users\/1"}],"replies":[{"embeddable":true,"href":"https:\/\/gadex.es\/ca\/wp-json\/wp\/v2\/comments?post=8267"}],"version-history":[{"count":2,"href":"https:\/\/gadex.es\/ca\/wp-json\/wp\/v2\/pages\/8267\/revisions"}],"predecessor-version":[{"id":8935,"href":"https:\/\/gadex.es\/ca\/wp-json\/wp\/v2\/pages\/8267\/revisions\/8935"}],"up":[{"embeddable":true,"href":"https:\/\/gadex.es\/ca\/wp-json\/wp\/v2\/pages\/8195"}],"wp:attachment":[{"href":"https:\/\/gadex.es\/ca\/wp-json\/wp\/v2\/media?parent=8267"}],"curies":[{"name":"wp","href":"https:\/\/api.w.org\/{rel}","templated":true}]}}