{"id":8290,"date":"2025-04-04T21:44:48","date_gmt":"2025-04-04T19:44:48","guid":{"rendered":"https:\/\/gadex.es\/?page_id=8290"},"modified":"2025-12-16T16:45:34","modified_gmt":"2025-12-16T15:45:34","slug":"desig-sexual-inhibit","status":"publish","type":"page","link":"https:\/\/gadex.es\/ca\/tractaments-psicologics\/sexologia-clinica\/desig-sexual-inhibit\/","title":{"rendered":"Desig Sexual Inhibit"},"content":{"rendered":"\n<h2 class=\"wp-block-heading\">Inapet\u00e8ncia sexual. Apatia Sexual. Manca de desig<\/h2>\n\n\n\n<p>El&nbsp;<strong>desig sexual inhibit, inapetencia sexual, manca de desig,&nbsp;<\/strong><strong>apatia sexual<\/strong>&nbsp;\u00e9s una disfunci\u00f3 sexual caracteritzada per:<\/p>\n\n\n\n<p><strong>La manca d\u2019inter\u00e8s en aspectes relacionats amb el sexe i per no dur a terme conductes sexuals,&nbsp;<\/strong>de manera que la persona ni se sent atreta pel sexe ni per les possibles relacions sexuals.<\/p>\n\n\n\n<p>Aquest desinter\u00e8s, pot provocar que la persona no busqui gratificaci\u00f3 sexual, tot i que estigui disponible i amb una capacitat de resposta sexual f\u00edsica intacta.<\/p>\n\n\n\n<p>Cal fer notar que,&nbsp;<strong>el poc inter\u00e8s pel sexe, est\u00e0 relacionat generalment amb dificultats d\u2019excitaci\u00f3 \u00f3 problemes per experiment\u00e0 la resposta org\u00e0smica.<\/strong><\/p>\n\n\n\n<p>Tamb\u00e9 \u00e9s important destacar que el desig sexual inhibit no nom\u00e9s es caracteritza pel desinter\u00e8s en realizar l\u2019acte sexual o co\u00eft, sin\u00f3 tamb\u00e9 per:<\/p>\n\n\n\n<p><strong>L\u2019abs\u00e8ncia o la disminuci\u00f3 de fantasies sexuals y de desitjos d\u2019activitat sexual<\/strong>, de forma que la persona no acostuma a iniciar relacions sexuals i est\u00e0 poc motivada per buscar est\u00edmuls que li provoquin excitaci\u00f3.<\/p>\n\n\n\n<p><strong>La falta d\u2019inter\u00e8s cap a la sexualidad<\/strong>, poca atenci\u00f3 al material de contingut er\u00f2tic,&nbsp; dificultat en percebre l\u2019atractiu sexual de les persones, especialment d\u2019aquells\/es que poden ser companys\/es sexuals.<\/p>\n\n\n\n<p>De la mateixa manera, les persones amb desig sexual inhibit&nbsp;<strong>no acostumen a sentir-se frustrades quan se\u2019ls nega la oportunitat d\u2019una relaci\u00f3 sexual<\/strong>.<\/p>\n\n\n\n<p>El desig sexual inhibit es considera un problema o trastorn quan el desinter\u00e8s sexual no \u00e9s una opci\u00f3 o acte voluntari, sino un focus de malestar tant a nivell personal com en la relaci\u00f3 de parella.<\/p>\n\n\n\n<h2 class=\"wp-block-heading\">Tipus de desig sexual inhibit<\/h2>\n\n\n\n<p>El desig sexual inhibit es pot classificar depenen de:<\/p>\n\n\n\n<p><strong>El moment o edat de la seva aparici\u00f3<\/strong>:<\/p>\n\n\n\n<p><strong>Desig sexual inhibit primari<\/strong>: la falta d\u2019inter\u00e8s o de desig sexual ha estat sempre present, des de l\u2019inici de l\u2019activitat sexual. \u00c9s estrany, no obstant, que existeixin casos de desig sexual inhibit primari, i que la persona no hagi manifestat mai inter\u00e8s en temes sexuals.<\/p>\n\n\n\n<p><strong>Desig sexual inhibit secundari<\/strong>: la manca d\u2019inter\u00e8s sexual apareix despr\u00e9s d\u2019un periode en el qual el desig sexual estava present. En aquests casos, l\u2019origen de la disfunci\u00f3 es pot identificar en un moment determinat, i pot ser que la disminuci\u00f3 del desig sexual estigui provocat per la pres\u00e8ncia d\u2019altres problemes sexuals (p.ex., dificultats d\u2019excitaci\u00f3, problemes para aconseguir l\u2019orgasme?).<\/p>\n\n\n\n<h2 class=\"wp-block-heading\">El context:<\/h2>\n\n\n\n<p><strong>Desig sexual inhibit general<\/strong>: la persona pateix una falta d\u2019inter\u00e8s sexual global, de manera que no es limita a una persona en concret, o a certes classes d\u2019estimulaci\u00f3 o situacions.<\/p>\n\n\n\n<p><strong>Desig sexual inhibit situacional<\/strong>: hi ha una manca d\u2019inter\u00e8s i de desig sexual cap a una parella en concret, o cap a determinades classes d\u2019estimulaci\u00f3 o situacions, mentre que s\u00ed se sent inter\u00e8s sexual cap a d\u2019altres persones o en d\u2019altres contextos.<\/p>\n\n\n\n<h2 class=\"wp-block-heading\">Les causes:<\/h2>\n\n\n\n<p><strong>Desig sexual inhibit degut a factors org\u00e0nics<\/strong><\/p>\n\n\n\n<p><strong>Desig sexual inhibit degut a factors psicol\u00f2gics<\/strong><\/p>\n\n\n\n<p><strong>Desig sexual inhibit degut a factors combinats<\/strong><\/p>\n\n\n\n<h2 class=\"wp-block-heading\">Reaccions<\/h2>\n\n\n\n<p>Les persones amb desig sexual inhibit, poden reaccionar o comportar-se de diferents formes davant la seva dificultat:<\/p>\n\n\n\n<p>En determinats casos, hi ha persones que, tot i tenir poc o cap inter\u00e9s pel sexe, responen als acostaments i est\u00edmuls de la parella o company\/a, i poden experimentar excitaci\u00f3 i orgasme.<\/p>\n\n\n\n<p>D\u2019altra banda, hi ha persones que es poden oferir o fins i tot incitar i estimular la seva parella per mantener relacions sexuals, tot i que no en puguin gaudir ni sentir cap tipus d\u2019atracci\u00f3. Tanmateix, altres aspectes com el plaer que poden observar en la parella, la intimitat i el contacte poden complaure\u2019l.<\/p>\n\n\n\n<p>Tamb\u00e9, hi ha persones que s\u2019ofereixen i acepten el contacte sexual, amb l\u2019objetiu de no perdre la seva parella. Aquests casos es donen sobretot entre les dones, que acostumen a rec\u00f3rrer a la distracci\u00f3 i intenten que l\u2019home ejaculi d\u2019una forma r\u00e0pida per finalitzar l\u2019acte sexual.<\/p>\n\n\n\n<p>En d\u2019altres casos, podem trobar persones amb un desinter\u00e9s total per iniciar una activitat sexual; en aquests casos solen presentar un rebuig cap a tota forma d\u2019acostament, i intenten evitar les relacions per qualsevol mitj\u00e0. Aquesta situaci\u00f3 acostuma a portar conflictes i problemes amb la parella.<\/p>\n\n\n\n<h2 class=\"wp-block-heading\">Reaccions de la parella<\/h2>\n\n\n\n<p>Les reaccions de la parella o company\/a de la persona que presenta desig sexual inhibit, poden ser diferents, per exemple:<\/p>\n\n\n\n<p>En alguns casos, poden interpretar el desinter\u00e8s com un rebuig personal.<\/p>\n\n\n\n<p>D\u2019altra banda i sobretot si \u00e9s la dona la que presenta aquesta disfunci\u00f3, l\u2019home pot interpretar-ho com una reacci\u00f3 normal, donat que certes creencies de tipus cultural li fan pensar que la dona no necessita la sexualitat.<\/p>\n\n\n\n<p>Afortunadament, cada vegada m\u00e9s sovint, hi ha m\u00e9s casos en que s\u2019enten el desig sexual inhibit com un problema, cosa que facilita que es busqui ajuda professional.<\/p>\n\n\n\n<p><em><strong>Epidemiologia<\/strong><\/em><\/p>\n\n\n\n<p>El desig sexual inhibit o apatia sexual \u00e9s&nbsp;<strong>un dels trastorns sexuales<\/strong>&nbsp;<strong>m\u00e9s frequents en les dones<\/strong>, es tracta d\u2019una de les principals raons per les quals acostumen a solicitar ajuda professional.<\/p>\n\n\n\n<p>En el cas dels homes, \u00e9s un trastorn molt menys freq\u00fcent.<\/p>\n\n\n\n<p>Cal destacar que el m\u00e9s freq\u00fcent \u00e9s trobar la variant de desig sexual inhibit secundari.<\/p>\n\n\n\n<h2 class=\"wp-block-heading\">Causes<\/h2>\n\n\n\n<p>Algunes de les causes que poden portar a la p\u00e8rdua o disminuci\u00f3 del desig sexual s\u00f3n:<\/p>\n\n\n\n<p><strong>Causes org\u00e0niques<\/strong>: algunes malalties i certes subst\u00e0ncies o medicaments poden contribuir a aquesta disfunci\u00f3, en particular quan provoquen cansament, dolor o sensaci\u00f3 general de malestar. Podem destacar algunes malalties com:<\/p>\n\n\n\n<p><strong>Trastorns endocrins<\/strong>&nbsp;(manca de certes hormones o canvis hormonals)<\/p>\n\n\n\n<p><strong>Insufici\u00e8ncia renal<\/strong><\/p>\n\n\n\n<p><strong>Diabetis\u2026<\/strong><\/p>\n\n\n\n<p>El consum de certes subst\u00e0ncies i medicaments com:<\/p>\n\n\n\n<p><strong>F\u00e0rmacs antihipertensius<\/strong><\/p>\n\n\n\n<p><strong>Antidepressius<\/strong><\/p>\n\n\n\n<p><strong>Alcohol<\/strong>&nbsp;<strong>Opiacis\u2026<\/strong><\/p>\n\n\n\n<p><strong>Causes psicol\u00f2giques o psicosocials&nbsp;<\/strong>s\u00f3n les m\u00e9s frequents en aquest tipus de disfunci\u00f3 sexual; entre aquestes destaquen:<\/p>\n\n\n\n<p><strong>Els estats depressius o depressi\u00f3.<\/strong><\/p>\n\n\n\n<p><strong>El baix nivell d\u2019autoestima.<\/strong><\/p>\n\n\n\n<p><strong>Un concepte pobre de la imatge corporal.<\/strong><\/p>\n\n\n\n<p><strong>Una educaci\u00f3 sexual molt estricta durant la infantesa.<\/strong><\/p>\n\n\n\n<p><strong>Experi\u00e8ncies sexuals traum\u00e0tiques (p.ex., violaci\u00f3, abusos sexuals\u2026).<\/strong><\/p>\n\n\n\n<p><strong>Estr\u00e9s excessiu.&nbsp;<\/strong><strong>Insomni o manca de son que poden causar cansament.<\/strong><\/p>\n\n\n\n<p><strong>L\u2019ansietat: \u00e9s una de les principals causes d\u2019aquesta disfunci\u00f3, ja sigui en forma de por a les relacions sexuals, por a la p\u00e8rdua d\u2019intimitat, o qualsevol altra classe d\u2019ansietat associada a les conductes sexuals.<\/strong><\/p>\n\n\n\n<p>D\u2019altra banda \u00e9s possible que el desinter\u00e8s sexual sigui causa de&nbsp;<strong>problemes en la relaci\u00f3 de parella<\/strong>, com:<\/p>\n\n\n\n<p><strong>Problemes de comunicaci\u00f3<\/strong><\/p>\n\n\n\n<p><strong>Manca d\u2019afecte<\/strong><\/p>\n\n\n\n<p><strong>Conflictes de poder<\/strong><\/p>\n\n\n\n<p><strong>Manca de temps perque la parella pugui estar a soles\u2026<\/strong><\/p>\n\n\n\n<p>Cal destacar que l\u2019<strong>avorriment sexual<\/strong>&nbsp;pot facilitar el desinter\u00e8s en el sexe, ja que la rutina i la repetici\u00f3 en les conductes i h\u00e0bits sexuals poden provocar cansament, desgana i tedi.<\/p>\n\n\n\n<p>En ocasions, aquesta disfunci\u00f3&nbsp;<strong>es relaciona amb d\u2019altres problemes sexuals<\/strong>, i en algunes ocasions, \u00e9s conseq\u00fc\u00e8ncia d\u2019aquests. Per exemple, una dona amb problemes d\u2019anorgasmia, o que presenta dolor en les relacions, o l\u2019home que t\u00e9 dificultats d\u2019erecci\u00f3 (impot\u00e8ncia) o ejaculaci\u00f3 retardada, poden perdre inter\u00e8s pel sexe, perque l\u2019associen al frac\u00e0s o no els fa sentir b\u00e9.<\/p>\n\n\n\n<h2 class=\"wp-block-heading\">Avaluaci\u00f3<\/h2>\n\n\n\n<p>El proc\u00e9s d\u2019avaluaci\u00f3 ha de tenir en compte tots aquells aspectes que poden influir en el problema; aix\u00ed, el nombre de vegades que una persona t\u00e9 relacions sexuals, no pot ser l\u2019\u00fanic \u00edndex que determini l\u2019exist\u00e8ncia de la disfunci\u00f3.<\/p>\n\n\n\n<p>Factors com l\u2019edat, el sexe, o el context en la vida de la persona, s\u2019han de valorar en l\u2019avaluaci\u00f3, ja que poden afectar la vida sexual.<\/p>\n\n\n\n<h2 class=\"wp-block-heading\">Intervenci\u00f3<\/h2>\n\n\n\n<p><strong>L\u2019objetiu principal de la intervenci\u00f3 \u00e9s valorar aquells factors o aspectes que poden afectar i reducir l\u2019inter\u00e8s sexual.<\/strong><\/p>\n\n\n\n<p><strong>Ter\u00e0pia Sexual.<br><\/strong><strong>Psicoter\u00e0pia.<br>Ter\u00e0pia Cognitivo Conductual.&nbsp;<\/strong><\/p>\n","protected":false},"excerpt":{"rendered":"<p>Inapet\u00e8ncia sexual. Apatia Sexual. Manca de desig El&nbsp;desig sexual inhibit, inapetencia sexual, manca de desig,&nbsp;apatia sexual&nbsp;\u00e9s una disfunci\u00f3 sexual caracteritzada per: La manca d\u2019inter\u00e8s en aspectes relacionats amb el sexe i per no dur a terme conductes sexuals,&nbsp;de manera que la persona ni se sent atreta pel sexe ni per les possibles relacions sexuals. Aquest &#8230; <a title=\"Desig Sexual Inhibit\" class=\"read-more\" href=\"https:\/\/gadex.es\/ca\/tractaments-psicologics\/sexologia-clinica\/desig-sexual-inhibit\/\" aria-label=\"M\u00e9s informaci\u00f3 sobre Desig Sexual Inhibit\">Read More<\/a><\/p>\n","protected":false},"author":1,"featured_media":0,"parent":8277,"menu_order":1,"comment_status":"closed","ping_status":"closed","template":"","meta":{"footnotes":""},"class_list":["post-8290","page","type-page","status-publish"],"_links":{"self":[{"href":"https:\/\/gadex.es\/ca\/wp-json\/wp\/v2\/pages\/8290","targetHints":{"allow":["GET"]}}],"collection":[{"href":"https:\/\/gadex.es\/ca\/wp-json\/wp\/v2\/pages"}],"about":[{"href":"https:\/\/gadex.es\/ca\/wp-json\/wp\/v2\/types\/page"}],"author":[{"embeddable":true,"href":"https:\/\/gadex.es\/ca\/wp-json\/wp\/v2\/users\/1"}],"replies":[{"embeddable":true,"href":"https:\/\/gadex.es\/ca\/wp-json\/wp\/v2\/comments?post=8290"}],"version-history":[{"count":1,"href":"https:\/\/gadex.es\/ca\/wp-json\/wp\/v2\/pages\/8290\/revisions"}],"predecessor-version":[{"id":8292,"href":"https:\/\/gadex.es\/ca\/wp-json\/wp\/v2\/pages\/8290\/revisions\/8292"}],"up":[{"embeddable":true,"href":"https:\/\/gadex.es\/ca\/wp-json\/wp\/v2\/pages\/8277"}],"wp:attachment":[{"href":"https:\/\/gadex.es\/ca\/wp-json\/wp\/v2\/media?parent=8290"}],"curies":[{"name":"wp","href":"https:\/\/api.w.org\/{rel}","templated":true}]}}