{"id":8294,"date":"2025-04-04T21:37:04","date_gmt":"2025-04-04T19:37:04","guid":{"rendered":"https:\/\/gadex.es\/?page_id=8294"},"modified":"2025-05-01T18:08:02","modified_gmt":"2025-05-01T16:08:02","slug":"anorgasmia","status":"publish","type":"page","link":"https:\/\/gadex.es\/ca\/tractaments-psicologics\/sexologia-clinica\/anorgasmia\/","title":{"rendered":"Anorg\u00e0smia"},"content":{"rendered":"\n<h2 class=\"wp-block-heading\">TRASTORN DE L\u2019ORGASME<\/h2>\n\n\n\n<p><strong>El trastorn de l\u2019orgasme o anorg\u00e0smia \u00e9s l\u2019abs\u00e8ncia o inhibici\u00f3&nbsp; i quan aquesta dificultat es presenta de forma persistent o recurrent despr\u00e9s d\u2019una fase d\u2019excitaci\u00f3 normal.<\/strong><\/p>\n\n\n\n<p>L\u2019anorg\u00e0smia \u00e9s la dificultat per assolir l\u2019orgasme tot i que s\u2019estigui rebent l\u2019estimulaci\u00f3 adequada, o existeixi un gran desig sexual i\/o les condicions medioambientals siguin les apropiades.<\/p>\n\n\n\n<p>Segons el manual DMS IV, el trastorn de l\u2019orgasme \u00e9s l\u2019abs\u00e8ncia o retard persistent o recurrent&nbsp; despr\u00e9s d\u2019una fase d\u2019excitaci\u00f3 normal (tant pel que fa la durada com a intensitat).<\/p>\n\n\n\n<p>Per al seu diagn\u00f2stic hem de tenir presents diversos factors como l\u2019edat, l\u2019experi\u00e8ncia sexual i la intensitat i la durada de l\u2019estimulaci\u00f3 er\u00f2tica rebuda.<\/p>\n\n\n\n<p>Les dones presenten una \u00e0mplia variabilitat en el tipus i la intensitat d\u2019estimulaci\u00f3 que permet assolir la resposta org\u00e0smica.<\/p>\n\n\n\n<p>El trastorn pot ser&nbsp;<strong>primari<\/strong>&nbsp;quan la persona mai ha assolit&nbsp; l\u2019orgasme, o&nbsp;<strong>secundari<\/strong>&nbsp;cuando aquest apareix despr\u00e9s d\u2019un per\u00edode de resposta normal.<\/p>\n\n\n\n<p>Quan no s\u2019aconsegueix assolir l\u2019orgasme en determinades situacions o condicions parlem d\u2019<strong>anorg\u00e0smia situacional<\/strong>&nbsp;(com per exemple assolir o no segons la parella, o segons el m\u00e8tode d\u2019estimulaci\u00f3 utilizat)<\/p>\n\n\n\n<p>Un tipus d\u2019anorg\u00e0smia situacional molt freq\u00fcent \u00e9s&nbsp;<strong>l\u2019anorg\u00e0smia coital<\/strong>, en qu\u00e8 resulta impossible&nbsp; experiment\u00e0 l\u2019orgasme durant el co\u00eft, per\u00f2 s\u2019aconsegueix amb altres tipus d\u2019activitat sexual (car\u00edcies, estimulaci\u00f3 directa del cl\u00edtoris, masturbaci\u00f3, etc.).<\/p>\n\n\n\n<p>Quan la dona apren a assolir l\u2019orgasme, generalment no perd aquesta capacitat a no ser que existeixi una pobra comunicaci\u00f3 sexual, un conflicte en la relaci\u00f3, una experi\u00e8ncia traum\u00e0tica, una alteraci\u00f3 de l\u2019\u00e0nim o un trastorn f\u00edsic.<\/p>\n\n\n\n<h2 class=\"wp-block-heading\">Trastorn de l\u2019orgasme femen\u00ed<\/h2>\n\n\n\n<p>L\u2019orgasme femen\u00ed \u00e9s la culminaci\u00f3 reflexa de l\u2019excitaci\u00f3, manifestada per contraccions r\u00edtmiques de la paret vaginal i la desc\u00e0rrega de la tensi\u00f3 muscular acompanyada de nivells variables de plaer.<\/p>\n\n\n\n<p><strong>Assolir-lo regularment s\u2019associa a una elevada autoestima, autoconfian\u00e7a i desig d\u2019augmentar l\u2019activitat sexual.<\/strong><\/p>\n\n\n\n<p>Existeixen grans difer\u00e8ncies individuals en la resposta femenina. S\u2019han descrit diferents estadis (Kaplan) en els quals, en un extrem trobar\u00edem dones que poden arribar a l\u2019orgasme nom\u00e9s amb les seves fantasies er\u00f2tiques i en l\u2019altre extrem estarien les dones que nom\u00e9s l\u2019assoleixen mitjan\u00e7ant estimulaci\u00f3 cont\u00ednua i intensa.<br>La majoria de les dones es troben en un punt intermig d\u2019aquestes fases, arribant a l\u2019orgasme a trav\u00e9s de l\u2019estimulaci\u00f3 directa del cl\u00edtoris, o indirecta a trav\u00e9s del co\u00eft.<\/p>\n\n\n\n<p>L\u2019exist\u00e8ncia d\u2019una dificultat en la capacitat d\u2019assolir l\u2019orgasme en la dona pot&nbsp;<strong>alterar la autoimatge corporal, l\u2019autoestima i la satisfacci\u00f3 en les relacions<\/strong>.<\/p>\n\n\n\n<p>Actualment la dona reivindica el seu paper actiu en la sexualitat, la seva necessitat, i el seu dret al plaer sexual, facilitant que cada vegada \u00e9s consulti i es tracti m\u00e9s per aquest motiu.<\/p>\n\n\n\n<p>Les dades epidemiol\u00f2giques en la poblaci\u00f3 general indiquen que entre un 16%-30% de les dones pateixen aquest trastorn.<\/p>\n\n\n\n<p>Un 50% de les dones de la poblaci\u00f3 general \u00e9s incapa\u00e7 d\u2019experimentar un orgasme a trav\u00e9s de l\u2019estimulaci\u00f3 coital; en canvi, la majoria de les dones poden arribar a l\u2019orgasme amb l\u2019estimulaci\u00f3.<\/p>\n\n\n\n<p>Quan una dona respon a l\u2019estimulaci\u00f3 del cl\u00edtoris no coital pero no es capa\u00e7 de assolir l\u2019orgasme durant el co\u00eft requereix una exploraci\u00f3 sexol\u00f2gica, per valorar si la incapacitat per l\u2019orgasme coital \u00e9s una variaci\u00f3 normal de la resposta o si \u00e9s deguda a una psicopatologia individual o interpersonal.<\/p>\n\n\n\n<h2 class=\"wp-block-heading\">Qu\u00e8 provoca l\u2019anorg\u00e0smia femenina?<\/h2>\n\n\n\n<p>L\u2019orgasme femen\u00ed \u00e9s un proc\u00e9s complexe que cont\u00e9 components biol\u00f2gics, psicol\u00f2gics i socials.&nbsp;<strong>La seva disfunci\u00f3 es relaciona amb el desconeixement de la pr\u00f2pia anatomia i la funci\u00f3 genital, en particular, del cl\u00edtoris i de la efic\u00e0cia de l\u2019estimulaci\u00f3.<\/strong>&nbsp;&nbsp;<\/p>\n\n\n\n<p><strong>Les principals causes d\u2019anorg\u00e0smia s\u00f3n de naturalesa psic\u00f2gena<\/strong><\/p>\n\n\n\n<p>Alguns de els&nbsp; motius que la provoquen s\u00f3n:<\/p>\n\n\n\n<p>Causes conductuals: l\u2019estimulaci\u00f3 insuficient del cl\u00edtoris (respecte a l\u2019umbral org\u00e0smic de cada dona)<\/p>\n\n\n\n<p><strong>Entre les causes psicol\u00f2giques, els factors m\u00e9s freq\u00fcents s\u00f3n:<\/strong><\/p>\n\n\n\n<p>L\u2019autovigil\u00e0ncia durant la relaci\u00f3 sexual<\/p>\n\n\n\n<p>L\u2019ansietat associada a l\u2019expectativa de l\u2019orgasme i l\u2019intent de controlar-lo.<\/p>\n\n\n\n<p>Sentiments de culpabilitat (cre\u00e8ncies err\u00f2nies sobre el dret d\u2019experimentar plaer)<\/p>\n\n\n\n<p>Dubtes sobre els sentiments cap a la parella.<\/p>\n\n\n\n<p>Baixa autoestima o mala imatge d\u2019aquesta.<\/p>\n\n\n\n<p>Altres causes: succ\u00e9s traum\u00e0tic (abusos sexuales, violaci\u00f3), trastorns de l\u2019estat d\u2019\u00e0nim o una patologia m\u00e8dica.<\/p>\n\n\n\n<p>Existeixen causes fisiol\u00f2giques com s\u00f3n els canvis hormonals que es produeixen durant l\u2019embar\u00e0s, el climateri o la vellesa.<\/p>\n\n\n\n<p>Pot existir anorg\u00e0smia indu\u00efda per subst\u00e0ncies o f\u00e0rmacs (com les benzodiacepines, antidepressius i antihipertensius)<\/p>\n\n\n\n<h2 class=\"wp-block-heading\">Tractament:<\/h2>\n\n\n\n<ul class=\"wp-block-list\">\n<li><strong>Ter\u00e0pia sexual<\/strong><\/li>\n\n\n\n<li><strong>Psicoter\u00e0pia (conductual, anal\u00edtica)<\/strong>\u00a0<strong>\u00a0\u00a0\u00a0\u00a0\u00a0\u00a0\u00a0\u00a0\u00a0\u00a0\u00a0<\/strong><\/li>\n\n\n\n<li><strong>Reestructuraci\u00f3 cognitiva. Identificar, analitzar i modificar les interpretacions o pensaments erronis.<\/strong><\/li>\n<\/ul>\n","protected":false},"excerpt":{"rendered":"<p>TRASTORN DE L\u2019ORGASME El trastorn de l\u2019orgasme o anorg\u00e0smia \u00e9s l\u2019abs\u00e8ncia o inhibici\u00f3&nbsp; i quan aquesta dificultat es presenta de forma persistent o recurrent despr\u00e9s d\u2019una fase d\u2019excitaci\u00f3 normal. L\u2019anorg\u00e0smia \u00e9s la dificultat per assolir l\u2019orgasme tot i que s\u2019estigui rebent l\u2019estimulaci\u00f3 adequada, o existeixi un gran desig sexual i\/o les condicions medioambientals siguin les &#8230; <a title=\"Anorg\u00e0smia\" class=\"read-more\" href=\"https:\/\/gadex.es\/ca\/tractaments-psicologics\/sexologia-clinica\/anorgasmia\/\" aria-label=\"M\u00e9s informaci\u00f3 sobre Anorg\u00e0smia\">Read More<\/a><\/p>\n","protected":false},"author":1,"featured_media":0,"parent":8277,"menu_order":4,"comment_status":"closed","ping_status":"closed","template":"","meta":{"footnotes":""},"class_list":["post-8294","page","type-page","status-publish"],"_links":{"self":[{"href":"https:\/\/gadex.es\/ca\/wp-json\/wp\/v2\/pages\/8294","targetHints":{"allow":["GET"]}}],"collection":[{"href":"https:\/\/gadex.es\/ca\/wp-json\/wp\/v2\/pages"}],"about":[{"href":"https:\/\/gadex.es\/ca\/wp-json\/wp\/v2\/types\/page"}],"author":[{"embeddable":true,"href":"https:\/\/gadex.es\/ca\/wp-json\/wp\/v2\/users\/1"}],"replies":[{"embeddable":true,"href":"https:\/\/gadex.es\/ca\/wp-json\/wp\/v2\/comments?post=8294"}],"version-history":[{"count":1,"href":"https:\/\/gadex.es\/ca\/wp-json\/wp\/v2\/pages\/8294\/revisions"}],"predecessor-version":[{"id":8296,"href":"https:\/\/gadex.es\/ca\/wp-json\/wp\/v2\/pages\/8294\/revisions\/8296"}],"up":[{"embeddable":true,"href":"https:\/\/gadex.es\/ca\/wp-json\/wp\/v2\/pages\/8277"}],"wp:attachment":[{"href":"https:\/\/gadex.es\/ca\/wp-json\/wp\/v2\/media?parent=8294"}],"curies":[{"name":"wp","href":"https:\/\/api.w.org\/{rel}","templated":true}]}}