{"id":8295,"date":"2025-04-04T21:57:21","date_gmt":"2025-04-04T19:57:21","guid":{"rendered":"https:\/\/gadex.es\/?page_id=8295"},"modified":"2025-12-16T16:47:32","modified_gmt":"2025-12-16T15:47:32","slug":"vaginisme","status":"publish","type":"page","link":"https:\/\/gadex.es\/ca\/tractaments-psicologics\/sexologia-clinica\/vaginisme\/","title":{"rendered":"Vaginisme"},"content":{"rendered":"\n<h2 class=\"wp-block-heading\">Qu\u00e8 \u00e9s el vaginisme?<\/h2>\n\n\n\n<p><strong>El vaginisme es produeix per la contracci\u00f3 involunt\u00e0ria de la musculatura del ter\u00e7 exterior de la vagina, impedint la penetraci\u00f3.<\/strong><\/p>\n\n\n\n<p><strong>Acostuma a ser com a conseq\u00fc\u00e8ncia d\u2019una por irracional a la penetraci\u00f3.<\/strong><\/p>\n\n\n\n<p>Es caracteritza per l\u2019aparici\u00f3 persistent d\u2019espasmes involuntaris de la musculatura del ter\u00e7 extern vaginal davant de la introducci\u00f3 del penis o dels dits, i tamb\u00e9 davant d\u2019altres est\u00edmuls no sexuals com els tampons vaginals o l\u2019exploraci\u00f3 ginecol\u00f2gica.<\/p>\n\n\n\n<p>Les dones, durant la relaci\u00f3 sexual, relaxen la musculatura que envolta l\u2019entrada de la vagina per a facilitar la penetraci\u00f3; quan existeix una contracci\u00f3 autom\u00e0tica d\u2019aquesta musculatura s\u2019imposibilita l\u2019entrada del penis. A aquesta reacci\u00f3 se le denomina vaginisme.<\/p>\n\n\n\n<p>La dificultat en conseguir una penetraci\u00f3 normal es deu a que la vagina es contrau de forma involunt\u00e0ria. A difer\u00e8ncia de la dispar\u00e8unia, els espasmes involuntaris no causen dolor en ells mateixos, sin\u00f3 que \u00fanicament dificulten l\u2019entrada del penis.<\/p>\n\n\n\n<p><strong>El vaginisme s\u2019associa amb d\u2019altres elements de tipus f\u00f2bic, a una por irracional a la penetraci\u00f3, aix\u00f2 fa que pugui extendre\u2019s a altres conductes sexuals.<\/strong>&nbsp;En algunes dones, nom\u00e9s amb imaginar la possibilitat de la penetraci\u00f3 vaginal es pot producir un espasme muscular.<\/p>\n\n\n\n<p>Quan es pateix aquest trastorn, l\u2019activitat sexual queda limitada perque generalment l\u2019espasme sexual impedeix el co\u00eft. Com a conseq\u00fc\u00e8ncia, hi pot haver un deteriorament en les relacions de parella (tot i que, tant el desig, com el plaer i la capacitat org\u00e0smica poden no trobar-se afectats).<\/p>\n\n\n\n<p>L\u2019exist\u00e8ncia de vaginisme no pressuposa abs\u00e8ncia d\u2019excitaci\u00f3. Sovint, en els casos&nbsp;m\u00e9s lleus, la conducta sexual \u00e9s satisfact\u00f2ria mitjan\u00e7ant alternatives sexuals a la penetraci\u00f3.<\/p>\n\n\n\n<p><strong>El vaginisme es classifica segons la seva intensitat<\/strong>.<\/p>\n\n\n\n<p>La contracci\u00f3 pot anar des d\u2019una lleugera mol\u00e8stia a una contracci\u00f3 tan&nbsp; intensa que impedeixi la penetraci\u00f3. De vegadess, n\u00f3m\u00e9s es produeix durant l\u2019activitat sexual i no davant d\u2019altres est\u00edmuls sexuals.<\/p>\n\n\n\n<h2 class=\"wp-block-heading\">Qui el pateix?<\/h2>\n\n\n\n<p><strong>El vaginisme afecta el 8% de les dones<\/strong>. El dolor apareix quan s\u2019intenta practicar el co\u00eft. Normalmente la recerca d\u2019ajuda professional es produeix quan ha passat for\u00e7a temps despr\u00e9s de l\u2019aparici\u00f3 del problema, o en el moment en qu\u00e8 la parella es planteja tenir fills. Fins aleshores, la parella ha anat duent a terme altres activitats sexuals no co\u00eftals.<\/p>\n\n\n\n<p>\u00c9s freq\u00fcent que la vergonya o la por a patir una malformaci\u00f3 siguin els motius pels quals no es consulti abans. \u00c9s un trastorn que es produeix amb m\u00e9s freq\u00fc\u00e8ncia en dones joves, amb una actitut negativa davant del sexe i en dones que han patit algun trauma o abusos sexuals.<\/p>\n\n\n\n<p>El vaginisme primari \u00e9s el m\u00e9s freq\u00fcent i t\u00e9 un brusc inici que es manifesta durant els primers intents de penetraci\u00f3 o durant l\u2019exploraci\u00f3 ginecol\u00f2gica. El seu proc\u00e9s sol ser cr\u00f2nic. En canvi, l\u2019adquirit o secundari acostuma a apar\u00e8ixer despr\u00e9s d\u2019un trauma sexual.<\/p>\n\n\n\n<h2 class=\"wp-block-heading\">Causes<\/h2>\n\n\n\n<p>Existeixen m\u00faltiples factors que poden contribuir al desenvolupament del vaginisme. Poden ser f\u00edsics, psicol\u00f2gics o ambd\u00f3s, i el tractament necessari depen del motiu que en causi l\u2019aparici\u00f3. Com que cada cas \u00e9s diferent, \u00e9s convenient que la ter\u00e0pia sigui individualitzada, tanmateix, en la majoria dels casos el trastorn \u00e9s degut a factors psicol\u00f2gics.<\/p>\n\n\n\n<p><strong>Possibles causes org\u00e0niques:&nbsp;<\/strong>Vaginitis, himen r\u00edgid, endometriosi, inflamaci\u00f3 de la pelvis, estenosi de la vagina, quistes o adher\u00e8ncies cicatritzades, tumors p\u00e8lvics i hemorroide.<\/p>\n\n\n\n<p><strong>Els factors psicol\u00f2gics associats al vaginisme s\u00f3n:<\/strong><\/p>\n\n\n\n<p>Una educaci\u00f3 r\u00edgida i culpabilitzadora&nbsp; pot transmetre idees err\u00f2nies al voltant de la sexualitat.<\/p>\n\n\n\n<p>Por al frac\u00e0s, a&nbsp;l\u2019embar\u00e0s, o a perdre la virginitat.<\/p>\n\n\n\n<p>Factors traum\u00e0tics, como una&nbsp;&nbsp;experi\u00e8ncia sexual violenta.<\/p>\n\n\n\n<p>Factors relacionals, com els conflictes&nbsp;&nbsp;conjugals.<\/p>\n\n\n\n<p>Estimulaci\u00f3 inadecuada durant l\u2019activitat sexual, o un co\u00efto&nbsp;&nbsp;sense pre\u00e0mbuls.<\/p>\n\n\n\n<p>Factors psicol\u00f2gics, como ansietat,&nbsp;&nbsp;depressi\u00f3, baixa autoestima\u2026<\/p>\n\n\n\n<p>Altres factors, com els resultats d\u2019una&nbsp; intervenci\u00f3 m\u00e8dico-quir\u00fargica o complicacions posteriors a una lesi\u00f3&nbsp;&nbsp;&nbsp; org\u00e0nica.<\/p>\n\n\n\n<h2 class=\"wp-block-heading\">Intervenci\u00f3<\/h2>\n\n\n\n<p>El tractament del vaginisme anir\u00e0 dirigit a conseguir que la dona aprengui a relaxar-se i a relaxar els m\u00fasculs de la vagina, aix\u00ed com a superar les seves pors irracionals relacionades amb la penetraci\u00f3.<\/p>\n\n\n\n<p><strong>Ter\u00e0pia sexual<\/strong><\/p>\n\n\n\n<p><strong>Ter\u00e0pia de parella<\/strong><\/p>\n\n\n\n<p><strong>Psicoter\u00e0pia<\/strong><\/p>\n\n\n\n<h2 class=\"wp-block-heading\"><strong>Recomenacions generals<\/strong><\/h2>\n\n\n\n<p><strong>L\u2019exploraci\u00f3 ginecol\u00f2gica \u00e9s necess\u00e0ria per al diagn\u00f2stic, per confirmar l\u2019exist\u00e8ncia de l\u2019espasme i descartar qualsevol causa org\u00e0nica<\/strong>.<\/p>\n\n\n\n<p>\u00c9s important coneixer l\u2019etiologia de la conducta f\u00f2bica a la penetraci\u00f3.<\/p>\n\n\n\n<p>Pactar amb la parella objectius per afavorir el nivell de comprom\u00eds i la motivaci\u00f3 pel que fa al tractament. Evitar el co\u00efto fins que tots dos estiguin en condicions de intentar-lo amb \u00e8xit.<\/p>\n\n\n\n<p>Realitzar auto-observaci\u00f3 i auto-exploraci\u00f3 dels propis genitals. Familiaritzar-se amb els genitals d\u2019una manera visual amb l\u2019ajuda d\u2019un mirall i de forma t\u00e0ctil.<\/p>\n\n\n\n<p>L\u2019\u00e8xit terap\u00e8utic \u00e9s d\u2019un 90%. Una vegada superat, no hi ha recaigudes. El fet que es produeixin mol\u00e8sties en el primer moment del co\u00eft \u00e9s una situaci\u00f3 normal i no implica recaigudes<\/p>\n","protected":false},"excerpt":{"rendered":"<p>Qu\u00e8 \u00e9s el vaginisme? El vaginisme es produeix per la contracci\u00f3 involunt\u00e0ria de la musculatura del ter\u00e7 exterior de la vagina, impedint la penetraci\u00f3. Acostuma a ser com a conseq\u00fc\u00e8ncia d\u2019una por irracional a la penetraci\u00f3. Es caracteritza per l\u2019aparici\u00f3 persistent d\u2019espasmes involuntaris de la musculatura del ter\u00e7 extern vaginal davant de la introducci\u00f3 del &#8230; <a title=\"Vaginisme\" class=\"read-more\" href=\"https:\/\/gadex.es\/ca\/tractaments-psicologics\/sexologia-clinica\/vaginisme\/\" aria-label=\"M\u00e9s informaci\u00f3 sobre Vaginisme\">Read More<\/a><\/p>\n","protected":false},"author":1,"featured_media":0,"parent":8277,"menu_order":5,"comment_status":"closed","ping_status":"closed","template":"","meta":{"footnotes":""},"class_list":["post-8295","page","type-page","status-publish"],"_links":{"self":[{"href":"https:\/\/gadex.es\/ca\/wp-json\/wp\/v2\/pages\/8295","targetHints":{"allow":["GET"]}}],"collection":[{"href":"https:\/\/gadex.es\/ca\/wp-json\/wp\/v2\/pages"}],"about":[{"href":"https:\/\/gadex.es\/ca\/wp-json\/wp\/v2\/types\/page"}],"author":[{"embeddable":true,"href":"https:\/\/gadex.es\/ca\/wp-json\/wp\/v2\/users\/1"}],"replies":[{"embeddable":true,"href":"https:\/\/gadex.es\/ca\/wp-json\/wp\/v2\/comments?post=8295"}],"version-history":[{"count":1,"href":"https:\/\/gadex.es\/ca\/wp-json\/wp\/v2\/pages\/8295\/revisions"}],"predecessor-version":[{"id":8297,"href":"https:\/\/gadex.es\/ca\/wp-json\/wp\/v2\/pages\/8295\/revisions\/8297"}],"up":[{"embeddable":true,"href":"https:\/\/gadex.es\/ca\/wp-json\/wp\/v2\/pages\/8277"}],"wp:attachment":[{"href":"https:\/\/gadex.es\/ca\/wp-json\/wp\/v2\/media?parent=8295"}],"curies":[{"name":"wp","href":"https:\/\/api.w.org\/{rel}","templated":true}]}}