{"id":8298,"date":"2025-04-04T21:51:39","date_gmt":"2025-04-04T19:51:39","guid":{"rendered":"https:\/\/gadex.es\/?page_id=8298"},"modified":"2025-06-17T17:12:01","modified_gmt":"2025-06-17T15:12:01","slug":"ejaculacio-precoc","status":"publish","type":"page","link":"https:\/\/gadex.es\/ca\/tractaments-psicologics\/sexologia-clinica\/ejaculacio-precoc\/","title":{"rendered":"Ejaculaci\u00f3 preco\u00e7"},"content":{"rendered":"\n<p>L\u2019<strong>Ejaculaci\u00f3 preco\u00e7<\/strong>&nbsp;es produeix en aquells casos en que l\u2019home ejacula avans del que seria desitjat, \u00e9s a dir, que no pot controlar&nbsp;<strong>el reflex ejaculatori<\/strong>&nbsp;cosa que li impedeix poder tenir control sobre la seva&nbsp;<strong>ejaculaci\u00f3<\/strong>.<\/p>\n\n\n\n<p>Aquest problema afecta un 30% de la poblaci\u00f3 masculina, percentatge que pot variar depenen del pais que s\u2019estigui estudiant.<\/p>\n\n\n\n<p>La realitat \u00e9s que, l\u2019<strong>ejaculaci\u00f3 preco\u00e7<\/strong>&nbsp;afecta a un gran percentatge dels homes causant&nbsp;<strong>frustraci\u00f3, decepci\u00f3, rebuig i pors<\/strong>.<\/p>\n\n\n\n<h2 class=\"wp-block-heading\">Classificaci\u00f3<\/h2>\n\n\n\n<p><strong>L\u2019ejaculaci\u00f3 preco\u00e7 prim\u00e0ria<\/strong>&nbsp;es refereix a aquella que ha existit sempre, \u00e9s a dir, l\u2019individu mai ha pogut controlar l\u2019ejaculaci\u00f3.<\/p>\n\n\n\n<p><strong>L\u2019ejaculaci\u00f3 preco\u00e7 secund\u00e0ria<\/strong>&nbsp;\u00e9s aquella que apareix en un moment determinat despr\u00e9s d\u2019iniciar-se la vida sexual de l\u2019individu.<\/p>\n\n\n\n<p>Sovint, els adolescents experimenten episodis d\u2019ejaculaci\u00f3 preco\u00e7 durant les seves primeres relacions sexuals, per\u00f2 amb el temps aprenen a millorar el control ejaculatori.<\/p>\n\n\n\n<h2 class=\"wp-block-heading\"><strong><em>Causes<\/em><\/strong><\/h2>\n\n\n\n<p>Les causes de l\u2019<strong>ejaculaci\u00f3 preco\u00e7<\/strong>&nbsp;s\u00f3n d\u2019origen variat i han evolucionat amb el temps, tanmateix actualment es pot afirmar que un 90% dels casos d\u2019<strong>ejaculaci\u00f3 preco\u00e7<\/strong>&nbsp;responen a factors psicol\u00f2gics o ambientals; mentre que el 10% restant t\u00e9 el seu origen en desordres anat\u00f2mics o fisiol\u00f2gics.<\/p>\n\n\n\n<p>En una relaci\u00f3 sexual normal, l\u2019excitaci\u00f3 en l\u2019home augmenta progresivament fins a l\u2019anomenada fase &nbsp;\u201c<strong>meseta<\/strong>\u201c, gaudint del seu plaer sexual, fins el moment que, de forma volunt\u00e0ria, arriba al cl\u00edmax.<\/p>\n\n\n\n<p><strong>L\u2019ejaculador preco\u00e7 no pot mantenir-se a la fase de \u201cmeseta\u201d, sin\u00f3 que es produeix una excitaci\u00f3 r\u00e0pida i una ejaculaci\u00f3 involunt\u00e0ria i prematura.<\/strong><\/p>\n\n\n\n<p>Una de les causes s\u2019associa amb l\u2019aprenentatge que es d\u00f3na en les&nbsp;<strong>primeres experi\u00e8ncies sexuals<\/strong>, si aquestes s\u2019han produ\u00eft d\u2019una manera&nbsp;<strong>r\u00e0pida i precipitada<\/strong>&nbsp;poden fixar un patr\u00f3 de conducta que pot persistir en les posteriors relacions.<\/p>\n\n\n\n<p>Existeix una relaci\u00f3 directa entre l\u2019<strong>ejaculador preco\u00e7<\/strong>&nbsp;i l\u2019home que demostra signes de depressi\u00f3; els s\u00edmptomes relacionats amb aquesta patologia afecten el cercle afectiu de l\u2019individu generant tristesa, deca\u00efment o canvis d\u2019humor.<\/p>\n\n\n\n<p>Aquesta situaci\u00f3 \u00e9s traslladada autom\u00e0ticament a la vida quotidiana i habitual; modificant el rendiment laboral, les ganes i la voluntat per realitzar activitats sexuals.<\/p>\n\n\n\n<p>Les pors tamb\u00e9 s\u00f3n un factor que poden derivar en algun grau d\u2019<strong>ejaculaci\u00f3 preco\u00e7<\/strong>. Per exemple la por a tenir relacions sexuals condiciona el rendiment de l\u2019home en el sexe. Aquesta \u201crepressi\u00f3 sexual\u201d pot donar-se des dels inicis de l\u2019home en la sexualitat o b\u00e9 desenvolupar-se en edats m\u00e9s madures per falta de comunicaci\u00f3 o relaci\u00f3 insatisfact\u00f2ria amb la parella.<\/p>\n\n\n\n<p>En molts casos, l\u2019ejaculaci\u00f3 preco\u00e7 \u00e9s signe d\u2019una afecci\u00f3 psicol\u00f2gica (ansietat, nerviosisme, etc.) o emocional (culpabilitat, angoixa, etc.) i en pocs casos \u00e9s deguda a un trastorn org\u00e0nic.<\/p>\n\n\n\n<h2 class=\"wp-block-heading\">Causes org\u00e0niques<\/h2>\n\n\n\n<p>L\u2019ejaculaci\u00f3 preco\u00e7 pot ser conseq\u00fc\u00e8ncia de infeccions urogenitals de la uretra posterior i de la pr\u00f2stata<\/p>\n\n\n\n<p>Alteracions de tipus neurol\u00f2gic<\/p>\n\n\n\n<p>Trastorns degeneratius, alteracions vasculars<\/p>\n\n\n\n<p>F\u00e0rmacs antidepressius, antihipertensius, estimulants i antigripals<\/p>\n\n\n\n<p>Desequilibris hormonals<\/p>\n\n\n\n<p>Malalties que alteren els mecanismes reflexos de l\u2019ejaculaci\u00f3<\/p>\n\n\n\n<p>Trastorns psiqui\u00e0trics<\/p>\n\n\n\n<h2 class=\"wp-block-heading\">Factors psicol\u00f2gics i ambientals<\/h2>\n\n\n\n<p>Encara que normalmente se subestima la relaci\u00f3 existent entre el benestar emocional i l\u2019acte sexual satisfactori, l\u2019ejaculaci\u00f3 preco\u00e7 pot ser causada, temporalment, per:<\/p>\n\n\n\n<p>Depressi\u00f3, estr\u00e8s<\/p>\n\n\n\n<p>Repressi\u00f3 sexual, manca generalitzada d\u2019autoconfian\u00e7a<\/p>\n\n\n\n<p>Manca de comunicaci\u00f3 amb la parella<\/p>\n\n\n\n<p>Ferides emocionals<\/p>\n\n\n\n<p>Baixa autoestima<\/p>\n\n\n\n<p>Conflictes de parella no resolts que interfereixen amb l\u2019habilitat d\u2019aconseguir una intimitat emocional<\/p>\n\n\n\n<p>Estat extrem de desig i excitaci\u00f3 sexual.<\/p>\n\n\n\n<p>L\u2019ejaculaci\u00f3 preco\u00e7 no resolta pot generar altres formes de disfunci\u00f3 sexual:&nbsp;<strong>Disfunci\u00f3 er\u00e8ctil, anorg\u00e0smia, etc.<\/strong><\/p>\n\n\n\n<p><strong>Altres consideracions<\/strong><\/p>\n\n\n\n<p>Per \u00faltim podem destacar l\u2019aprenentatge inadequat de l\u2019individu en edats primerenques com la infantesa o l\u2019adolesc\u00e8ncia. \u00c9s possible que els joves s\u2019iniciin en la vida sexual amb uns h\u00e0bits erronis o amb pr\u00e0ctiques inadequades que poden originar ansietat en el co\u00eft.<\/p>\n\n\n\n<p>L\u2019ansietat \u00e9s molt freq\u00fcent en els joves i justament es desenvolupa a partir d\u2019aquestes primeres&nbsp; etapes de m\u00e9s gran expressi\u00f3 de les hormones sexuals. Aquest \u00e9s el cas de la masturbaci\u00f3 precipitada, els missatges antisexuals durant la infantesa i fracasos sexuals entre d\u2019altres.<\/p>\n\n\n\n<h2 class=\"wp-block-heading\">Intervenci\u00f3<\/h2>\n\n\n\n<p>Un cop diagnosticada correctament la disfunci\u00f3 i valorat adequadament el seu possible origen, el tractament estar\u00e0 orientat cap a una intervenci\u00f3 sexol\u00f2gica, urol\u00f2gica o psicol\u00f2gica.<\/p>\n\n\n\n<p>Afortunadament, amb els aven\u00e7os en el camp de la sexologia, avui \u00e9s possible&nbsp;<strong>controlar l\u2019ejaculaci\u00f3 preco\u00e7.<\/strong><\/p>\n\n\n\n<p>Els&nbsp;<strong>tractaments per a l\u2019ejaculaci\u00f3 preco\u00e7<\/strong>&nbsp;es basen en t\u00e8cniques i exercicis que actuen sobre les zones claus que regulen el&nbsp;<strong>reflex ejaculatori:<\/strong><\/p>\n\n\n\n<p><strong>Ter\u00e0pia sexual<\/strong><\/p>\n\n\n\n<p><strong>T\u00e8cniques cognitivo conductuals<\/strong><\/p>\n\n\n\n<p><strong>Ter\u00e0pia de parella<\/strong><\/p>\n","protected":false},"excerpt":{"rendered":"<p>L\u2019Ejaculaci\u00f3 preco\u00e7&nbsp;es produeix en aquells casos en que l\u2019home ejacula avans del que seria desitjat, \u00e9s a dir, que no pot controlar&nbsp;el reflex ejaculatori&nbsp;cosa que li impedeix poder tenir control sobre la seva&nbsp;ejaculaci\u00f3. Aquest problema afecta un 30% de la poblaci\u00f3 masculina, percentatge que pot variar depenen del pais que s\u2019estigui estudiant. La realitat \u00e9s &#8230; <a title=\"Ejaculaci\u00f3 preco\u00e7\" class=\"read-more\" href=\"https:\/\/gadex.es\/ca\/tractaments-psicologics\/sexologia-clinica\/ejaculacio-precoc\/\" aria-label=\"M\u00e9s informaci\u00f3 sobre Ejaculaci\u00f3 preco\u00e7\">Read More<\/a><\/p>\n","protected":false},"author":1,"featured_media":0,"parent":8277,"menu_order":7,"comment_status":"closed","ping_status":"closed","template":"","meta":{"footnotes":""},"class_list":["post-8298","page","type-page","status-publish"],"_links":{"self":[{"href":"https:\/\/gadex.es\/ca\/wp-json\/wp\/v2\/pages\/8298","targetHints":{"allow":["GET"]}}],"collection":[{"href":"https:\/\/gadex.es\/ca\/wp-json\/wp\/v2\/pages"}],"about":[{"href":"https:\/\/gadex.es\/ca\/wp-json\/wp\/v2\/types\/page"}],"author":[{"embeddable":true,"href":"https:\/\/gadex.es\/ca\/wp-json\/wp\/v2\/users\/1"}],"replies":[{"embeddable":true,"href":"https:\/\/gadex.es\/ca\/wp-json\/wp\/v2\/comments?post=8298"}],"version-history":[{"count":1,"href":"https:\/\/gadex.es\/ca\/wp-json\/wp\/v2\/pages\/8298\/revisions"}],"predecessor-version":[{"id":8300,"href":"https:\/\/gadex.es\/ca\/wp-json\/wp\/v2\/pages\/8298\/revisions\/8300"}],"up":[{"embeddable":true,"href":"https:\/\/gadex.es\/ca\/wp-json\/wp\/v2\/pages\/8277"}],"wp:attachment":[{"href":"https:\/\/gadex.es\/ca\/wp-json\/wp\/v2\/media?parent=8298"}],"curies":[{"name":"wp","href":"https:\/\/api.w.org\/{rel}","templated":true}]}}