{"id":8299,"date":"2025-04-04T21:47:59","date_gmt":"2025-04-04T19:47:59","guid":{"rendered":"https:\/\/gadex.es\/?page_id=8299"},"modified":"2025-05-01T18:09:27","modified_gmt":"2025-05-01T16:09:27","slug":"disfuncio-erectil","status":"publish","type":"page","link":"https:\/\/gadex.es\/ca\/tractaments-psicologics\/sexologia-clinica\/disfuncio-erectil\/","title":{"rendered":"Disfunci\u00f3 er\u00e8ctil"},"content":{"rendered":"\n<h2 class=\"wp-block-heading\">Tractament de la disfunci\u00f3 er\u00e8ctil<\/h2>\n\n\n\n<h2 class=\"wp-block-heading\">(trastorn de l\u2019erecci\u00f3 en l\u2019home)<\/h2>\n\n\n\n<p>La disfunci\u00f3 er\u00e8ctil, \u00e9s la&nbsp;<strong>dificultat o imposibilitat d\u2019assolir o mantenir una erecci\u00f3 prou consistent per mantenir una relaci\u00f3 sexual.<\/strong><\/p>\n\n\n\n<p>En molts casos, la dificultat per a assolir l\u2019erecci\u00f3 no est\u00e0 relacionada amb l\u2019excitaci\u00f3 de l\u2019home, ni amb el nivell d\u2019atractiu f\u00edsic que t\u00e9 la parella per a ell. \u00c9s a dir, tot i que l\u2019home pot estar excitat i desitjar portar a terme el co\u00eft, el seu penis no aconsegueix una erecci\u00f3.<\/p>\n\n\n\n<p>Tanmateix, cal tenir en compte que la disfunci\u00f3 er\u00e8ctil&nbsp;<strong>pot apar\u00e8ixer a qualsevol edat<\/strong>, en adolescents o joves que s\u2019inicien en el m\u00f3n de la sexualitat, en homes que es troben al cim del seu vigor sexual, o en aquells d\u2019edat m\u00e9s avan\u00e7ada.<\/p>\n\n\n\n<h2 class=\"wp-block-heading\">Tipus de disfunci\u00f3 er\u00e8ctil<\/h2>\n\n\n\n<p>&nbsp;Existeixen diversos tipus de manifestaci\u00f3 de la disfunci\u00f3 er\u00e9ctil.<\/p>\n\n\n\n<p>Segons el context d\u2019aparici\u00f3, distingim:<\/p>\n\n\n\n<p><strong>Disfunci\u00f3 er\u00e8ctil general<\/strong>,&nbsp; quan la dificultat es presenta davant de qualsevol persona, situaci\u00f3 o estimulaci\u00f3, \u00e9s a dir de forma global<\/p>\n\n\n\n<p><strong>disfunci\u00f3 er\u00e8ctil situacional<\/strong>, que t\u00e9 lloc quan l\u2019home nom\u00e9s aconsegueix tenir ereccions amb certes persones o en determinades situacions.<\/p>\n\n\n\n<p>Tanmateix, es diferencia la&nbsp;<strong>disfunci\u00f3 er\u00e8ctil total<\/strong>, de la&nbsp;<strong>parcial<\/strong>; en el primer dels casos, l\u2019home presenta una falta d\u2019erecci\u00f3 completa, i en el segon, es produeix una certa erecci\u00f3, pero que no \u00e9s suficient per poder portar a terme el co\u00eft; existeixen diversos graus d\u2019erecci\u00f3 d\u2019aquest tipus.<\/p>\n\n\n\n<p>Per \u00faltim, distingim la disfunci\u00f3 er\u00e8ctil segons si les seves causes tenen un&nbsp;<strong>origen psicol\u00f2gic<\/strong>&nbsp;o&nbsp;<strong>org\u00e0nic<\/strong>, o si en canvi, \u00e9s deguda a&nbsp;<strong>factors combinats<\/strong>.<\/p>\n\n\n\n<h2 class=\"wp-block-heading\">Epidemiologia<\/h2>\n\n\n\n<p>La disfunci\u00f3 er\u00e8ctil, \u00e9s el&nbsp;<strong>trastorn sexual m\u00e9s freq\u00fcent entre els homes que van a consulta<\/strong>.<\/p>\n\n\n\n<p>Es calcula que aquest trastorn&nbsp;<strong>afecta aproximadament al 7-10% dels homes<\/strong>, i&nbsp;<strong>la seva incid\u00e8ncia augmenta amb l\u2019edat<\/strong>, de manera que els homes que demanen tractament per aquest problema, acostumen a ser m\u00e9s grans que els que pateixen d\u2019altres disfuncions.<\/p>\n\n\n\n<p>No obstant aix\u00f2,&nbsp;<strong>la disfunci\u00f3 er\u00e8ctil no \u00e9s necess\u00e0riament una part inevitable en el proc\u00e9s de l\u2019envelliment<\/strong>, tot i que, \u00e9s possible que, com a resultat del proc\u00e9s d\u2019envelliment els homes necessitin m\u00e9s temps per assolir una nova erecci\u00f3 despr\u00e9s d\u2019un orgasme.<\/p>\n\n\n\n<p>L\u2019edat tamb\u00e9 pot afectar el temps necessari per excitar-se i per a l\u2019erecci\u00f3 i l\u2019ejaculaci\u00f3. Tots aquests canvis s\u00f3n considerats completament normals, i no determinen el final de la sexualitat, sin\u00f3 que certes condicions associades a l\u2019edat (malalties, medicaments\u2019) poden alterar el mecanisme er\u00e8ctil.<\/p>\n\n\n\n<h2 class=\"wp-block-heading\">Causes<\/h2>\n\n\n\n<p>La disfunci\u00f3 er\u00e8ctil, pot ser deguda a una gran varietat de factors, tant f\u00edsics com psicol\u00f2gics.<\/p>\n\n\n\n<p><strong>Causes org\u00e0niques<\/strong><\/p>\n\n\n\n<p>Certs factors org\u00e0nics o f\u00edsics, com les malalties d\u2019<strong>origen vascular,<\/strong>&nbsp;<strong>lesions neurol\u00f2giques<\/strong>&nbsp;(sobretot a la medula espinal),&nbsp;<strong>defici\u00e8ncies hormonals,&nbsp; lesions pr\u00f2piament en el penis o en els testicles<\/strong>, problemes a la&nbsp;<strong>uretra o a la pr\u00f2stata<\/strong>, aix\u00ed com els efectes secundaris de certs medicaments o drogues, poden causar disfunci\u00f3 er\u00e8ctil.<\/p>\n\n\n\n<p>Espec\u00edficament, algunes de les malalties que poden desencadenar una disfunci\u00f3 er\u00e8ctil s\u00f3n:<\/p>\n\n\n\n<p>Esclerosi m\u00faltiple<\/p>\n\n\n\n<p>Malaltia de Parkinson<\/p>\n\n\n\n<p>Certs tumors<\/p>\n\n\n\n<p>Arterioesclerosi (enduriment de les art\u00e8ries)<\/p>\n\n\n\n<p>Hipertensi\u00f3 (pressi\u00f3 arterial elevada)<\/p>\n\n\n\n<p>Cardiopatia isqu\u00e8mica<\/p>\n\n\n\n<p>Malaltia vascular perif\u00e8rica<\/p>\n\n\n\n<p>Insufici\u00e8ncia venosa<\/p>\n\n\n\n<p>Alteracions cavernoses<\/p>\n\n\n\n<p>Defici\u00e8ncies de testosterona<\/p>\n\n\n\n<p>Hipogonadisme<\/p>\n\n\n\n<p>Hiper-Hipotiro\u00efdisme<\/p>\n\n\n\n<p>S\u00edndrome de Cushing<\/p>\n\n\n\n<p>Diabetes mellitas<\/p>\n\n\n\n<p>Hipercolesterol\u00e8mia (exc\u00e9s de colesterol)<\/p>\n\n\n\n<p>Problemes hep\u00e0tics Afeccions del runy\u00f3 Insufici\u00e8ncia renal<\/p>\n\n\n\n<p>Malaltia de Peyronie (curvatura del penis per fibrosi)<\/p>\n\n\n\n<p>Lesions en els \u00f2rgans sexuals.<\/p>\n\n\n\n<p>Problemes a la uretra o amb la pr\u00f2stata (alguns tipus de cirurgia de la pr\u00f2stata o de la bufeta poden lesionar nervis i art\u00e8ries prop del penis, causant disfunci\u00f3 er\u00e8ctil).<\/p>\n\n\n\n<p>Tamb\u00e9 molts f\u00e0rmacs, d\u2019\u00fas relativament freq\u00fcent, poden produir disfunci\u00f3 er\u00e8ctil com a efecte secundari.<\/p>\n\n\n\n<p><strong>Entre aquests destaquem els seg\u00fcents:<\/strong><\/p>\n\n\n\n<p>Antihipertensius<\/p>\n\n\n\n<p>Antidepressius<\/p>\n\n\n\n<p>Tranquilitzants<\/p>\n\n\n\n<p>Hormonals: cortico\u00efdes, estr\u00f2gens<\/p>\n\n\n\n<p>Antihistam\u00ednics<\/p>\n\n\n\n<p>Diur\u00e8tics<\/p>\n\n\n\n<p>Narc\u00f2tics<\/p>\n\n\n\n<p>Anticolin\u00e8rgics<\/p>\n\n\n\n<p>Barbit\u00farics<\/p>\n\n\n\n<p>Antipsic\u00f2tics\u2019 Tanmateix, el consumo o ab\u00fas d\u2019algunes drogues poden afectar la capacitat er\u00e8ctil, com per exemple:<\/p>\n\n\n\n<p><strong>El consum de tabac<\/strong><\/p>\n\n\n\n<p><strong>El consum de alcohol<\/strong><\/p>\n\n\n\n<p><strong>El consum d\u2019altres subst\u00e0ncies como marihuana, hero\u00efna, coca\u00edna\u2026<\/strong><\/p>\n\n\n\n<p>Entre les drogues, cal destacar l\u2019efecte tan negatiu que t\u00e9 sobre la capacitat er\u00e8ctil,&nbsp;<strong>el consum d\u2019alcohol, fins i tot en els homes m\u00e9s sans.<\/strong>&nbsp;Aix\u00ed, fins i tot la ingesti\u00f3 de 2 o 3 copes poden ser suficients per alterar l\u2019erecci\u00f3. Concretament, en els casos d\u2019alcoholisme cr\u00f2nic, la resposta sexual es veu afectada de forma notable tant en els homes com en les dones.<\/p>\n\n\n\n<p>Cal tener present, que els estils de vida que afavoreixen el desenvolupament de malalties vasculars i de malalties card\u00edaques, augmenten el risc de disfunci\u00f3 er\u00e8ctil. Aix\u00ed,&nbsp;<strong>fumar, beure alcohol en exc\u00e9s, tenir sobrep\u00e8s i no realitzar exercici f\u00edsic poden ser causes potencials de disfunci\u00f3 er\u00e8ctil.<\/strong>&nbsp;Tamb\u00e9, l\u2019estr\u00e9s i el consum de drogues en general, s\u00f3n h\u00e0bits de risc per a la disfunci\u00f3.<\/p>\n\n\n\n<h2 class=\"wp-block-heading\">Causes psicol\u00f2giques<\/h2>\n\n\n\n<p>Entre les causes psicol\u00f2giques, destaquem:<\/p>\n\n\n\n<p><strong>L\u2019ansietat i la preocupaci\u00f3 obsessiva per aconseguir un rendiment sexual i una erecci\u00f3 adequada.<\/strong>&nbsp;D\u2019aquesta manera, al no centrar-se en gaudir de la situaci\u00f3, sin\u00f3 estar observant-se &nbsp;constantment (<strong>postura d\u2019espectador<\/strong>) per veure si es \u2018compleix\u2019 amb el que s\u2019espera d\u2019ell com a home, juntament amb l\u2019ansietat que acompanya aquesta situaci\u00f3, poden desencadenar problemes d\u2019erecci\u00f3.<\/p>\n\n\n\n<p><strong>Quan un home centra la seva atenci\u00f3 en obtenir o mantenir una erecci\u00f3n l\u2019\u00fanica cosa que aconsegueix \u00e9s frenar o detenir el proc\u00e9s erectiu<\/strong>. L\u2019estat d\u2019ansietat posa l\u2019organisme en senyal d\u2019alerta, i pot no percebre adequadament els est\u00edmuls sexuals.<\/p>\n\n\n\n<p><strong>Inadequada educaci\u00f3 sexual,<\/strong>&nbsp;que relaciona la sexualitat amb sentiments de culpa, i que converteix les primeres relacions sexuals en situacions carregades d\u2019ansietat, afavorint l\u2019aparici\u00f3 de dificultats d\u2019erecci\u00f3 i per tant un condicionament que progressivament anir\u00e0 adquirint m\u00e9s import\u00e0ncia.<\/p>\n\n\n\n<p>Temor al frac\u00e0s<\/p>\n\n\n\n<p>Pressi\u00f3 de les exig\u00e8ncies sexuals<\/p>\n\n\n\n<p>Incapacitat (per diferents raons, com el sentiment de culpa) o un conflicte d\u2019abandonar-se als seus sentiments er\u00f2tics.<\/p>\n\n\n\n<p>Rebuig de la companya o temor a ser rebutjat per ella<\/p>\n\n\n\n<p>Temor a qualsevol lesi\u00f3 a l\u2019autoestima<\/p>\n\n\n\n<p>Estr\u00e9s, sentir-se estressat, fins i tot estressat pel la feina o per situacions familiars<\/p>\n\n\n\n<p>La depressi\u00f3<\/p>\n\n\n\n<p>La baixa autoestima<\/p>\n\n\n\n<p>Problemes en relaci\u00f3 amb la parella sexual,<\/p>\n\n\n\n<p>Conflictes de relaci\u00f3 de parella<\/p>\n\n\n\n<p>Situacions estressants vitals<\/p>\n\n\n\n<p>Pors. F\u00f2bies<\/p>\n\n\n\n<p>En la majoria de casos que es presenta un problema de&nbsp;<strong>disfunci\u00f3 er\u00e8ctil<\/strong>, se sol presentar una alteraci\u00f3 emocional.<\/p>\n\n\n\n<p>Aquestes alteracions psicol\u00f2giques poden ser:&nbsp;<strong>sentiments de frustraci\u00f3, p\u00e8rdua d\u2019autoestima, por a fracassar en els intents seg\u00fcents, por a comunicar el seu problema, ansietat davant l\u2019acte sexual i en alguns casos p\u00e8rdua de desig sexual i evitaci\u00f3 de la relaci\u00f3 sexual.<\/strong><\/p>\n\n\n\n<p>Tot i que la majoria d\u2019homes que pateixen de disfunci\u00f3 er\u00e8ctil pensa que \u00e9s causada per factors org\u00e0nics, els aspectes psicol\u00f2gics lligats a l\u2019ansietat, la depressi\u00f3 i a la relaci\u00f3 amb l\u2019amant, exerceixen un paper important.<\/p>\n\n\n\n<h2 class=\"wp-block-heading\">Tractament<strong>&nbsp;de la disfunci\u00f3 er\u00e8ctil<\/strong><\/h2>\n\n\n\n<p><strong>Si vost\u00e8 decideix buscar l\u2019ajuda d\u2019un terapeuta, probablement ser\u00e0 m\u00e9s efectiva si la seva parella sexual tamb\u00e9 participa.<\/strong>&nbsp;Les parelles poden aprendre noves formes de complaure\u2019s l\u2019un a l\u2019altre i de demostrar afecte. Aix\u00f2 pot disminuir l\u2019ansietat relacionada amb aconseguir una erecci\u00f3.<\/p>\n\n\n\n<p>El tractament necessari en els casos de disfunci\u00f3 er\u00e8ctil depen del tipus de causa que ha desencadenat l\u2019alteraci\u00f3. Aix\u00ed, despr\u00e9s de realitzar el diagn\u00f2stic i con\u00e8ixer el principal factor causant<strong>, la intervenci\u00f3 ser\u00e0 psicol\u00f2gica, sex\u00f2logica urol\u00f2gica.<\/strong><\/p>\n\n\n\n<p>En tots els casos, es poden aplicar mesures que puguin disminuir certs h\u00e0bits de risc:&nbsp;<strong>deixar de fumar, reduir el consum d\u2019alcohol, establir dietes aliment\u00e0ries per corregir alteracions del metabolisme (perdre pes), augmentar l\u2019activitat f\u00edsica, o cambiar una medicaci\u00f3 que s\u2019est\u00e0 prenent.<\/strong><br>Tot i que, en algunes malalties aquestes medicacions s\u00f3n imprescindibles, generalment poden ser substituidas per d\u2019altres amb menys efectes secundaris sobre l\u2019erecci\u00f3.<\/p>\n\n\n\n<p><strong>Medicaments per via oral: p.ex., Viagra, Levitra, Cialis\u2026<\/strong><\/p>\n\n\n\n<p><strong>Medicaments injectats localment<\/strong><\/p>\n\n\n\n<p><strong>Dispositius de buit<\/strong><\/p>\n\n\n\n<p><strong>Dispositius implantats quir\u00fargicament<\/strong><\/p>\n\n\n\n<h2 class=\"wp-block-heading\">Tractament psicol\u00f2gic<\/h2>\n\n\n\n<p>Els factors psicol\u00f2gics s\u2019haurien d\u2019abordar tant en els pacients la causa dels quals \u00e9s org\u00e0nica, com&nbsp; en aquells en que certs&nbsp;<strong>aspectes psicol\u00f2gics<\/strong>&nbsp;puguin estar mantenint els problemes d\u2019erecci\u00f3.<\/p>\n\n\n\n<p><strong>El tractament psicol\u00f2gic<\/strong>&nbsp;t\u00e9 com a objetiu modificar aquelles actituts que contribueixen a mantenir la disfunci\u00f3.<\/p>\n\n\n\n<p><strong>Modificaci\u00f3 de la conducta<\/strong><\/p>\n\n\n\n<p><strong>Psicoter\u00e0pia<\/strong><\/p>\n\n\n\n<p><strong>Ter\u00e0pia sexual<\/strong><\/p>\n\n\n\n<p><strong>T\u00e8cniques que disminueixen l\u2019ansietat associada amb la relaci\u00f3 sexual<\/strong><\/p>\n\n\n\n<p>La parella del pacient pot ajudar amb les t\u00e8cniques (desenvolupament gradual de la intimitat i estimulaci\u00f3)<\/p>\n\n\n\n<p>Aquestes t\u00e8cniques tamb\u00e9 ajuden en la Disfunci\u00f3 Er\u00e8ctil quan es tracta de causes f\u00edsiques, per alleugerir l\u2019ansietat.<\/p>\n","protected":false},"excerpt":{"rendered":"<p>Tractament de la disfunci\u00f3 er\u00e8ctil (trastorn de l\u2019erecci\u00f3 en l\u2019home) La disfunci\u00f3 er\u00e8ctil, \u00e9s la&nbsp;dificultat o imposibilitat d\u2019assolir o mantenir una erecci\u00f3 prou consistent per mantenir una relaci\u00f3 sexual. En molts casos, la dificultat per a assolir l\u2019erecci\u00f3 no est\u00e0 relacionada amb l\u2019excitaci\u00f3 de l\u2019home, ni amb el nivell d\u2019atractiu f\u00edsic que t\u00e9 la parella &#8230; <a title=\"Disfunci\u00f3 er\u00e8ctil\" class=\"read-more\" href=\"https:\/\/gadex.es\/ca\/tractaments-psicologics\/sexologia-clinica\/disfuncio-erectil\/\" aria-label=\"M\u00e9s informaci\u00f3 sobre Disfunci\u00f3 er\u00e8ctil\">Read More<\/a><\/p>\n","protected":false},"author":1,"featured_media":0,"parent":8277,"menu_order":9,"comment_status":"closed","ping_status":"closed","template":"","meta":{"footnotes":""},"class_list":["post-8299","page","type-page","status-publish"],"_links":{"self":[{"href":"https:\/\/gadex.es\/ca\/wp-json\/wp\/v2\/pages\/8299","targetHints":{"allow":["GET"]}}],"collection":[{"href":"https:\/\/gadex.es\/ca\/wp-json\/wp\/v2\/pages"}],"about":[{"href":"https:\/\/gadex.es\/ca\/wp-json\/wp\/v2\/types\/page"}],"author":[{"embeddable":true,"href":"https:\/\/gadex.es\/ca\/wp-json\/wp\/v2\/users\/1"}],"replies":[{"embeddable":true,"href":"https:\/\/gadex.es\/ca\/wp-json\/wp\/v2\/comments?post=8299"}],"version-history":[{"count":1,"href":"https:\/\/gadex.es\/ca\/wp-json\/wp\/v2\/pages\/8299\/revisions"}],"predecessor-version":[{"id":8301,"href":"https:\/\/gadex.es\/ca\/wp-json\/wp\/v2\/pages\/8299\/revisions\/8301"}],"up":[{"embeddable":true,"href":"https:\/\/gadex.es\/ca\/wp-json\/wp\/v2\/pages\/8277"}],"wp:attachment":[{"href":"https:\/\/gadex.es\/ca\/wp-json\/wp\/v2\/media?parent=8299"}],"curies":[{"name":"wp","href":"https:\/\/api.w.org\/{rel}","templated":true}]}}