{"id":8308,"date":"2025-04-03T11:22:08","date_gmt":"2025-04-03T09:22:08","guid":{"rendered":"https:\/\/gadex.es\/?page_id=8308"},"modified":"2025-05-01T18:25:05","modified_gmt":"2025-05-01T16:25:05","slug":"logopedia","status":"publish","type":"page","link":"https:\/\/gadex.es\/ca\/logopedia\/","title":{"rendered":"Logop\u00e8dia"},"content":{"rendered":"\n<p>La logop\u00e8dia tracta els d\u00e8ficits del llenguatge i del retard en la parla.<\/p>\n\n\n\n<p>Retards de parla i\/o llenguatge.<\/p>\n\n\n\n<p>Disl\u00e0lies.<\/p>\n\n\n\n<p>Trastorns de la veu.<\/p>\n\n\n\n<p>Disf\u00e8mia, tartamudesa o quequesa.<\/p>\n\n\n\n<p>Dificultats de lectura i d\u2019escriptura.<\/p>\n\n\n\n<p>Degluci\u00f3 disfuncional.<\/p>\n\n\n\n<p>Alteracions lleus de la parla: problemes de pronunciaci\u00f3, substituci\u00f3 de sons, etc.<\/p>\n","protected":false},"excerpt":{"rendered":"<p>La logop\u00e8dia tracta els d\u00e8ficits del llenguatge i del retard en la parla. Retards de parla i\/o llenguatge. Disl\u00e0lies. Trastorns de la veu. Disf\u00e8mia, tartamudesa o quequesa. Dificultats de lectura i d\u2019escriptura. Degluci\u00f3 disfuncional. Alteracions lleus de la parla: problemes de pronunciaci\u00f3, substituci\u00f3 de sons, etc.<\/p>\n","protected":false},"author":1,"featured_media":0,"parent":0,"menu_order":7,"comment_status":"closed","ping_status":"closed","template":"","meta":{"footnotes":""},"class_list":["post-8308","page","type-page","status-publish"],"_links":{"self":[{"href":"https:\/\/gadex.es\/ca\/wp-json\/wp\/v2\/pages\/8308","targetHints":{"allow":["GET"]}}],"collection":[{"href":"https:\/\/gadex.es\/ca\/wp-json\/wp\/v2\/pages"}],"about":[{"href":"https:\/\/gadex.es\/ca\/wp-json\/wp\/v2\/types\/page"}],"author":[{"embeddable":true,"href":"https:\/\/gadex.es\/ca\/wp-json\/wp\/v2\/users\/1"}],"replies":[{"embeddable":true,"href":"https:\/\/gadex.es\/ca\/wp-json\/wp\/v2\/comments?post=8308"}],"version-history":[{"count":1,"href":"https:\/\/gadex.es\/ca\/wp-json\/wp\/v2\/pages\/8308\/revisions"}],"predecessor-version":[{"id":8311,"href":"https:\/\/gadex.es\/ca\/wp-json\/wp\/v2\/pages\/8308\/revisions\/8311"}],"wp:attachment":[{"href":"https:\/\/gadex.es\/ca\/wp-json\/wp\/v2\/media?parent=8308"}],"curies":[{"name":"wp","href":"https:\/\/api.w.org\/{rel}","templated":true}]}}