{"id":8310,"date":"2025-04-03T11:52:58","date_gmt":"2025-04-03T09:52:58","guid":{"rendered":"https:\/\/gadex.es\/?page_id=8310"},"modified":"2025-08-23T13:35:44","modified_gmt":"2025-08-23T11:35:44","slug":"neuropsicologia","status":"publish","type":"page","link":"https:\/\/gadex.es\/ca\/neuropsicologia\/","title":{"rendered":"Neuropsicologia"},"content":{"rendered":"\n<p>La Neuropsicologia , mitjan\u00e7ant la valoraci\u00f3 de les capacitats cognitives, permet realitzar un correcte diagn\u00f2stic diferencial dels trastorns espec\u00edfics de l\u2019aprenentatge per orientar els pares sobre el millor tractament possible.<\/p>\n\n\n\n<p>Els trastorns espec\u00edfics de l\u2019aprenentatge s\u00f3n unes de les causes m\u00e9s freq\u00fcents de frac\u00e0s escolar.<\/p>\n\n\n\n<p>Exploraci\u00f3 neuropsicol\u00f2gica de les funcions cognitives superiors.<\/p>\n\n\n\n<p><strong>Trastorn per d\u00e8ficit d\u2019atenci\u00f3 amb o sense hiperactivitat.<\/strong><\/p>\n\n\n\n<p><strong>Discalculia.<\/strong><\/p>\n\n\n\n<p><strong>Trastorn espec\u00edfic del llenguatge.<\/strong><\/p>\n\n\n\n<p><strong>Trastorn de l\u2019aprenentatge no verbal.<\/strong><\/p>\n\n\n\n<p><strong>Disl\u00e8xia.<\/strong>&nbsp;<strong>Disgrafia \/ Disortografia.<\/strong><\/p>\n\n\n\n<h2 class=\"wp-block-heading\"><strong>Neuropsicologia d\u2019adults<\/strong><\/h2>\n\n\n\n<p>La Neuropsicologia, en el m\u00f3n dels adults, t\u00e9 com a objectiu identificar els d\u00e8ficits cognitius de persones afectades per malalties del sistema nervi\u00f3s central, per tal de poder crear un tractament d\u2019estimulaci\u00f3 cognitiva que s\u2019ajusti a les necessitats del pacient.<\/p>\n\n\n\n<p><strong>Deteriorament cognitiu lleu associat a malalties neurol\u00f2giques.<\/strong><\/p>\n\n\n\n<p><strong>Demencies v.s. Envelliment normal.<\/strong><\/p>\n\n\n\n<p><strong>Seq\u00fcel\u00b7les de traumatismes cranio-encef\u00e0lics.<\/strong><\/p>\n","protected":false},"excerpt":{"rendered":"<p>La Neuropsicologia , mitjan\u00e7ant la valoraci\u00f3 de les capacitats cognitives, permet realitzar un correcte diagn\u00f2stic diferencial dels trastorns espec\u00edfics de l\u2019aprenentatge per orientar els pares sobre el millor tractament possible. Els trastorns espec\u00edfics de l\u2019aprenentatge s\u00f3n unes de les causes m\u00e9s freq\u00fcents de frac\u00e0s escolar. Exploraci\u00f3 neuropsicol\u00f2gica de les funcions cognitives superiors. Trastorn per d\u00e8ficit &#8230; <a title=\"Neuropsicologia\" class=\"read-more\" href=\"https:\/\/gadex.es\/ca\/neuropsicologia\/\" aria-label=\"M\u00e9s informaci\u00f3 sobre Neuropsicologia\">Read More<\/a><\/p>\n","protected":false},"author":1,"featured_media":0,"parent":0,"menu_order":11,"comment_status":"closed","ping_status":"closed","template":"","meta":{"footnotes":""},"class_list":["post-8310","page","type-page","status-publish"],"_links":{"self":[{"href":"https:\/\/gadex.es\/ca\/wp-json\/wp\/v2\/pages\/8310","targetHints":{"allow":["GET"]}}],"collection":[{"href":"https:\/\/gadex.es\/ca\/wp-json\/wp\/v2\/pages"}],"about":[{"href":"https:\/\/gadex.es\/ca\/wp-json\/wp\/v2\/types\/page"}],"author":[{"embeddable":true,"href":"https:\/\/gadex.es\/ca\/wp-json\/wp\/v2\/users\/1"}],"replies":[{"embeddable":true,"href":"https:\/\/gadex.es\/ca\/wp-json\/wp\/v2\/comments?post=8310"}],"version-history":[{"count":1,"href":"https:\/\/gadex.es\/ca\/wp-json\/wp\/v2\/pages\/8310\/revisions"}],"predecessor-version":[{"id":8313,"href":"https:\/\/gadex.es\/ca\/wp-json\/wp\/v2\/pages\/8310\/revisions\/8313"}],"wp:attachment":[{"href":"https:\/\/gadex.es\/ca\/wp-json\/wp\/v2\/media?parent=8310"}],"curies":[{"name":"wp","href":"https:\/\/api.w.org\/{rel}","templated":true}]}}